{"id":992,"date":"2024-01-09T15:34:32","date_gmt":"2024-01-09T13:34:32","guid":{"rendered":"https:\/\/suomenlinnatours.com\/opastukset\/"},"modified":"2026-02-23T11:38:17","modified_gmt":"2026-02-23T09:38:17","slug":"guidade-rundvandringar-pa-sveaborg","status":"publish","type":"page","link":"https:\/\/suomenlinnatours.com\/sv\/guidade-rundvandringar-pa-sveaborg\/","title":{"rendered":"Guidade rundvandringar p\u00e5 Sveaborg"},"content":{"rendered":"\n<p>V\u00e4lkommen att bekanta dig med Sveaborg p\u00e5 v\u00e5ra unika guidade turer! F\u00e4stningens ber\u00e4ttelser, dess mest hemliga h\u00f6rn och v\u00e4rldsarvsobjektets nutid \u00f6ppnas upp med hj\u00e4lp av en professionell guide. F\u00f6r allm\u00e4nna guidade turer kan du boka biljetter fr\u00e5n det tillg\u00e4ngliga utbudet nedan. <\/p>\n\n\n\n<p>F\u00f6r gruppvisningar kan du bekanta dig med alternativen fr\u00e5n den h\u00e4r <a href=\"https:\/\/suomenlinnatours.com\/sv\/suomenlinna-ryhmille\/guidade-turer-for-grupper\/\">linken<\/a>.<\/p>\n","protected":false},"excerpt":{"rendered":"<p>V\u00e4lkommen att bekanta dig med Sveaborg p\u00e5 v\u00e5ra unika guidade turer! F\u00e4stningens ber\u00e4ttelser, dess mest hemliga h\u00f6rn och v\u00e4rldsarvsobjektets nutid \u00f6ppnas upp med hj\u00e4lp av en professionell guide. F\u00f6r allm\u00e4nna&hellip;<\/p>\n","protected":false},"author":1,"featured_media":0,"parent":0,"menu_order":23,"comment_status":"closed","ping_status":"closed","template":"page-products.php","meta":{"_acf_changed":false,"footnotes":""},"acf":[],"yoast_head":"<!-- This site is optimized with the Yoast SEO plugin v22.6 - https:\/\/yoast.com\/wordpress\/plugins\/seo\/ -->\n<title>Guidade rundvandringar p\u00e5 Sveaborg - Suomenlinna Tours<\/title>\n<meta name=\"description\" content=\"Guidade rundvandringar p\u00e5 Sveaborg. F\u00e4stningens ber\u00e4ttelser och v\u00e4rldsarvsobjektets nutid \u00f6ppnas upp med hj\u00e4lp av en professionell guide.\" \/>\n<meta name=\"robots\" content=\"index, follow, max-snippet:-1, max-image-preview:large, max-video-preview:-1\" \/>\n<link rel=\"canonical\" href=\"https:\/\/suomenlinnatours.com\/sv\/guidade-rundvandringar-pa-sveaborg\/\" \/>\n<meta property=\"og:locale\" content=\"sv_SE\" \/>\n<meta property=\"og:type\" content=\"article\" \/>\n<meta property=\"og:title\" content=\"Guidade rundvandringar p\u00e5 Sveaborg.\" \/>\n<meta property=\"og:description\" content=\"Guidade rundvandringar p\u00e5 Sveaborg. F\u00e4stningens ber\u00e4ttelser och v\u00e4rldsarvsobjektets nutid \u00f6ppnas upp med hj\u00e4lp av en professionell guide.\" \/>\n<meta property=\"og:url\" content=\"https:\/\/suomenlinnatours.com\/sv\/guidade-rundvandringar-pa-sveaborg\/\" \/>\n<meta property=\"og:site_name\" content=\"Suomenlinna Tours\" \/>\n<meta property=\"article:publisher\" content=\"https:\/\/www.facebook.com\/ehrensvardseura\" \/>\n<meta property=\"article:modified_time\" content=\"2026-02-23T09:38:17+00:00\" \/>\n<meta property=\"og:image\" content=\"https:\/\/suomenlinnatours.com\/wp-content\/uploads\/2024\/02\/Suomenlinna-Unesco-kohde.jpg\" \/>\n\t<meta property=\"og:image:width\" content=\"1920\" \/>\n\t<meta property=\"og:image:height\" content=\"1080\" \/>\n\t<meta property=\"og:image:type\" content=\"image\/jpeg\" \/>\n<meta name=\"twitter:card\" content=\"summary_large_image\" \/>\n<meta name=\"twitter:label1\" content=\"Ber\u00e4knad l\u00e4stid\" \/>\n\t<meta name=\"twitter:data1\" content=\"1 minut\" \/>\n<script type=\"application\/ld+json\" class=\"yoast-schema-graph\">{\"@context\":\"https:\/\/schema.org\",\"@graph\":[{\"@type\":\"WebPage\",\"@id\":\"https:\/\/suomenlinnatours.com\/sv\/guidade-rundvandringar-pa-sveaborg\/\",\"url\":\"https:\/\/suomenlinnatours.com\/sv\/guidade-rundvandringar-pa-sveaborg\/\",\"name\":\"Guidade rundvandringar p\u00e5 Sveaborg - Suomenlinna Tours\",\"isPartOf\":{\"@id\":\"https:\/\/suomenlinnatours.com\/sv\/#website\"},\"datePublished\":\"2024-01-09T13:34:32+00:00\",\"dateModified\":\"2026-02-23T09:38:17+00:00\",\"description\":\"Guidade rundvandringar p\u00e5 Sveaborg. F\u00e4stningens ber\u00e4ttelser och v\u00e4rldsarvsobjektets nutid \u00f6ppnas upp med hj\u00e4lp av en professionell guide.\",\"breadcrumb\":{\"@id\":\"https:\/\/suomenlinnatours.com\/sv\/guidade-rundvandringar-pa-sveaborg\/#breadcrumb\"},\"inLanguage\":\"sv-SE\",\"potentialAction\":[{\"@type\":\"ReadAction\",\"target\":[\"https:\/\/suomenlinnatours.com\/sv\/guidade-rundvandringar-pa-sveaborg\/\"]}]},{\"@type\":\"BreadcrumbList\",\"@id\":\"https:\/\/suomenlinnatours.com\/sv\/guidade-rundvandringar-pa-sveaborg\/#breadcrumb\",\"itemListElement\":[{\"@type\":\"ListItem\",\"position\":1,\"name\":\"Etusivu\",\"item\":\"https:\/\/suomenlinnatours.com\/sv\/\"},{\"@type\":\"ListItem\",\"position\":2,\"name\":\"Guidade rundvandringar p\u00e5 Sveaborg\"}]},{\"@type\":\"WebSite\",\"@id\":\"https:\/\/suomenlinnatours.com\/sv\/#website\",\"url\":\"https:\/\/suomenlinnatours.com\/sv\/\",\"name\":\"Suomenlinna Tours\",\"description\":\"\",\"potentialAction\":[{\"@type\":\"SearchAction\",\"target\":{\"@type\":\"EntryPoint\",\"urlTemplate\":\"https:\/\/suomenlinnatours.com\/sv\/?s={search_term_string}\"},\"query-input\":\"required name=search_term_string\"}],\"inLanguage\":\"sv-SE\"}]}<\/script>\n<!-- \/ Yoast SEO plugin. -->","yoast_head_json":{"title":"Guidade rundvandringar p\u00e5 Sveaborg - Suomenlinna Tours","description":"Guidade rundvandringar p\u00e5 Sveaborg. F\u00e4stningens ber\u00e4ttelser och v\u00e4rldsarvsobjektets nutid \u00f6ppnas upp med hj\u00e4lp av en professionell guide.","robots":{"index":"index","follow":"follow","max-snippet":"max-snippet:-1","max-image-preview":"max-image-preview:large","max-video-preview":"max-video-preview:-1"},"canonical":"https:\/\/suomenlinnatours.com\/sv\/guidade-rundvandringar-pa-sveaborg\/","og_locale":"sv_SE","og_type":"article","og_title":"Guidade rundvandringar p\u00e5 Sveaborg.","og_description":"Guidade rundvandringar p\u00e5 Sveaborg. F\u00e4stningens ber\u00e4ttelser och v\u00e4rldsarvsobjektets nutid \u00f6ppnas upp med hj\u00e4lp av en professionell guide.","og_url":"https:\/\/suomenlinnatours.com\/sv\/guidade-rundvandringar-pa-sveaborg\/","og_site_name":"Suomenlinna Tours","article_publisher":"https:\/\/www.facebook.com\/ehrensvardseura","article_modified_time":"2026-02-23T09:38:17+00:00","og_image":[{"width":1920,"height":1080,"url":"https:\/\/suomenlinnatours.com\/wp-content\/uploads\/2024\/02\/Suomenlinna-Unesco-kohde.jpg","type":"image\/jpeg"}],"twitter_card":"summary_large_image","twitter_misc":{"Ber\u00e4knad l\u00e4stid":"1 minut"},"schema":{"@context":"https:\/\/schema.org","@graph":[{"@type":"WebPage","@id":"https:\/\/suomenlinnatours.com\/sv\/guidade-rundvandringar-pa-sveaborg\/","url":"https:\/\/suomenlinnatours.com\/sv\/guidade-rundvandringar-pa-sveaborg\/","name":"Guidade rundvandringar p\u00e5 Sveaborg - Suomenlinna Tours","isPartOf":{"@id":"https:\/\/suomenlinnatours.com\/sv\/#website"},"datePublished":"2024-01-09T13:34:32+00:00","dateModified":"2026-02-23T09:38:17+00:00","description":"Guidade rundvandringar p\u00e5 Sveaborg. F\u00e4stningens ber\u00e4ttelser och v\u00e4rldsarvsobjektets nutid \u00f6ppnas upp med hj\u00e4lp av en professionell guide.","breadcrumb":{"@id":"https:\/\/suomenlinnatours.com\/sv\/guidade-rundvandringar-pa-sveaborg\/#breadcrumb"},"inLanguage":"sv-SE","potentialAction":[{"@type":"ReadAction","target":["https:\/\/suomenlinnatours.com\/sv\/guidade-rundvandringar-pa-sveaborg\/"]}]},{"@type":"BreadcrumbList","@id":"https:\/\/suomenlinnatours.com\/sv\/guidade-rundvandringar-pa-sveaborg\/#breadcrumb","itemListElement":[{"@type":"ListItem","position":1,"name":"Etusivu","item":"https:\/\/suomenlinnatours.com\/sv\/"},{"@type":"ListItem","position":2,"name":"Guidade rundvandringar p\u00e5 Sveaborg"}]},{"@type":"WebSite","@id":"https:\/\/suomenlinnatours.com\/sv\/#website","url":"https:\/\/suomenlinnatours.com\/sv\/","name":"Suomenlinna Tours","description":"","potentialAction":[{"@type":"SearchAction","target":{"@type":"EntryPoint","urlTemplate":"https:\/\/suomenlinnatours.com\/sv\/?s={search_term_string}"},"query-input":"required name=search_term_string"}],"inLanguage":"sv-SE"}]}},"_links":{"self":[{"href":"https:\/\/suomenlinnatours.com\/sv\/wp-json\/wp\/v2\/pages\/992"}],"collection":[{"href":"https:\/\/suomenlinnatours.com\/sv\/wp-json\/wp\/v2\/pages"}],"about":[{"href":"https:\/\/suomenlinnatours.com\/sv\/wp-json\/wp\/v2\/types\/page"}],"author":[{"embeddable":true,"href":"https:\/\/suomenlinnatours.com\/sv\/wp-json\/wp\/v2\/users\/1"}],"replies":[{"embeddable":true,"href":"https:\/\/suomenlinnatours.com\/sv\/wp-json\/wp\/v2\/comments?post=992"}],"version-history":[{"count":10,"href":"https:\/\/suomenlinnatours.com\/sv\/wp-json\/wp\/v2\/pages\/992\/revisions"}],"predecessor-version":[{"id":2989,"href":"https:\/\/suomenlinnatours.com\/sv\/wp-json\/wp\/v2\/pages\/992\/revisions\/2989"}],"wp:attachment":[{"href":"https:\/\/suomenlinnatours.com\/sv\/wp-json\/wp\/v2\/media?parent=992"}],"curies":[{"name":"wp","href":"https:\/\/api.w.org\/{rel}","templated":true}]}}