{"id":947,"date":"2024-01-04T09:50:07","date_gmt":"2024-01-04T07:50:07","guid":{"rendered":"https:\/\/suomenlinnatours.com\/etusivu\/"},"modified":"2026-03-23T11:24:17","modified_gmt":"2026-03-23T09:24:17","slug":"etusivu","status":"publish","type":"page","link":"https:\/\/suomenlinnatours.com\/sv\/","title":{"rendered":"F\u00f6rstasidan"},"content":{"rendered":"","protected":false},"excerpt":{"rendered":"","protected":false},"author":1,"featured_media":1023,"parent":0,"menu_order":18,"comment_status":"closed","ping_status":"open","template":"","meta":{"_acf_changed":false,"footnotes":""},"class_list":["post-947","page","type-page","status-publish","has-post-thumbnail","hentry"],"acf":[],"yoast_head":"<!-- This site is optimized with the Yoast SEO plugin v27.5 - https:\/\/yoast.com\/product\/yoast-seo-wordpress\/ -->\n<title>F\u00f6rstasidan - Suomenlinna Tours<\/title>\n<meta name=\"description\" content=\"V\u00e4lkommen till Sveaborg, utanf\u00f6r Helsingfors, f\u00f6r att tillbringa en of\u00f6rgl\u00f6mlig dag och bekanta dig med f\u00e4stningens l\u00e5nga historia.\" \/>\n<meta name=\"robots\" content=\"index, follow, max-snippet:-1, max-image-preview:large, max-video-preview:-1\" \/>\n<link rel=\"canonical\" href=\"https:\/\/suomenlinnatours.com\/sv\/\" \/>\n<meta property=\"og:locale\" content=\"sv_SE\" \/>\n<meta property=\"og:type\" content=\"article\" \/>\n<meta property=\"og:title\" content=\"V\u00e4lkommen till Sveaborg\" \/>\n<meta property=\"og:description\" content=\"V\u00e4lkommen till Sveabrog utanf\u00f6r Helsingfors kust f\u00f6r att tillbringa en of\u00f6rgl\u00f6mlig dag och l\u00e4ra dig mer om f\u00e4stningens l\u00e5nga historia.\" \/>\n<meta property=\"og:url\" content=\"https:\/\/suomenlinnatours.com\/sv\/\" \/>\n<meta property=\"og:site_name\" content=\"Suomenlinna Tours\" \/>\n<meta property=\"article:publisher\" content=\"https:\/\/www.facebook.com\/ehrensvardseura\" \/>\n<meta property=\"article:modified_time\" content=\"2026-03-23T09:24:17+00:00\" \/>\n<meta property=\"og:image\" content=\"https:\/\/suomenlinnatours.com\/wp-content\/uploads\/2024\/02\/kustaanmiekka-rajattu.jpg\" \/>\n\t<meta property=\"og:image:width\" content=\"1614\" \/>\n\t<meta property=\"og:image:height\" content=\"1080\" \/>\n\t<meta property=\"og:image:type\" content=\"image\/jpeg\" \/>\n<meta name=\"twitter:card\" content=\"summary_large_image\" \/>\n<meta name=\"twitter:label1\" content=\"Ber\u00e4knad l\u00e4stid\" \/>\n\t<meta name=\"twitter:data1\" content=\"4 minuter\" \/>\n<script type=\"application\/ld+json\" class=\"yoast-schema-graph\">{\"@context\":\"https:\\\/\\\/schema.org\",\"@graph\":[{\"@type\":\"WebPage\",\"@id\":\"https:\\\/\\\/suomenlinnatours.com\\\/sv\\\/\",\"url\":\"https:\\\/\\\/suomenlinnatours.com\\\/sv\\\/\",\"name\":\"F\u00f6rstasidan - Suomenlinna Tours\",\"isPartOf\":{\"@id\":\"https:\\\/\\\/suomenlinnatours.com\\\/sv\\\/#website\"},\"primaryImageOfPage\":{\"@id\":\"https:\\\/\\\/suomenlinnatours.com\\\/sv\\\/#primaryimage\"},\"image\":{\"@id\":\"https:\\\/\\\/suomenlinnatours.com\\\/sv\\\/#primaryimage\"},\"thumbnailUrl\":\"https:\\\/\\\/suomenlinnatours.com\\\/wp-content\\\/uploads\\\/2024\\\/02\\\/kustaanmiekka-rajattu.jpg\",\"datePublished\":\"2024-01-04T07:50:07+00:00\",\"dateModified\":\"2026-03-23T09:24:17+00:00\",\"description\":\"V\u00e4lkommen till Sveaborg, utanf\u00f6r Helsingfors, f\u00f6r att tillbringa en of\u00f6rgl\u00f6mlig dag och bekanta dig med f\u00e4stningens l\u00e5nga historia.\",\"breadcrumb\":{\"@id\":\"https:\\\/\\\/suomenlinnatours.com\\\/sv\\\/#breadcrumb\"},\"inLanguage\":\"sv-SE\",\"potentialAction\":[{\"@type\":\"ReadAction\",\"target\":[\"https:\\\/\\\/suomenlinnatours.com\\\/sv\\\/\"]}]},{\"@type\":\"ImageObject\",\"inLanguage\":\"sv-SE\",\"@id\":\"https:\\\/\\\/suomenlinnatours.com\\\/sv\\\/#primaryimage\",\"url\":\"https:\\\/\\\/suomenlinnatours.com\\\/wp-content\\\/uploads\\\/2024\\\/02\\\/kustaanmiekka-rajattu.jpg\",\"contentUrl\":\"https:\\\/\\\/suomenlinnatours.com\\\/wp-content\\\/uploads\\\/2024\\\/02\\\/kustaanmiekka-rajattu.jpg\",\"width\":1614,\"height\":1080,\"caption\":\"Merelt\u00e4 kuvattu aurinkoinen ja vehre\u00e4 Kustaanmiekka -saaren k\u00e4rki, jossa bastionilinnoituksen muoto. Yl\u00e4laidassa cumuluspilvi\u00e4 Helsingin yll\u00e4.\"},{\"@type\":\"BreadcrumbList\",\"@id\":\"https:\\\/\\\/suomenlinnatours.com\\\/sv\\\/#breadcrumb\",\"itemListElement\":[{\"@type\":\"ListItem\",\"position\":1,\"name\":\"Etusivu\",\"item\":\"https:\\\/\\\/suomenlinnatours.com\\\/sv\\\/\"},{\"@type\":\"ListItem\",\"position\":2,\"name\":\"F\u00f6rstasidan\"}]},{\"@type\":\"WebSite\",\"@id\":\"https:\\\/\\\/suomenlinnatours.com\\\/sv\\\/#website\",\"url\":\"https:\\\/\\\/suomenlinnatours.com\\\/sv\\\/\",\"name\":\"Suomenlinna Tours\",\"description\":\"\",\"potentialAction\":[{\"@type\":\"SearchAction\",\"target\":{\"@type\":\"EntryPoint\",\"urlTemplate\":\"https:\\\/\\\/suomenlinnatours.com\\\/sv\\\/?s={search_term_string}\"},\"query-input\":{\"@type\":\"PropertyValueSpecification\",\"valueRequired\":true,\"valueName\":\"search_term_string\"}}],\"inLanguage\":\"sv-SE\"}]}<\/script>\n<!-- \/ Yoast SEO plugin. -->","yoast_head_json":{"title":"F\u00f6rstasidan - Suomenlinna Tours","description":"V\u00e4lkommen till Sveaborg, utanf\u00f6r Helsingfors, f\u00f6r att tillbringa en of\u00f6rgl\u00f6mlig dag och bekanta dig med f\u00e4stningens l\u00e5nga historia.","robots":{"index":"index","follow":"follow","max-snippet":"max-snippet:-1","max-image-preview":"max-image-preview:large","max-video-preview":"max-video-preview:-1"},"canonical":"https:\/\/suomenlinnatours.com\/sv\/","og_locale":"sv_SE","og_type":"article","og_title":"V\u00e4lkommen till Sveaborg","og_description":"V\u00e4lkommen till Sveabrog utanf\u00f6r Helsingfors kust f\u00f6r att tillbringa en of\u00f6rgl\u00f6mlig dag och l\u00e4ra dig mer om f\u00e4stningens l\u00e5nga historia.","og_url":"https:\/\/suomenlinnatours.com\/sv\/","og_site_name":"Suomenlinna Tours","article_publisher":"https:\/\/www.facebook.com\/ehrensvardseura","article_modified_time":"2026-03-23T09:24:17+00:00","og_image":[{"width":1614,"height":1080,"url":"https:\/\/suomenlinnatours.com\/wp-content\/uploads\/2024\/02\/kustaanmiekka-rajattu.jpg","type":"image\/jpeg"}],"twitter_card":"summary_large_image","twitter_misc":{"Ber\u00e4knad l\u00e4stid":"4 minuter"},"schema":{"@context":"https:\/\/schema.org","@graph":[{"@type":"WebPage","@id":"https:\/\/suomenlinnatours.com\/sv\/","url":"https:\/\/suomenlinnatours.com\/sv\/","name":"F\u00f6rstasidan - Suomenlinna Tours","isPartOf":{"@id":"https:\/\/suomenlinnatours.com\/sv\/#website"},"primaryImageOfPage":{"@id":"https:\/\/suomenlinnatours.com\/sv\/#primaryimage"},"image":{"@id":"https:\/\/suomenlinnatours.com\/sv\/#primaryimage"},"thumbnailUrl":"https:\/\/suomenlinnatours.com\/wp-content\/uploads\/2024\/02\/kustaanmiekka-rajattu.jpg","datePublished":"2024-01-04T07:50:07+00:00","dateModified":"2026-03-23T09:24:17+00:00","description":"V\u00e4lkommen till Sveaborg, utanf\u00f6r Helsingfors, f\u00f6r att tillbringa en of\u00f6rgl\u00f6mlig dag och bekanta dig med f\u00e4stningens l\u00e5nga historia.","breadcrumb":{"@id":"https:\/\/suomenlinnatours.com\/sv\/#breadcrumb"},"inLanguage":"sv-SE","potentialAction":[{"@type":"ReadAction","target":["https:\/\/suomenlinnatours.com\/sv\/"]}]},{"@type":"ImageObject","inLanguage":"sv-SE","@id":"https:\/\/suomenlinnatours.com\/sv\/#primaryimage","url":"https:\/\/suomenlinnatours.com\/wp-content\/uploads\/2024\/02\/kustaanmiekka-rajattu.jpg","contentUrl":"https:\/\/suomenlinnatours.com\/wp-content\/uploads\/2024\/02\/kustaanmiekka-rajattu.jpg","width":1614,"height":1080,"caption":"Merelt\u00e4 kuvattu aurinkoinen ja vehre\u00e4 Kustaanmiekka -saaren k\u00e4rki, jossa bastionilinnoituksen muoto. Yl\u00e4laidassa cumuluspilvi\u00e4 Helsingin yll\u00e4."},{"@type":"BreadcrumbList","@id":"https:\/\/suomenlinnatours.com\/sv\/#breadcrumb","itemListElement":[{"@type":"ListItem","position":1,"name":"Etusivu","item":"https:\/\/suomenlinnatours.com\/sv\/"},{"@type":"ListItem","position":2,"name":"F\u00f6rstasidan"}]},{"@type":"WebSite","@id":"https:\/\/suomenlinnatours.com\/sv\/#website","url":"https:\/\/suomenlinnatours.com\/sv\/","name":"Suomenlinna Tours","description":"","potentialAction":[{"@type":"SearchAction","target":{"@type":"EntryPoint","urlTemplate":"https:\/\/suomenlinnatours.com\/sv\/?s={search_term_string}"},"query-input":{"@type":"PropertyValueSpecification","valueRequired":true,"valueName":"search_term_string"}}],"inLanguage":"sv-SE"}]}},"_links":{"self":[{"href":"https:\/\/suomenlinnatours.com\/sv\/wp-json\/wp\/v2\/pages\/947","targetHints":{"allow":["GET"]}}],"collection":[{"href":"https:\/\/suomenlinnatours.com\/sv\/wp-json\/wp\/v2\/pages"}],"about":[{"href":"https:\/\/suomenlinnatours.com\/sv\/wp-json\/wp\/v2\/types\/page"}],"author":[{"embeddable":true,"href":"https:\/\/suomenlinnatours.com\/sv\/wp-json\/wp\/v2\/users\/1"}],"replies":[{"embeddable":true,"href":"https:\/\/suomenlinnatours.com\/sv\/wp-json\/wp\/v2\/comments?post=947"}],"version-history":[{"count":17,"href":"https:\/\/suomenlinnatours.com\/sv\/wp-json\/wp\/v2\/pages\/947\/revisions"}],"predecessor-version":[{"id":4260,"href":"https:\/\/suomenlinnatours.com\/sv\/wp-json\/wp\/v2\/pages\/947\/revisions\/4260"}],"wp:featuredmedia":[{"embeddable":true,"href":"https:\/\/suomenlinnatours.com\/sv\/wp-json\/wp\/v2\/media\/1023"}],"wp:attachment":[{"href":"https:\/\/suomenlinnatours.com\/sv\/wp-json\/wp\/v2\/media?parent=947"}],"curies":[{"name":"wp","href":"https:\/\/api.w.org\/{rel}","templated":true}]}}