{"id":2221,"date":"2024-01-29T10:08:55","date_gmt":"2024-01-29T08:08:55","guid":{"rendered":"https:\/\/suomenlinnatours.com\/herkuttelu\/"},"modified":"2026-02-18T14:19:53","modified_gmt":"2026-02-18T12:19:53","slug":"lackerheter","status":"publish","type":"page","link":"https:\/\/suomenlinnatours.com\/sv\/lackerheter\/","title":{"rendered":"L\u00e4ckerheter"},"content":{"rendered":"\n<p>H\u00f6jdpunkten i ditt bes\u00f6k p\u00e5 Sveaborg \u00e4r en l\u00e4cker smakupplevelse i en historisk milj\u00f6 och unika caf\u00e9er. <\/p>\n\n\n\n<p>Grupper kan best\u00e4lla servering fr\u00e5n caf\u00e9er och restauranger <a href=\"https:\/\/suomenlinnatours.com\/sv\/anbudsbegaran\/\">h\u00e4r.<\/a><\/p>\n","protected":false},"excerpt":{"rendered":"<p>H\u00f6jdpunkten i ditt bes\u00f6k p\u00e5 Sveaborg \u00e4r en l\u00e4cker smakupplevelse i en historisk milj\u00f6 och unika caf\u00e9er. Grupper kan best\u00e4lla servering fr\u00e5n caf\u00e9er och restauranger h\u00e4r.<\/p>\n","protected":false},"author":1,"featured_media":0,"parent":0,"menu_order":51,"comment_status":"closed","ping_status":"closed","template":"page-parent.php","meta":{"_acf_changed":false,"footnotes":""},"acf":[],"yoast_head":"<!-- This site is optimized with the Yoast SEO plugin v22.6 - https:\/\/yoast.com\/wordpress\/plugins\/seo\/ -->\n<title>L\u00e4ckerheter - Suomenlinna Tours<\/title>\n<meta name=\"description\" content=\"H\u00f6jdpunkten i ditt bes\u00f6k p\u00e5 Sveaborg \u00e4r de l\u00e4ckra smakupplevelserna hos Caf\u00e9 Piper och Caf\u00e9 Augustin vid havet.\" \/>\n<meta name=\"robots\" content=\"index, follow, max-snippet:-1, max-image-preview:large, max-video-preview:-1\" \/>\n<link rel=\"canonical\" href=\"https:\/\/suomenlinnatours.com\/sv\/lackerheter\/\" \/>\n<meta property=\"og:locale\" content=\"sv_SE\" \/>\n<meta property=\"og:type\" content=\"article\" \/>\n<meta property=\"og:title\" content=\"L\u00e4ckerheter p\u00e5 Sveaborg\" \/>\n<meta property=\"og:description\" content=\"H\u00f6jdpunkten i ditt bes\u00f6k p\u00e5 Sveaborg \u00e4r de l\u00e4ckra smakupplevelserna hos Caf\u00e9 Piper och Caf\u00e9 Augustin vid havet.\" \/>\n<meta property=\"og:url\" content=\"https:\/\/suomenlinnatours.com\/sv\/lackerheter\/\" \/>\n<meta property=\"og:site_name\" content=\"Suomenlinna Tours\" \/>\n<meta property=\"article:publisher\" content=\"https:\/\/www.facebook.com\/ehrensvardseura\" \/>\n<meta property=\"article:modified_time\" content=\"2026-02-18T12:19:53+00:00\" \/>\n<meta property=\"og:image\" content=\"https:\/\/suomenlinnatours.com\/wp-content\/uploads\/2024\/03\/herkuttelua_.jpg\" \/>\n\t<meta property=\"og:image:width\" content=\"2083\" \/>\n\t<meta property=\"og:image:height\" content=\"1961\" \/>\n\t<meta property=\"og:image:type\" content=\"image\/jpeg\" \/>\n<meta name=\"twitter:card\" content=\"summary_large_image\" \/>\n<meta name=\"twitter:label1\" content=\"Ber\u00e4knad l\u00e4stid\" \/>\n\t<meta name=\"twitter:data1\" content=\"1 minut\" \/>\n<script type=\"application\/ld+json\" class=\"yoast-schema-graph\">{\"@context\":\"https:\/\/schema.org\",\"@graph\":[{\"@type\":\"WebPage\",\"@id\":\"https:\/\/suomenlinnatours.com\/sv\/lackerheter\/\",\"url\":\"https:\/\/suomenlinnatours.com\/sv\/lackerheter\/\",\"name\":\"L\u00e4ckerheter - Suomenlinna Tours\",\"isPartOf\":{\"@id\":\"https:\/\/suomenlinnatours.com\/sv\/#website\"},\"datePublished\":\"2024-01-29T08:08:55+00:00\",\"dateModified\":\"2026-02-18T12:19:53+00:00\",\"description\":\"H\u00f6jdpunkten i ditt bes\u00f6k p\u00e5 Sveaborg \u00e4r de l\u00e4ckra smakupplevelserna hos Caf\u00e9 Piper och Caf\u00e9 Augustin vid havet.\",\"breadcrumb\":{\"@id\":\"https:\/\/suomenlinnatours.com\/sv\/lackerheter\/#breadcrumb\"},\"inLanguage\":\"sv-SE\",\"potentialAction\":[{\"@type\":\"ReadAction\",\"target\":[\"https:\/\/suomenlinnatours.com\/sv\/lackerheter\/\"]}]},{\"@type\":\"BreadcrumbList\",\"@id\":\"https:\/\/suomenlinnatours.com\/sv\/lackerheter\/#breadcrumb\",\"itemListElement\":[{\"@type\":\"ListItem\",\"position\":1,\"name\":\"Etusivu\",\"item\":\"https:\/\/suomenlinnatours.com\/sv\/\"},{\"@type\":\"ListItem\",\"position\":2,\"name\":\"L\u00e4ckerheter\"}]},{\"@type\":\"WebSite\",\"@id\":\"https:\/\/suomenlinnatours.com\/sv\/#website\",\"url\":\"https:\/\/suomenlinnatours.com\/sv\/\",\"name\":\"Suomenlinna Tours\",\"description\":\"\",\"potentialAction\":[{\"@type\":\"SearchAction\",\"target\":{\"@type\":\"EntryPoint\",\"urlTemplate\":\"https:\/\/suomenlinnatours.com\/sv\/?s={search_term_string}\"},\"query-input\":\"required name=search_term_string\"}],\"inLanguage\":\"sv-SE\"}]}<\/script>\n<!-- \/ Yoast SEO plugin. -->","yoast_head_json":{"title":"L\u00e4ckerheter - Suomenlinna Tours","description":"H\u00f6jdpunkten i ditt bes\u00f6k p\u00e5 Sveaborg \u00e4r de l\u00e4ckra smakupplevelserna hos Caf\u00e9 Piper och Caf\u00e9 Augustin vid havet.","robots":{"index":"index","follow":"follow","max-snippet":"max-snippet:-1","max-image-preview":"max-image-preview:large","max-video-preview":"max-video-preview:-1"},"canonical":"https:\/\/suomenlinnatours.com\/sv\/lackerheter\/","og_locale":"sv_SE","og_type":"article","og_title":"L\u00e4ckerheter p\u00e5 Sveaborg","og_description":"H\u00f6jdpunkten i ditt bes\u00f6k p\u00e5 Sveaborg \u00e4r de l\u00e4ckra smakupplevelserna hos Caf\u00e9 Piper och Caf\u00e9 Augustin vid havet.","og_url":"https:\/\/suomenlinnatours.com\/sv\/lackerheter\/","og_site_name":"Suomenlinna Tours","article_publisher":"https:\/\/www.facebook.com\/ehrensvardseura","article_modified_time":"2026-02-18T12:19:53+00:00","og_image":[{"width":2083,"height":1961,"url":"https:\/\/suomenlinnatours.com\/wp-content\/uploads\/2024\/03\/herkuttelua_.jpg","type":"image\/jpeg"}],"twitter_card":"summary_large_image","twitter_misc":{"Ber\u00e4knad l\u00e4stid":"1 minut"},"schema":{"@context":"https:\/\/schema.org","@graph":[{"@type":"WebPage","@id":"https:\/\/suomenlinnatours.com\/sv\/lackerheter\/","url":"https:\/\/suomenlinnatours.com\/sv\/lackerheter\/","name":"L\u00e4ckerheter - Suomenlinna Tours","isPartOf":{"@id":"https:\/\/suomenlinnatours.com\/sv\/#website"},"datePublished":"2024-01-29T08:08:55+00:00","dateModified":"2026-02-18T12:19:53+00:00","description":"H\u00f6jdpunkten i ditt bes\u00f6k p\u00e5 Sveaborg \u00e4r de l\u00e4ckra smakupplevelserna hos Caf\u00e9 Piper och Caf\u00e9 Augustin vid havet.","breadcrumb":{"@id":"https:\/\/suomenlinnatours.com\/sv\/lackerheter\/#breadcrumb"},"inLanguage":"sv-SE","potentialAction":[{"@type":"ReadAction","target":["https:\/\/suomenlinnatours.com\/sv\/lackerheter\/"]}]},{"@type":"BreadcrumbList","@id":"https:\/\/suomenlinnatours.com\/sv\/lackerheter\/#breadcrumb","itemListElement":[{"@type":"ListItem","position":1,"name":"Etusivu","item":"https:\/\/suomenlinnatours.com\/sv\/"},{"@type":"ListItem","position":2,"name":"L\u00e4ckerheter"}]},{"@type":"WebSite","@id":"https:\/\/suomenlinnatours.com\/sv\/#website","url":"https:\/\/suomenlinnatours.com\/sv\/","name":"Suomenlinna Tours","description":"","potentialAction":[{"@type":"SearchAction","target":{"@type":"EntryPoint","urlTemplate":"https:\/\/suomenlinnatours.com\/sv\/?s={search_term_string}"},"query-input":"required name=search_term_string"}],"inLanguage":"sv-SE"}]}},"_links":{"self":[{"href":"https:\/\/suomenlinnatours.com\/sv\/wp-json\/wp\/v2\/pages\/2221"}],"collection":[{"href":"https:\/\/suomenlinnatours.com\/sv\/wp-json\/wp\/v2\/pages"}],"about":[{"href":"https:\/\/suomenlinnatours.com\/sv\/wp-json\/wp\/v2\/types\/page"}],"author":[{"embeddable":true,"href":"https:\/\/suomenlinnatours.com\/sv\/wp-json\/wp\/v2\/users\/1"}],"replies":[{"embeddable":true,"href":"https:\/\/suomenlinnatours.com\/sv\/wp-json\/wp\/v2\/comments?post=2221"}],"version-history":[{"count":6,"href":"https:\/\/suomenlinnatours.com\/sv\/wp-json\/wp\/v2\/pages\/2221\/revisions"}],"predecessor-version":[{"id":3917,"href":"https:\/\/suomenlinnatours.com\/sv\/wp-json\/wp\/v2\/pages\/2221\/revisions\/3917"}],"wp:attachment":[{"href":"https:\/\/suomenlinnatours.com\/sv\/wp-json\/wp\/v2\/media?parent=2221"}],"curies":[{"name":"wp","href":"https:\/\/api.w.org\/{rel}","templated":true}]}}