{"id":2219,"date":"2024-01-29T10:13:11","date_gmt":"2024-01-29T08:13:11","guid":{"rendered":"https:\/\/suomenlinnatours.com\/kahvila-piper\/"},"modified":"2026-02-18T14:32:37","modified_gmt":"2026-02-18T12:32:37","slug":"cafe-piper","status":"publish","type":"page","link":"https:\/\/suomenlinnatours.com\/sv\/lackerheter\/cafe-piper\/","title":{"rendered":"Caf\u00e9 Piper"},"content":{"rendered":"\n<p>Det idylliska sommarcaf\u00e9et med den b\u00e4sta utsikten \u00f6ver Sveaborg har betj\u00e4nat bes\u00f6kare sedan 1928!<\/p>\n\n\n\n<p><\/p>\n","protected":false},"excerpt":{"rendered":"<p>Det idylliska sommarcaf\u00e9et med den b\u00e4sta utsikten \u00f6ver Sveaborg har betj\u00e4nat bes\u00f6kare sedan 1928!<\/p>\n","protected":false},"author":1,"featured_media":1441,"parent":2221,"menu_order":57,"comment_status":"closed","ping_status":"closed","template":"","meta":{"_acf_changed":false,"footnotes":""},"acf":[],"yoast_head":"<!-- This site is optimized with the Yoast SEO plugin v22.6 - https:\/\/yoast.com\/wordpress\/plugins\/seo\/ -->\n<title>Caf\u00e9 Piper - Suomenlinna Tours<\/title>\n<meta name=\"description\" content=\"I det idylliska sommarcaf\u00e9et med den b\u00e4sta utsikten \u00f6ver Sveaborg kan du njuta av kaffe och f\u00f6rfriskningar under ditt bes\u00f6k p\u00e5 Sveaborg.\" \/>\n<meta name=\"robots\" content=\"index, follow, max-snippet:-1, max-image-preview:large, max-video-preview:-1\" \/>\n<link rel=\"canonical\" href=\"https:\/\/suomenlinnatours.com\/sv\/lackerheter\/cafe-piper\/\" \/>\n<meta property=\"og:locale\" content=\"sv_SE\" \/>\n<meta property=\"og:type\" content=\"article\" \/>\n<meta property=\"og:title\" content=\"Caf\u00e9 Piper p\u00e5 Sveaborg\" \/>\n<meta property=\"og:description\" content=\"I det idylliska sommarcaf\u00e9et med den b\u00e4sta utsikten \u00f6ver Sveaborg kan du njuta av kaffe och f\u00f6rfriskningar under ditt bes\u00f6k p\u00e5 Sveaborg.\" \/>\n<meta property=\"og:url\" content=\"https:\/\/suomenlinnatours.com\/sv\/lackerheter\/cafe-piper\/\" \/>\n<meta property=\"og:site_name\" content=\"Suomenlinna Tours\" \/>\n<meta property=\"article:publisher\" content=\"https:\/\/www.facebook.com\/ehrensvardseura\" \/>\n<meta property=\"article:modified_time\" content=\"2026-02-18T12:32:37+00:00\" \/>\n<meta property=\"og:image\" content=\"https:\/\/suomenlinnatours.com\/wp-content\/uploads\/2024\/02\/MG_0596_-scaled.jpg\" \/>\n\t<meta property=\"og:image:width\" content=\"2560\" \/>\n\t<meta property=\"og:image:height\" content=\"2560\" \/>\n\t<meta property=\"og:image:type\" content=\"image\/jpeg\" \/>\n<meta name=\"twitter:card\" content=\"summary_large_image\" \/>\n<meta name=\"twitter:label1\" content=\"Ber\u00e4knad l\u00e4stid\" \/>\n\t<meta name=\"twitter:data1\" content=\"3 minuter\" \/>\n<script type=\"application\/ld+json\" class=\"yoast-schema-graph\">{\"@context\":\"https:\/\/schema.org\",\"@graph\":[{\"@type\":\"WebPage\",\"@id\":\"https:\/\/suomenlinnatours.com\/sv\/lackerheter\/cafe-piper\/\",\"url\":\"https:\/\/suomenlinnatours.com\/sv\/lackerheter\/cafe-piper\/\",\"name\":\"Caf\u00e9 Piper - Suomenlinna Tours\",\"isPartOf\":{\"@id\":\"https:\/\/suomenlinnatours.com\/sv\/#website\"},\"primaryImageOfPage\":{\"@id\":\"https:\/\/suomenlinnatours.com\/sv\/lackerheter\/cafe-piper\/#primaryimage\"},\"image\":{\"@id\":\"https:\/\/suomenlinnatours.com\/sv\/lackerheter\/cafe-piper\/#primaryimage\"},\"thumbnailUrl\":\"https:\/\/suomenlinnatours.com\/wp-content\/uploads\/2024\/02\/MG_0596_-scaled.jpg\",\"datePublished\":\"2024-01-29T08:13:11+00:00\",\"dateModified\":\"2026-02-18T12:32:37+00:00\",\"description\":\"I det idylliska sommarcaf\u00e9et med den b\u00e4sta utsikten \u00f6ver Sveaborg kan du njuta av kaffe och f\u00f6rfriskningar under ditt bes\u00f6k p\u00e5 Sveaborg.\",\"breadcrumb\":{\"@id\":\"https:\/\/suomenlinnatours.com\/sv\/lackerheter\/cafe-piper\/#breadcrumb\"},\"inLanguage\":\"sv-SE\",\"potentialAction\":[{\"@type\":\"ReadAction\",\"target\":[\"https:\/\/suomenlinnatours.com\/sv\/lackerheter\/cafe-piper\/\"]}]},{\"@type\":\"ImageObject\",\"inLanguage\":\"sv-SE\",\"@id\":\"https:\/\/suomenlinnatours.com\/sv\/lackerheter\/cafe-piper\/#primaryimage\",\"url\":\"https:\/\/suomenlinnatours.com\/wp-content\/uploads\/2024\/02\/MG_0596_-scaled.jpg\",\"contentUrl\":\"https:\/\/suomenlinnatours.com\/wp-content\/uploads\/2024\/02\/MG_0596_-scaled.jpg\",\"width\":2560,\"height\":2560,\"caption\":\"Piperin keltainen kahvilarakennus aurinkoisena kes\u00e4p\u00e4iv\u00e4n\u00e4 edest\u00e4p\u00e4in kuvattuna.\"},{\"@type\":\"BreadcrumbList\",\"@id\":\"https:\/\/suomenlinnatours.com\/sv\/lackerheter\/cafe-piper\/#breadcrumb\",\"itemListElement\":[{\"@type\":\"ListItem\",\"position\":1,\"name\":\"Etusivu\",\"item\":\"https:\/\/suomenlinnatours.com\/sv\/\"},{\"@type\":\"ListItem\",\"position\":2,\"name\":\"L\u00e4ckerheter\",\"item\":\"https:\/\/suomenlinnatours.com\/sv\/lackerheter\/\"},{\"@type\":\"ListItem\",\"position\":3,\"name\":\"Caf\u00e9 Piper\"}]},{\"@type\":\"WebSite\",\"@id\":\"https:\/\/suomenlinnatours.com\/sv\/#website\",\"url\":\"https:\/\/suomenlinnatours.com\/sv\/\",\"name\":\"Suomenlinna Tours\",\"description\":\"\",\"potentialAction\":[{\"@type\":\"SearchAction\",\"target\":{\"@type\":\"EntryPoint\",\"urlTemplate\":\"https:\/\/suomenlinnatours.com\/sv\/?s={search_term_string}\"},\"query-input\":\"required name=search_term_string\"}],\"inLanguage\":\"sv-SE\"}]}<\/script>\n<!-- \/ Yoast SEO plugin. -->","yoast_head_json":{"title":"Caf\u00e9 Piper - Suomenlinna Tours","description":"I det idylliska sommarcaf\u00e9et med den b\u00e4sta utsikten \u00f6ver Sveaborg kan du njuta av kaffe och f\u00f6rfriskningar under ditt bes\u00f6k p\u00e5 Sveaborg.","robots":{"index":"index","follow":"follow","max-snippet":"max-snippet:-1","max-image-preview":"max-image-preview:large","max-video-preview":"max-video-preview:-1"},"canonical":"https:\/\/suomenlinnatours.com\/sv\/lackerheter\/cafe-piper\/","og_locale":"sv_SE","og_type":"article","og_title":"Caf\u00e9 Piper p\u00e5 Sveaborg","og_description":"I det idylliska sommarcaf\u00e9et med den b\u00e4sta utsikten \u00f6ver Sveaborg kan du njuta av kaffe och f\u00f6rfriskningar under ditt bes\u00f6k p\u00e5 Sveaborg.","og_url":"https:\/\/suomenlinnatours.com\/sv\/lackerheter\/cafe-piper\/","og_site_name":"Suomenlinna Tours","article_publisher":"https:\/\/www.facebook.com\/ehrensvardseura","article_modified_time":"2026-02-18T12:32:37+00:00","og_image":[{"width":2560,"height":2560,"url":"https:\/\/suomenlinnatours.com\/wp-content\/uploads\/2024\/02\/MG_0596_-scaled.jpg","type":"image\/jpeg"}],"twitter_card":"summary_large_image","twitter_misc":{"Ber\u00e4knad l\u00e4stid":"3 minuter"},"schema":{"@context":"https:\/\/schema.org","@graph":[{"@type":"WebPage","@id":"https:\/\/suomenlinnatours.com\/sv\/lackerheter\/cafe-piper\/","url":"https:\/\/suomenlinnatours.com\/sv\/lackerheter\/cafe-piper\/","name":"Caf\u00e9 Piper - Suomenlinna Tours","isPartOf":{"@id":"https:\/\/suomenlinnatours.com\/sv\/#website"},"primaryImageOfPage":{"@id":"https:\/\/suomenlinnatours.com\/sv\/lackerheter\/cafe-piper\/#primaryimage"},"image":{"@id":"https:\/\/suomenlinnatours.com\/sv\/lackerheter\/cafe-piper\/#primaryimage"},"thumbnailUrl":"https:\/\/suomenlinnatours.com\/wp-content\/uploads\/2024\/02\/MG_0596_-scaled.jpg","datePublished":"2024-01-29T08:13:11+00:00","dateModified":"2026-02-18T12:32:37+00:00","description":"I det idylliska sommarcaf\u00e9et med den b\u00e4sta utsikten \u00f6ver Sveaborg kan du njuta av kaffe och f\u00f6rfriskningar under ditt bes\u00f6k p\u00e5 Sveaborg.","breadcrumb":{"@id":"https:\/\/suomenlinnatours.com\/sv\/lackerheter\/cafe-piper\/#breadcrumb"},"inLanguage":"sv-SE","potentialAction":[{"@type":"ReadAction","target":["https:\/\/suomenlinnatours.com\/sv\/lackerheter\/cafe-piper\/"]}]},{"@type":"ImageObject","inLanguage":"sv-SE","@id":"https:\/\/suomenlinnatours.com\/sv\/lackerheter\/cafe-piper\/#primaryimage","url":"https:\/\/suomenlinnatours.com\/wp-content\/uploads\/2024\/02\/MG_0596_-scaled.jpg","contentUrl":"https:\/\/suomenlinnatours.com\/wp-content\/uploads\/2024\/02\/MG_0596_-scaled.jpg","width":2560,"height":2560,"caption":"Piperin keltainen kahvilarakennus aurinkoisena kes\u00e4p\u00e4iv\u00e4n\u00e4 edest\u00e4p\u00e4in kuvattuna."},{"@type":"BreadcrumbList","@id":"https:\/\/suomenlinnatours.com\/sv\/lackerheter\/cafe-piper\/#breadcrumb","itemListElement":[{"@type":"ListItem","position":1,"name":"Etusivu","item":"https:\/\/suomenlinnatours.com\/sv\/"},{"@type":"ListItem","position":2,"name":"L\u00e4ckerheter","item":"https:\/\/suomenlinnatours.com\/sv\/lackerheter\/"},{"@type":"ListItem","position":3,"name":"Caf\u00e9 Piper"}]},{"@type":"WebSite","@id":"https:\/\/suomenlinnatours.com\/sv\/#website","url":"https:\/\/suomenlinnatours.com\/sv\/","name":"Suomenlinna Tours","description":"","potentialAction":[{"@type":"SearchAction","target":{"@type":"EntryPoint","urlTemplate":"https:\/\/suomenlinnatours.com\/sv\/?s={search_term_string}"},"query-input":"required name=search_term_string"}],"inLanguage":"sv-SE"}]}},"_links":{"self":[{"href":"https:\/\/suomenlinnatours.com\/sv\/wp-json\/wp\/v2\/pages\/2219"}],"collection":[{"href":"https:\/\/suomenlinnatours.com\/sv\/wp-json\/wp\/v2\/pages"}],"about":[{"href":"https:\/\/suomenlinnatours.com\/sv\/wp-json\/wp\/v2\/types\/page"}],"author":[{"embeddable":true,"href":"https:\/\/suomenlinnatours.com\/sv\/wp-json\/wp\/v2\/users\/1"}],"replies":[{"embeddable":true,"href":"https:\/\/suomenlinnatours.com\/sv\/wp-json\/wp\/v2\/comments?post=2219"}],"version-history":[{"count":11,"href":"https:\/\/suomenlinnatours.com\/sv\/wp-json\/wp\/v2\/pages\/2219\/revisions"}],"predecessor-version":[{"id":3547,"href":"https:\/\/suomenlinnatours.com\/sv\/wp-json\/wp\/v2\/pages\/2219\/revisions\/3547"}],"up":[{"embeddable":true,"href":"https:\/\/suomenlinnatours.com\/sv\/wp-json\/wp\/v2\/pages\/2221"}],"wp:featuredmedia":[{"embeddable":true,"href":"https:\/\/suomenlinnatours.com\/sv\/wp-json\/wp\/v2\/media\/1441"}],"wp:attachment":[{"href":"https:\/\/suomenlinnatours.com\/sv\/wp-json\/wp\/v2\/media?parent=2219"}],"curies":[{"name":"wp","href":"https:\/\/api.w.org\/{rel}","templated":true}]}}