{"id":2217,"date":"2024-01-29T11:10:51","date_gmt":"2024-01-29T09:10:51","guid":{"rendered":"https:\/\/suomenlinnatours.com\/suomenlinnakeskuksen-kahvila\/"},"modified":"2026-02-18T14:31:00","modified_gmt":"2026-02-18T12:31:00","slug":"sveaborgcentrets-cafe","status":"publish","type":"page","link":"https:\/\/suomenlinnatours.com\/sv\/lackerheter\/sveaborgcentrets-cafe\/","title":{"rendered":"Caf\u00e9 Augustin"},"content":{"rendered":"\n<p>V\u00e4lkommen till Sveaborgscentrets centralt bel\u00e4gna caf\u00e9 Augustin och utforska smaker och historia p\u00e5 samma g\u00e5ng!<\/p>\n","protected":false},"excerpt":{"rendered":"<p>V\u00e4lkommen till Sveaborgscentrets centralt bel\u00e4gna caf\u00e9 Augustin och utforska smaker och historia p\u00e5 samma g\u00e5ng!<\/p>\n","protected":false},"author":1,"featured_media":1254,"parent":2221,"menu_order":54,"comment_status":"closed","ping_status":"closed","template":"","meta":{"_acf_changed":false,"footnotes":""},"acf":[],"yoast_head":"<!-- This site is optimized with the Yoast SEO plugin v22.6 - https:\/\/yoast.com\/wordpress\/plugins\/seo\/ -->\n<title>Caf\u00e9 Augustin - Suomenlinna Tours<\/title>\n<meta name=\"description\" content=\"Det centralt bel\u00e4gna Caf\u00e9 Augustin tar dig med p\u00e5 en resa genom smaker och historia samtidigt! Caf\u00e9et ligger i Sveaborgscentret.\" \/>\n<meta name=\"robots\" content=\"index, follow, max-snippet:-1, max-image-preview:large, max-video-preview:-1\" \/>\n<link rel=\"canonical\" href=\"https:\/\/suomenlinnatours.com\/sv\/lackerheter\/sveaborgcentrets-cafe\/\" \/>\n<meta property=\"og:locale\" content=\"sv_SE\" \/>\n<meta property=\"og:type\" content=\"article\" \/>\n<meta property=\"og:title\" content=\"Caf\u00e9 Augustin p\u00e5 Sveaborg\" \/>\n<meta property=\"og:description\" content=\"Det centralt bel\u00e4gna Caf\u00e9 Augustin tar dig med p\u00e5 en resa genom smaker och historia samtidigt! Caf\u00e9et ligger i Sveaborgscentret.\" \/>\n<meta property=\"og:url\" content=\"https:\/\/suomenlinnatours.com\/sv\/lackerheter\/sveaborgcentrets-cafe\/\" \/>\n<meta property=\"og:site_name\" content=\"Suomenlinna Tours\" \/>\n<meta property=\"article:publisher\" content=\"https:\/\/www.facebook.com\/ehrensvardseura\" \/>\n<meta property=\"article:modified_time\" content=\"2026-02-18T12:31:00+00:00\" \/>\n<meta property=\"og:image\" content=\"https:\/\/suomenlinnatours.com\/wp-content\/uploads\/2024\/02\/kahvihetki-scaled.jpg\" \/>\n\t<meta property=\"og:image:width\" content=\"2560\" \/>\n\t<meta property=\"og:image:height\" content=\"2442\" \/>\n\t<meta property=\"og:image:type\" content=\"image\/jpeg\" \/>\n<meta name=\"twitter:card\" content=\"summary_large_image\" \/>\n<meta name=\"twitter:label1\" content=\"Ber\u00e4knad l\u00e4stid\" \/>\n\t<meta name=\"twitter:data1\" content=\"2 minuter\" \/>\n<script type=\"application\/ld+json\" class=\"yoast-schema-graph\">{\"@context\":\"https:\/\/schema.org\",\"@graph\":[{\"@type\":\"WebPage\",\"@id\":\"https:\/\/suomenlinnatours.com\/sv\/lackerheter\/sveaborgcentrets-cafe\/\",\"url\":\"https:\/\/suomenlinnatours.com\/sv\/lackerheter\/sveaborgcentrets-cafe\/\",\"name\":\"Caf\u00e9 Augustin - Suomenlinna Tours\",\"isPartOf\":{\"@id\":\"https:\/\/suomenlinnatours.com\/sv\/#website\"},\"primaryImageOfPage\":{\"@id\":\"https:\/\/suomenlinnatours.com\/sv\/lackerheter\/sveaborgcentrets-cafe\/#primaryimage\"},\"image\":{\"@id\":\"https:\/\/suomenlinnatours.com\/sv\/lackerheter\/sveaborgcentrets-cafe\/#primaryimage\"},\"thumbnailUrl\":\"https:\/\/suomenlinnatours.com\/wp-content\/uploads\/2024\/02\/kahvihetki-scaled.jpg\",\"datePublished\":\"2024-01-29T09:10:51+00:00\",\"dateModified\":\"2026-02-18T12:31:00+00:00\",\"description\":\"Det centralt bel\u00e4gna Caf\u00e9 Augustin tar dig med p\u00e5 en resa genom smaker och historia samtidigt! Caf\u00e9et ligger i Sveaborgscentret.\",\"breadcrumb\":{\"@id\":\"https:\/\/suomenlinnatours.com\/sv\/lackerheter\/sveaborgcentrets-cafe\/#breadcrumb\"},\"inLanguage\":\"sv-SE\",\"potentialAction\":[{\"@type\":\"ReadAction\",\"target\":[\"https:\/\/suomenlinnatours.com\/sv\/lackerheter\/sveaborgcentrets-cafe\/\"]}]},{\"@type\":\"ImageObject\",\"inLanguage\":\"sv-SE\",\"@id\":\"https:\/\/suomenlinnatours.com\/sv\/lackerheter\/sveaborgcentrets-cafe\/#primaryimage\",\"url\":\"https:\/\/suomenlinnatours.com\/wp-content\/uploads\/2024\/02\/kahvihetki-scaled.jpg\",\"contentUrl\":\"https:\/\/suomenlinnatours.com\/wp-content\/uploads\/2024\/02\/kahvihetki-scaled.jpg\",\"width\":2560,\"height\":2442,\"caption\":\"Kahvihetki Caf\u00e9 Augustinissa Suomenlinnakeskuksessa.\"},{\"@type\":\"BreadcrumbList\",\"@id\":\"https:\/\/suomenlinnatours.com\/sv\/lackerheter\/sveaborgcentrets-cafe\/#breadcrumb\",\"itemListElement\":[{\"@type\":\"ListItem\",\"position\":1,\"name\":\"Etusivu\",\"item\":\"https:\/\/suomenlinnatours.com\/sv\/\"},{\"@type\":\"ListItem\",\"position\":2,\"name\":\"L\u00e4ckerheter\",\"item\":\"https:\/\/suomenlinnatours.com\/sv\/lackerheter\/\"},{\"@type\":\"ListItem\",\"position\":3,\"name\":\"Caf\u00e9 Augustin\"}]},{\"@type\":\"WebSite\",\"@id\":\"https:\/\/suomenlinnatours.com\/sv\/#website\",\"url\":\"https:\/\/suomenlinnatours.com\/sv\/\",\"name\":\"Suomenlinna Tours\",\"description\":\"\",\"potentialAction\":[{\"@type\":\"SearchAction\",\"target\":{\"@type\":\"EntryPoint\",\"urlTemplate\":\"https:\/\/suomenlinnatours.com\/sv\/?s={search_term_string}\"},\"query-input\":\"required name=search_term_string\"}],\"inLanguage\":\"sv-SE\"}]}<\/script>\n<!-- \/ Yoast SEO plugin. -->","yoast_head_json":{"title":"Caf\u00e9 Augustin - Suomenlinna Tours","description":"Det centralt bel\u00e4gna Caf\u00e9 Augustin tar dig med p\u00e5 en resa genom smaker och historia samtidigt! Caf\u00e9et ligger i Sveaborgscentret.","robots":{"index":"index","follow":"follow","max-snippet":"max-snippet:-1","max-image-preview":"max-image-preview:large","max-video-preview":"max-video-preview:-1"},"canonical":"https:\/\/suomenlinnatours.com\/sv\/lackerheter\/sveaborgcentrets-cafe\/","og_locale":"sv_SE","og_type":"article","og_title":"Caf\u00e9 Augustin p\u00e5 Sveaborg","og_description":"Det centralt bel\u00e4gna Caf\u00e9 Augustin tar dig med p\u00e5 en resa genom smaker och historia samtidigt! Caf\u00e9et ligger i Sveaborgscentret.","og_url":"https:\/\/suomenlinnatours.com\/sv\/lackerheter\/sveaborgcentrets-cafe\/","og_site_name":"Suomenlinna Tours","article_publisher":"https:\/\/www.facebook.com\/ehrensvardseura","article_modified_time":"2026-02-18T12:31:00+00:00","og_image":[{"width":2560,"height":2442,"url":"https:\/\/suomenlinnatours.com\/wp-content\/uploads\/2024\/02\/kahvihetki-scaled.jpg","type":"image\/jpeg"}],"twitter_card":"summary_large_image","twitter_misc":{"Ber\u00e4knad l\u00e4stid":"2 minuter"},"schema":{"@context":"https:\/\/schema.org","@graph":[{"@type":"WebPage","@id":"https:\/\/suomenlinnatours.com\/sv\/lackerheter\/sveaborgcentrets-cafe\/","url":"https:\/\/suomenlinnatours.com\/sv\/lackerheter\/sveaborgcentrets-cafe\/","name":"Caf\u00e9 Augustin - Suomenlinna Tours","isPartOf":{"@id":"https:\/\/suomenlinnatours.com\/sv\/#website"},"primaryImageOfPage":{"@id":"https:\/\/suomenlinnatours.com\/sv\/lackerheter\/sveaborgcentrets-cafe\/#primaryimage"},"image":{"@id":"https:\/\/suomenlinnatours.com\/sv\/lackerheter\/sveaborgcentrets-cafe\/#primaryimage"},"thumbnailUrl":"https:\/\/suomenlinnatours.com\/wp-content\/uploads\/2024\/02\/kahvihetki-scaled.jpg","datePublished":"2024-01-29T09:10:51+00:00","dateModified":"2026-02-18T12:31:00+00:00","description":"Det centralt bel\u00e4gna Caf\u00e9 Augustin tar dig med p\u00e5 en resa genom smaker och historia samtidigt! Caf\u00e9et ligger i Sveaborgscentret.","breadcrumb":{"@id":"https:\/\/suomenlinnatours.com\/sv\/lackerheter\/sveaborgcentrets-cafe\/#breadcrumb"},"inLanguage":"sv-SE","potentialAction":[{"@type":"ReadAction","target":["https:\/\/suomenlinnatours.com\/sv\/lackerheter\/sveaborgcentrets-cafe\/"]}]},{"@type":"ImageObject","inLanguage":"sv-SE","@id":"https:\/\/suomenlinnatours.com\/sv\/lackerheter\/sveaborgcentrets-cafe\/#primaryimage","url":"https:\/\/suomenlinnatours.com\/wp-content\/uploads\/2024\/02\/kahvihetki-scaled.jpg","contentUrl":"https:\/\/suomenlinnatours.com\/wp-content\/uploads\/2024\/02\/kahvihetki-scaled.jpg","width":2560,"height":2442,"caption":"Kahvihetki Caf\u00e9 Augustinissa Suomenlinnakeskuksessa."},{"@type":"BreadcrumbList","@id":"https:\/\/suomenlinnatours.com\/sv\/lackerheter\/sveaborgcentrets-cafe\/#breadcrumb","itemListElement":[{"@type":"ListItem","position":1,"name":"Etusivu","item":"https:\/\/suomenlinnatours.com\/sv\/"},{"@type":"ListItem","position":2,"name":"L\u00e4ckerheter","item":"https:\/\/suomenlinnatours.com\/sv\/lackerheter\/"},{"@type":"ListItem","position":3,"name":"Caf\u00e9 Augustin"}]},{"@type":"WebSite","@id":"https:\/\/suomenlinnatours.com\/sv\/#website","url":"https:\/\/suomenlinnatours.com\/sv\/","name":"Suomenlinna Tours","description":"","potentialAction":[{"@type":"SearchAction","target":{"@type":"EntryPoint","urlTemplate":"https:\/\/suomenlinnatours.com\/sv\/?s={search_term_string}"},"query-input":"required name=search_term_string"}],"inLanguage":"sv-SE"}]}},"_links":{"self":[{"href":"https:\/\/suomenlinnatours.com\/sv\/wp-json\/wp\/v2\/pages\/2217"}],"collection":[{"href":"https:\/\/suomenlinnatours.com\/sv\/wp-json\/wp\/v2\/pages"}],"about":[{"href":"https:\/\/suomenlinnatours.com\/sv\/wp-json\/wp\/v2\/types\/page"}],"author":[{"embeddable":true,"href":"https:\/\/suomenlinnatours.com\/sv\/wp-json\/wp\/v2\/users\/1"}],"replies":[{"embeddable":true,"href":"https:\/\/suomenlinnatours.com\/sv\/wp-json\/wp\/v2\/comments?post=2217"}],"version-history":[{"count":6,"href":"https:\/\/suomenlinnatours.com\/sv\/wp-json\/wp\/v2\/pages\/2217\/revisions"}],"predecessor-version":[{"id":3770,"href":"https:\/\/suomenlinnatours.com\/sv\/wp-json\/wp\/v2\/pages\/2217\/revisions\/3770"}],"up":[{"embeddable":true,"href":"https:\/\/suomenlinnatours.com\/sv\/wp-json\/wp\/v2\/pages\/2221"}],"wp:featuredmedia":[{"embeddable":true,"href":"https:\/\/suomenlinnatours.com\/sv\/wp-json\/wp\/v2\/media\/1254"}],"wp:attachment":[{"href":"https:\/\/suomenlinnatours.com\/sv\/wp-json\/wp\/v2\/media?parent=2217"}],"curies":[{"name":"wp","href":"https:\/\/api.w.org\/{rel}","templated":true}]}}