{"id":2213,"date":"2024-01-30T15:21:50","date_gmt":"2024-01-30T13:21:50","guid":{"rendered":"https:\/\/suomenlinnatours.com\/suomenlinna-ryhmille\/"},"modified":"2026-02-23T09:33:53","modified_gmt":"2026-02-23T07:33:53","slug":"suomenlinna-ryhmille","status":"publish","type":"page","link":"https:\/\/suomenlinnatours.com\/sv\/suomenlinna-ryhmille\/","title":{"rendered":"Sveaborg f\u00f6r grupper"},"content":{"rendered":"\n<p>Med ett v\u00e4lordnat program \u00f6nskar Samfundet Ehrensv\u00e4rd rf er v\u00e4lkomna till Sveaborg! Vi kan erbjuda er utbildade och auktoriserade guider, m\u00e5ltider, vattenbussresor, museibes\u00f6k och en massa annat program.<\/p>\n\n\n\n<p><a href=\"https:\/\/suomenlinnatours.com\/sv\/anbudsbegaran\/\">Kontakta oss<\/a> och be en offert!<\/p>\n","protected":false},"excerpt":{"rendered":"<p>Med ett v\u00e4lordnat program \u00f6nskar Samfundet Ehrensv\u00e4rd rf er v\u00e4lkomna till Sveaborg! Vi kan erbjuda er utbildade och auktoriserade guider, m\u00e5ltider, vattenbussresor, museibes\u00f6k och en massa annat program. Kontakta oss&hellip;<\/p>\n","protected":false},"author":1,"featured_media":0,"parent":0,"menu_order":66,"comment_status":"closed","ping_status":"closed","template":"page-parent.php","meta":{"_acf_changed":false,"footnotes":""},"acf":[],"yoast_head":"<!-- This site is optimized with the Yoast SEO plugin v22.6 - https:\/\/yoast.com\/wordpress\/plugins\/seo\/ -->\n<title>Sveaborg f\u00f6r grupper - Suomenlinna Tours<\/title>\n<meta name=\"description\" content=\"Sveaborg f\u00f6r grupper. Vi kan erbjuda er auktoriserade guider, m\u00e5ltider, vattenbussresor, museibes\u00f6k och en massa annat program.\" \/>\n<meta name=\"robots\" content=\"index, follow, max-snippet:-1, max-image-preview:large, max-video-preview:-1\" \/>\n<link rel=\"canonical\" href=\"https:\/\/suomenlinnatours.com\/sv\/suomenlinna-ryhmille\/\" \/>\n<meta property=\"og:locale\" content=\"sv_SE\" \/>\n<meta property=\"og:type\" content=\"article\" \/>\n<meta property=\"og:title\" content=\"Sveaborg f\u00f6r grupper.\" \/>\n<meta property=\"og:description\" content=\"Sveaborg f\u00f6r grupper. Vi kan erbjuda er auktoriserade guider, m\u00e5ltider, vattenbussresor, museibes\u00f6k och en massa annat program.\" \/>\n<meta property=\"og:url\" content=\"https:\/\/suomenlinnatours.com\/sv\/suomenlinna-ryhmille\/\" \/>\n<meta property=\"og:site_name\" content=\"Suomenlinna Tours\" \/>\n<meta property=\"article:publisher\" content=\"https:\/\/www.facebook.com\/ehrensvardseura\" \/>\n<meta property=\"article:modified_time\" content=\"2026-02-23T07:33:53+00:00\" \/>\n<meta property=\"og:image\" content=\"https:\/\/suomenlinnatours.com\/wp-content\/uploads\/2024\/07\/459.jpg\" \/>\n\t<meta property=\"og:image:width\" content=\"1024\" \/>\n\t<meta property=\"og:image:height\" content=\"576\" \/>\n\t<meta property=\"og:image:type\" content=\"image\/jpeg\" \/>\n<meta name=\"twitter:card\" content=\"summary_large_image\" \/>\n<meta name=\"twitter:label1\" content=\"Ber\u00e4knad l\u00e4stid\" \/>\n\t<meta name=\"twitter:data1\" content=\"1 minut\" \/>\n<script type=\"application\/ld+json\" class=\"yoast-schema-graph\">{\"@context\":\"https:\/\/schema.org\",\"@graph\":[{\"@type\":\"WebPage\",\"@id\":\"https:\/\/suomenlinnatours.com\/sv\/suomenlinna-ryhmille\/\",\"url\":\"https:\/\/suomenlinnatours.com\/sv\/suomenlinna-ryhmille\/\",\"name\":\"Sveaborg f\u00f6r grupper - Suomenlinna Tours\",\"isPartOf\":{\"@id\":\"https:\/\/suomenlinnatours.com\/sv\/#website\"},\"datePublished\":\"2024-01-30T13:21:50+00:00\",\"dateModified\":\"2026-02-23T07:33:53+00:00\",\"description\":\"Sveaborg f\u00f6r grupper. Vi kan erbjuda er auktoriserade guider, m\u00e5ltider, vattenbussresor, museibes\u00f6k och en massa annat program.\",\"breadcrumb\":{\"@id\":\"https:\/\/suomenlinnatours.com\/sv\/suomenlinna-ryhmille\/#breadcrumb\"},\"inLanguage\":\"sv-SE\",\"potentialAction\":[{\"@type\":\"ReadAction\",\"target\":[\"https:\/\/suomenlinnatours.com\/sv\/suomenlinna-ryhmille\/\"]}]},{\"@type\":\"BreadcrumbList\",\"@id\":\"https:\/\/suomenlinnatours.com\/sv\/suomenlinna-ryhmille\/#breadcrumb\",\"itemListElement\":[{\"@type\":\"ListItem\",\"position\":1,\"name\":\"Etusivu\",\"item\":\"https:\/\/suomenlinnatours.com\/sv\/\"},{\"@type\":\"ListItem\",\"position\":2,\"name\":\"Sveaborg f\u00f6r grupper\"}]},{\"@type\":\"WebSite\",\"@id\":\"https:\/\/suomenlinnatours.com\/sv\/#website\",\"url\":\"https:\/\/suomenlinnatours.com\/sv\/\",\"name\":\"Suomenlinna Tours\",\"description\":\"\",\"potentialAction\":[{\"@type\":\"SearchAction\",\"target\":{\"@type\":\"EntryPoint\",\"urlTemplate\":\"https:\/\/suomenlinnatours.com\/sv\/?s={search_term_string}\"},\"query-input\":\"required name=search_term_string\"}],\"inLanguage\":\"sv-SE\"}]}<\/script>\n<!-- \/ Yoast SEO plugin. -->","yoast_head_json":{"title":"Sveaborg f\u00f6r grupper - Suomenlinna Tours","description":"Sveaborg f\u00f6r grupper. Vi kan erbjuda er auktoriserade guider, m\u00e5ltider, vattenbussresor, museibes\u00f6k och en massa annat program.","robots":{"index":"index","follow":"follow","max-snippet":"max-snippet:-1","max-image-preview":"max-image-preview:large","max-video-preview":"max-video-preview:-1"},"canonical":"https:\/\/suomenlinnatours.com\/sv\/suomenlinna-ryhmille\/","og_locale":"sv_SE","og_type":"article","og_title":"Sveaborg f\u00f6r grupper.","og_description":"Sveaborg f\u00f6r grupper. Vi kan erbjuda er auktoriserade guider, m\u00e5ltider, vattenbussresor, museibes\u00f6k och en massa annat program.","og_url":"https:\/\/suomenlinnatours.com\/sv\/suomenlinna-ryhmille\/","og_site_name":"Suomenlinna Tours","article_publisher":"https:\/\/www.facebook.com\/ehrensvardseura","article_modified_time":"2026-02-23T07:33:53+00:00","og_image":[{"width":1024,"height":576,"url":"https:\/\/suomenlinnatours.com\/wp-content\/uploads\/2024\/07\/459.jpg","type":"image\/jpeg"}],"twitter_card":"summary_large_image","twitter_misc":{"Ber\u00e4knad l\u00e4stid":"1 minut"},"schema":{"@context":"https:\/\/schema.org","@graph":[{"@type":"WebPage","@id":"https:\/\/suomenlinnatours.com\/sv\/suomenlinna-ryhmille\/","url":"https:\/\/suomenlinnatours.com\/sv\/suomenlinna-ryhmille\/","name":"Sveaborg f\u00f6r grupper - Suomenlinna Tours","isPartOf":{"@id":"https:\/\/suomenlinnatours.com\/sv\/#website"},"datePublished":"2024-01-30T13:21:50+00:00","dateModified":"2026-02-23T07:33:53+00:00","description":"Sveaborg f\u00f6r grupper. Vi kan erbjuda er auktoriserade guider, m\u00e5ltider, vattenbussresor, museibes\u00f6k och en massa annat program.","breadcrumb":{"@id":"https:\/\/suomenlinnatours.com\/sv\/suomenlinna-ryhmille\/#breadcrumb"},"inLanguage":"sv-SE","potentialAction":[{"@type":"ReadAction","target":["https:\/\/suomenlinnatours.com\/sv\/suomenlinna-ryhmille\/"]}]},{"@type":"BreadcrumbList","@id":"https:\/\/suomenlinnatours.com\/sv\/suomenlinna-ryhmille\/#breadcrumb","itemListElement":[{"@type":"ListItem","position":1,"name":"Etusivu","item":"https:\/\/suomenlinnatours.com\/sv\/"},{"@type":"ListItem","position":2,"name":"Sveaborg f\u00f6r grupper"}]},{"@type":"WebSite","@id":"https:\/\/suomenlinnatours.com\/sv\/#website","url":"https:\/\/suomenlinnatours.com\/sv\/","name":"Suomenlinna Tours","description":"","potentialAction":[{"@type":"SearchAction","target":{"@type":"EntryPoint","urlTemplate":"https:\/\/suomenlinnatours.com\/sv\/?s={search_term_string}"},"query-input":"required name=search_term_string"}],"inLanguage":"sv-SE"}]}},"_links":{"self":[{"href":"https:\/\/suomenlinnatours.com\/sv\/wp-json\/wp\/v2\/pages\/2213"}],"collection":[{"href":"https:\/\/suomenlinnatours.com\/sv\/wp-json\/wp\/v2\/pages"}],"about":[{"href":"https:\/\/suomenlinnatours.com\/sv\/wp-json\/wp\/v2\/types\/page"}],"author":[{"embeddable":true,"href":"https:\/\/suomenlinnatours.com\/sv\/wp-json\/wp\/v2\/users\/1"}],"replies":[{"embeddable":true,"href":"https:\/\/suomenlinnatours.com\/sv\/wp-json\/wp\/v2\/comments?post=2213"}],"version-history":[{"count":4,"href":"https:\/\/suomenlinnatours.com\/sv\/wp-json\/wp\/v2\/pages\/2213\/revisions"}],"predecessor-version":[{"id":2789,"href":"https:\/\/suomenlinnatours.com\/sv\/wp-json\/wp\/v2\/pages\/2213\/revisions\/2789"}],"wp:attachment":[{"href":"https:\/\/suomenlinnatours.com\/sv\/wp-json\/wp\/v2\/media?parent=2213"}],"curies":[{"name":"wp","href":"https:\/\/api.w.org\/{rel}","templated":true}]}}