{"id":2211,"date":"2024-01-30T15:22:23","date_gmt":"2024-01-30T13:22:23","guid":{"rendered":"https:\/\/suomenlinnatours.com\/ryhmaopastukset\/"},"modified":"2026-02-23T14:26:44","modified_gmt":"2026-02-23T12:26:44","slug":"guidade-turer-for-grupper","status":"publish","type":"page","link":"https:\/\/suomenlinnatours.com\/sv\/suomenlinna-ryhmille\/guidade-turer-for-grupper\/","title":{"rendered":"Guidade turer f\u00f6r grupper"},"content":{"rendered":"\n<p>V\u00e4lkommen till guidade rundvandringar p\u00e5 Sveaborg varje dag, \u00e5ret runt! Vi erbjuder m\u00e5ngsidiga guidade turer f\u00f6r b\u00e5de enskilda \u00e4ventyrare och skr\u00e4ddarsydda turer f\u00f6r grupper. Vi har \u00f6ver 50 utbildade guider som kan leda dig genom f\u00e4stningen p\u00e5 upp till 15 olika spr\u00e5k.<\/p>\n\n\n\n<p>Vill du f\u00f6rdjupa dig i ett visst \u00e4mne? Utforska v\u00e5ra temaguidningar som tar dig med p\u00e5 en resa genom historiens, konstens och kulturens v\u00e4rld!<\/p>\n","protected":false},"excerpt":{"rendered":"<p>Valikoimassamme on opastetun k\u00e4velykierroksen lis\u00e4ksi erilaisia teemaopastuksia. Kaikki oppaamme ovat auktorisoituja Suomenlinna-oppaita.<\/p>\n","protected":false},"author":1,"featured_media":1056,"parent":2213,"menu_order":69,"comment_status":"closed","ping_status":"closed","template":"page-products.php","meta":{"_acf_changed":false,"footnotes":""},"acf":[],"yoast_head":"<!-- This site is optimized with the Yoast SEO plugin v22.6 - https:\/\/yoast.com\/wordpress\/plugins\/seo\/ -->\n<title>Guidade turer f\u00f6r grupper - Suomenlinna Tours<\/title>\n<meta name=\"description\" content=\"V\u00e4lkommen till guidade rundvandringar p\u00e5 Sveaborg! Vi har guider som kan leda dig genom f\u00e4stningen p\u00e5 upp till 15 olika spr\u00e5k.\" \/>\n<meta name=\"robots\" content=\"index, follow, max-snippet:-1, max-image-preview:large, max-video-preview:-1\" \/>\n<link rel=\"canonical\" href=\"https:\/\/suomenlinnatours.com\/sv\/suomenlinna-ryhmille\/guidade-turer-for-grupper\/\" \/>\n<meta property=\"og:locale\" content=\"sv_SE\" \/>\n<meta property=\"og:type\" content=\"article\" \/>\n<meta property=\"og:title\" content=\"Guidade turer f\u00f6r grupper p\u00e5 Sveaborg\" \/>\n<meta property=\"og:description\" content=\"V\u00e4lkommen till guidade rundvandringar p\u00e5 Sveaborg! Vi har guider som kan leda dig genom f\u00e4stningen p\u00e5 upp till 15 olika spr\u00e5k.\" \/>\n<meta property=\"og:url\" content=\"https:\/\/suomenlinnatours.com\/sv\/suomenlinna-ryhmille\/guidade-turer-for-grupper\/\" \/>\n<meta property=\"og:site_name\" content=\"Suomenlinna Tours\" \/>\n<meta property=\"article:publisher\" content=\"https:\/\/www.facebook.com\/ehrensvardseura\" \/>\n<meta property=\"article:modified_time\" content=\"2026-02-23T12:26:44+00:00\" \/>\n<meta property=\"og:image\" content=\"https:\/\/suomenlinnatours.com\/wp-content\/uploads\/2024\/03\/52.jpg\" \/>\n\t<meta property=\"og:image:width\" content=\"1920\" \/>\n\t<meta property=\"og:image:height\" content=\"1080\" \/>\n\t<meta property=\"og:image:type\" content=\"image\/jpeg\" \/>\n<meta name=\"twitter:card\" content=\"summary_large_image\" \/>\n<meta name=\"twitter:label1\" content=\"Ber\u00e4knad l\u00e4stid\" \/>\n\t<meta name=\"twitter:data1\" content=\"1 minut\" \/>\n<script type=\"application\/ld+json\" class=\"yoast-schema-graph\">{\"@context\":\"https:\/\/schema.org\",\"@graph\":[{\"@type\":\"WebPage\",\"@id\":\"https:\/\/suomenlinnatours.com\/sv\/suomenlinna-ryhmille\/guidade-turer-for-grupper\/\",\"url\":\"https:\/\/suomenlinnatours.com\/sv\/suomenlinna-ryhmille\/guidade-turer-for-grupper\/\",\"name\":\"Guidade turer f\u00f6r grupper - Suomenlinna Tours\",\"isPartOf\":{\"@id\":\"https:\/\/suomenlinnatours.com\/sv\/#website\"},\"primaryImageOfPage\":{\"@id\":\"https:\/\/suomenlinnatours.com\/sv\/suomenlinna-ryhmille\/guidade-turer-for-grupper\/#primaryimage\"},\"image\":{\"@id\":\"https:\/\/suomenlinnatours.com\/sv\/suomenlinna-ryhmille\/guidade-turer-for-grupper\/#primaryimage\"},\"thumbnailUrl\":\"https:\/\/suomenlinnatours.com\/wp-content\/uploads\/2024\/02\/image9.jpg\",\"datePublished\":\"2024-01-30T13:22:23+00:00\",\"dateModified\":\"2026-02-23T12:26:44+00:00\",\"description\":\"V\u00e4lkommen till guidade rundvandringar p\u00e5 Sveaborg! Vi har guider som kan leda dig genom f\u00e4stningen p\u00e5 upp till 15 olika spr\u00e5k.\",\"breadcrumb\":{\"@id\":\"https:\/\/suomenlinnatours.com\/sv\/suomenlinna-ryhmille\/guidade-turer-for-grupper\/#breadcrumb\"},\"inLanguage\":\"sv-SE\",\"potentialAction\":[{\"@type\":\"ReadAction\",\"target\":[\"https:\/\/suomenlinnatours.com\/sv\/suomenlinna-ryhmille\/guidade-turer-for-grupper\/\"]}]},{\"@type\":\"ImageObject\",\"inLanguage\":\"sv-SE\",\"@id\":\"https:\/\/suomenlinnatours.com\/sv\/suomenlinna-ryhmille\/guidade-turer-for-grupper\/#primaryimage\",\"url\":\"https:\/\/suomenlinnatours.com\/wp-content\/uploads\/2024\/02\/image9.jpg\",\"contentUrl\":\"https:\/\/suomenlinnatours.com\/wp-content\/uploads\/2024\/02\/image9.jpg\",\"width\":1920,\"height\":1280,\"caption\":\"Opastettu kierros Kiv\u00e4\u00e4rigallerian tunnelissa.\"},{\"@type\":\"BreadcrumbList\",\"@id\":\"https:\/\/suomenlinnatours.com\/sv\/suomenlinna-ryhmille\/guidade-turer-for-grupper\/#breadcrumb\",\"itemListElement\":[{\"@type\":\"ListItem\",\"position\":1,\"name\":\"Etusivu\",\"item\":\"https:\/\/suomenlinnatours.com\/sv\/\"},{\"@type\":\"ListItem\",\"position\":2,\"name\":\"Sveaborg f\u00f6r grupper\",\"item\":\"https:\/\/suomenlinnatours.com\/sv\/suomenlinna-ryhmille\/\"},{\"@type\":\"ListItem\",\"position\":3,\"name\":\"Guidade turer f\u00f6r grupper\"}]},{\"@type\":\"WebSite\",\"@id\":\"https:\/\/suomenlinnatours.com\/sv\/#website\",\"url\":\"https:\/\/suomenlinnatours.com\/sv\/\",\"name\":\"Suomenlinna Tours\",\"description\":\"\",\"potentialAction\":[{\"@type\":\"SearchAction\",\"target\":{\"@type\":\"EntryPoint\",\"urlTemplate\":\"https:\/\/suomenlinnatours.com\/sv\/?s={search_term_string}\"},\"query-input\":\"required name=search_term_string\"}],\"inLanguage\":\"sv-SE\"}]}<\/script>\n<!-- \/ Yoast SEO plugin. -->","yoast_head_json":{"title":"Guidade turer f\u00f6r grupper - Suomenlinna Tours","description":"V\u00e4lkommen till guidade rundvandringar p\u00e5 Sveaborg! Vi har guider som kan leda dig genom f\u00e4stningen p\u00e5 upp till 15 olika spr\u00e5k.","robots":{"index":"index","follow":"follow","max-snippet":"max-snippet:-1","max-image-preview":"max-image-preview:large","max-video-preview":"max-video-preview:-1"},"canonical":"https:\/\/suomenlinnatours.com\/sv\/suomenlinna-ryhmille\/guidade-turer-for-grupper\/","og_locale":"sv_SE","og_type":"article","og_title":"Guidade turer f\u00f6r grupper p\u00e5 Sveaborg","og_description":"V\u00e4lkommen till guidade rundvandringar p\u00e5 Sveaborg! Vi har guider som kan leda dig genom f\u00e4stningen p\u00e5 upp till 15 olika spr\u00e5k.","og_url":"https:\/\/suomenlinnatours.com\/sv\/suomenlinna-ryhmille\/guidade-turer-for-grupper\/","og_site_name":"Suomenlinna Tours","article_publisher":"https:\/\/www.facebook.com\/ehrensvardseura","article_modified_time":"2026-02-23T12:26:44+00:00","og_image":[{"width":1920,"height":1080,"url":"https:\/\/suomenlinnatours.com\/wp-content\/uploads\/2024\/03\/52.jpg","type":"image\/jpeg"}],"twitter_card":"summary_large_image","twitter_misc":{"Ber\u00e4knad l\u00e4stid":"1 minut"},"schema":{"@context":"https:\/\/schema.org","@graph":[{"@type":"WebPage","@id":"https:\/\/suomenlinnatours.com\/sv\/suomenlinna-ryhmille\/guidade-turer-for-grupper\/","url":"https:\/\/suomenlinnatours.com\/sv\/suomenlinna-ryhmille\/guidade-turer-for-grupper\/","name":"Guidade turer f\u00f6r grupper - Suomenlinna Tours","isPartOf":{"@id":"https:\/\/suomenlinnatours.com\/sv\/#website"},"primaryImageOfPage":{"@id":"https:\/\/suomenlinnatours.com\/sv\/suomenlinna-ryhmille\/guidade-turer-for-grupper\/#primaryimage"},"image":{"@id":"https:\/\/suomenlinnatours.com\/sv\/suomenlinna-ryhmille\/guidade-turer-for-grupper\/#primaryimage"},"thumbnailUrl":"https:\/\/suomenlinnatours.com\/wp-content\/uploads\/2024\/02\/image9.jpg","datePublished":"2024-01-30T13:22:23+00:00","dateModified":"2026-02-23T12:26:44+00:00","description":"V\u00e4lkommen till guidade rundvandringar p\u00e5 Sveaborg! Vi har guider som kan leda dig genom f\u00e4stningen p\u00e5 upp till 15 olika spr\u00e5k.","breadcrumb":{"@id":"https:\/\/suomenlinnatours.com\/sv\/suomenlinna-ryhmille\/guidade-turer-for-grupper\/#breadcrumb"},"inLanguage":"sv-SE","potentialAction":[{"@type":"ReadAction","target":["https:\/\/suomenlinnatours.com\/sv\/suomenlinna-ryhmille\/guidade-turer-for-grupper\/"]}]},{"@type":"ImageObject","inLanguage":"sv-SE","@id":"https:\/\/suomenlinnatours.com\/sv\/suomenlinna-ryhmille\/guidade-turer-for-grupper\/#primaryimage","url":"https:\/\/suomenlinnatours.com\/wp-content\/uploads\/2024\/02\/image9.jpg","contentUrl":"https:\/\/suomenlinnatours.com\/wp-content\/uploads\/2024\/02\/image9.jpg","width":1920,"height":1280,"caption":"Opastettu kierros Kiv\u00e4\u00e4rigallerian tunnelissa."},{"@type":"BreadcrumbList","@id":"https:\/\/suomenlinnatours.com\/sv\/suomenlinna-ryhmille\/guidade-turer-for-grupper\/#breadcrumb","itemListElement":[{"@type":"ListItem","position":1,"name":"Etusivu","item":"https:\/\/suomenlinnatours.com\/sv\/"},{"@type":"ListItem","position":2,"name":"Sveaborg f\u00f6r grupper","item":"https:\/\/suomenlinnatours.com\/sv\/suomenlinna-ryhmille\/"},{"@type":"ListItem","position":3,"name":"Guidade turer f\u00f6r grupper"}]},{"@type":"WebSite","@id":"https:\/\/suomenlinnatours.com\/sv\/#website","url":"https:\/\/suomenlinnatours.com\/sv\/","name":"Suomenlinna Tours","description":"","potentialAction":[{"@type":"SearchAction","target":{"@type":"EntryPoint","urlTemplate":"https:\/\/suomenlinnatours.com\/sv\/?s={search_term_string}"},"query-input":"required name=search_term_string"}],"inLanguage":"sv-SE"}]}},"_links":{"self":[{"href":"https:\/\/suomenlinnatours.com\/sv\/wp-json\/wp\/v2\/pages\/2211"}],"collection":[{"href":"https:\/\/suomenlinnatours.com\/sv\/wp-json\/wp\/v2\/pages"}],"about":[{"href":"https:\/\/suomenlinnatours.com\/sv\/wp-json\/wp\/v2\/types\/page"}],"author":[{"embeddable":true,"href":"https:\/\/suomenlinnatours.com\/sv\/wp-json\/wp\/v2\/users\/1"}],"replies":[{"embeddable":true,"href":"https:\/\/suomenlinnatours.com\/sv\/wp-json\/wp\/v2\/comments?post=2211"}],"version-history":[{"count":3,"href":"https:\/\/suomenlinnatours.com\/sv\/wp-json\/wp\/v2\/pages\/2211\/revisions"}],"predecessor-version":[{"id":4105,"href":"https:\/\/suomenlinnatours.com\/sv\/wp-json\/wp\/v2\/pages\/2211\/revisions\/4105"}],"up":[{"embeddable":true,"href":"https:\/\/suomenlinnatours.com\/sv\/wp-json\/wp\/v2\/pages\/2213"}],"wp:featuredmedia":[{"embeddable":true,"href":"https:\/\/suomenlinnatours.com\/sv\/wp-json\/wp\/v2\/media\/1056"}],"wp:attachment":[{"href":"https:\/\/suomenlinnatours.com\/sv\/wp-json\/wp\/v2\/media?parent=2211"}],"curies":[{"name":"wp","href":"https:\/\/api.w.org\/{rel}","templated":true}]}}