{"id":2209,"date":"2024-01-31T08:02:39","date_gmt":"2024-01-31T06:02:39","guid":{"rendered":"https:\/\/suomenlinnatours.com\/kokouspaketit\/"},"modified":"2026-02-24T15:02:10","modified_gmt":"2026-02-24T13:02:10","slug":"motespaket","status":"publish","type":"page","link":"https:\/\/suomenlinnatours.com\/sv\/suomenlinna-ryhmille\/motespaket\/","title":{"rendered":"M\u00f6tespaket"},"content":{"rendered":"\n<p>Krona din m\u00f6tesdag genom att v\u00e4lja Sveaborgs unika milj\u00f6 som din m\u00f6tesplats. Vi erbjuder omfattande m\u00f6tespaket inklusive lokaler, resor, servering och rekreation.<\/p>\n\n\n\n<p><\/p>\n","protected":false},"excerpt":{"rendered":"<p>Krona din m\u00f6tesdag genom att v\u00e4lja Sveaborgs unika milj\u00f6 som din m\u00f6tesplats. Vi erbjuder omfattande m\u00f6tespaket inklusive lokaler, resor, servering och rekreation.<\/p>\n","protected":false},"author":1,"featured_media":1386,"parent":2213,"menu_order":74,"comment_status":"closed","ping_status":"closed","template":"","meta":{"_acf_changed":false,"footnotes":""},"acf":[],"yoast_head":"<!-- This site is optimized with the Yoast SEO plugin v22.6 - https:\/\/yoast.com\/wordpress\/plugins\/seo\/ -->\n<title>M\u00f6tespaket - Suomenlinna Tours<\/title>\n<meta name=\"description\" content=\"M\u00f6tespaket p\u00e5 Sveaborg. Vi erbjuder omfattande m\u00f6tespaket inklusive lokaler, resor, servering och rekreation.\" \/>\n<meta name=\"robots\" content=\"index, follow, max-snippet:-1, max-image-preview:large, max-video-preview:-1\" \/>\n<link rel=\"canonical\" href=\"https:\/\/suomenlinnatours.com\/sv\/suomenlinna-ryhmille\/motespaket\/\" \/>\n<meta property=\"og:locale\" content=\"sv_SE\" \/>\n<meta property=\"og:type\" content=\"article\" \/>\n<meta property=\"og:title\" content=\"M\u00f6tespaket p\u00e5 Sveaborg.\" \/>\n<meta property=\"og:description\" content=\"M\u00f6tespaket p\u00e5 Sveaborg. Vi erbjuder omfattande m\u00f6tespaket inklusive lokaler, resor, servering och rekreation.\" \/>\n<meta property=\"og:url\" content=\"https:\/\/suomenlinnatours.com\/sv\/suomenlinna-ryhmille\/motespaket\/\" \/>\n<meta property=\"og:site_name\" content=\"Suomenlinna Tours\" \/>\n<meta property=\"article:publisher\" content=\"https:\/\/www.facebook.com\/ehrensvardseura\" \/>\n<meta property=\"article:modified_time\" content=\"2026-02-24T13:02:10+00:00\" \/>\n<meta property=\"og:image\" content=\"https:\/\/suomenlinnatours.com\/wp-content\/uploads\/2026\/02\/Suomenlinna-Kokouspalvelut-Fersen.jpg\" \/>\n\t<meta property=\"og:image:width\" content=\"1920\" \/>\n\t<meta property=\"og:image:height\" content=\"1080\" \/>\n\t<meta property=\"og:image:type\" content=\"image\/jpeg\" \/>\n<meta name=\"twitter:card\" content=\"summary_large_image\" \/>\n<meta name=\"twitter:label1\" content=\"Ber\u00e4knad l\u00e4stid\" \/>\n\t<meta name=\"twitter:data1\" content=\"3 minuter\" \/>\n<script type=\"application\/ld+json\" class=\"yoast-schema-graph\">{\"@context\":\"https:\/\/schema.org\",\"@graph\":[{\"@type\":\"WebPage\",\"@id\":\"https:\/\/suomenlinnatours.com\/sv\/suomenlinna-ryhmille\/motespaket\/\",\"url\":\"https:\/\/suomenlinnatours.com\/sv\/suomenlinna-ryhmille\/motespaket\/\",\"name\":\"M\u00f6tespaket - Suomenlinna Tours\",\"isPartOf\":{\"@id\":\"https:\/\/suomenlinnatours.com\/sv\/#website\"},\"primaryImageOfPage\":{\"@id\":\"https:\/\/suomenlinnatours.com\/sv\/suomenlinna-ryhmille\/motespaket\/#primaryimage\"},\"image\":{\"@id\":\"https:\/\/suomenlinnatours.com\/sv\/suomenlinna-ryhmille\/motespaket\/#primaryimage\"},\"thumbnailUrl\":\"https:\/\/suomenlinnatours.com\/wp-content\/uploads\/2024\/02\/Kuva-19-Dans_pa_Sveaborg_1764_preview.jpg\",\"datePublished\":\"2024-01-31T06:02:39+00:00\",\"dateModified\":\"2026-02-24T13:02:10+00:00\",\"description\":\"M\u00f6tespaket p\u00e5 Sveaborg. Vi erbjuder omfattande m\u00f6tespaket inklusive lokaler, resor, servering och rekreation.\",\"breadcrumb\":{\"@id\":\"https:\/\/suomenlinnatours.com\/sv\/suomenlinna-ryhmille\/motespaket\/#breadcrumb\"},\"inLanguage\":\"sv-SE\",\"potentialAction\":[{\"@type\":\"ReadAction\",\"target\":[\"https:\/\/suomenlinnatours.com\/sv\/suomenlinna-ryhmille\/motespaket\/\"]}]},{\"@type\":\"ImageObject\",\"inLanguage\":\"sv-SE\",\"@id\":\"https:\/\/suomenlinnatours.com\/sv\/suomenlinna-ryhmille\/motespaket\/#primaryimage\",\"url\":\"https:\/\/suomenlinnatours.com\/wp-content\/uploads\/2024\/02\/Kuva-19-Dans_pa_Sveaborg_1764_preview.jpg\",\"contentUrl\":\"https:\/\/suomenlinnatours.com\/wp-content\/uploads\/2024\/02\/Kuva-19-Dans_pa_Sveaborg_1764_preview.jpg\",\"width\":1600,\"height\":963,\"caption\":\"Elias Martinin \\\"Suomenlinnan tanssi\\\" -piirros. Alkuperi\u00e4inen teos on Ruotsin kansallismuseossa.\"},{\"@type\":\"BreadcrumbList\",\"@id\":\"https:\/\/suomenlinnatours.com\/sv\/suomenlinna-ryhmille\/motespaket\/#breadcrumb\",\"itemListElement\":[{\"@type\":\"ListItem\",\"position\":1,\"name\":\"Etusivu\",\"item\":\"https:\/\/suomenlinnatours.com\/sv\/\"},{\"@type\":\"ListItem\",\"position\":2,\"name\":\"Sveaborg f\u00f6r grupper\",\"item\":\"https:\/\/suomenlinnatours.com\/sv\/suomenlinna-ryhmille\/\"},{\"@type\":\"ListItem\",\"position\":3,\"name\":\"M\u00f6tespaket\"}]},{\"@type\":\"WebSite\",\"@id\":\"https:\/\/suomenlinnatours.com\/sv\/#website\",\"url\":\"https:\/\/suomenlinnatours.com\/sv\/\",\"name\":\"Suomenlinna Tours\",\"description\":\"\",\"potentialAction\":[{\"@type\":\"SearchAction\",\"target\":{\"@type\":\"EntryPoint\",\"urlTemplate\":\"https:\/\/suomenlinnatours.com\/sv\/?s={search_term_string}\"},\"query-input\":\"required name=search_term_string\"}],\"inLanguage\":\"sv-SE\"}]}<\/script>\n<!-- \/ Yoast SEO plugin. -->","yoast_head_json":{"title":"M\u00f6tespaket - Suomenlinna Tours","description":"M\u00f6tespaket p\u00e5 Sveaborg. Vi erbjuder omfattande m\u00f6tespaket inklusive lokaler, resor, servering och rekreation.","robots":{"index":"index","follow":"follow","max-snippet":"max-snippet:-1","max-image-preview":"max-image-preview:large","max-video-preview":"max-video-preview:-1"},"canonical":"https:\/\/suomenlinnatours.com\/sv\/suomenlinna-ryhmille\/motespaket\/","og_locale":"sv_SE","og_type":"article","og_title":"M\u00f6tespaket p\u00e5 Sveaborg.","og_description":"M\u00f6tespaket p\u00e5 Sveaborg. Vi erbjuder omfattande m\u00f6tespaket inklusive lokaler, resor, servering och rekreation.","og_url":"https:\/\/suomenlinnatours.com\/sv\/suomenlinna-ryhmille\/motespaket\/","og_site_name":"Suomenlinna Tours","article_publisher":"https:\/\/www.facebook.com\/ehrensvardseura","article_modified_time":"2026-02-24T13:02:10+00:00","og_image":[{"width":1920,"height":1080,"url":"https:\/\/suomenlinnatours.com\/wp-content\/uploads\/2026\/02\/Suomenlinna-Kokouspalvelut-Fersen.jpg","type":"image\/jpeg"}],"twitter_card":"summary_large_image","twitter_misc":{"Ber\u00e4knad l\u00e4stid":"3 minuter"},"schema":{"@context":"https:\/\/schema.org","@graph":[{"@type":"WebPage","@id":"https:\/\/suomenlinnatours.com\/sv\/suomenlinna-ryhmille\/motespaket\/","url":"https:\/\/suomenlinnatours.com\/sv\/suomenlinna-ryhmille\/motespaket\/","name":"M\u00f6tespaket - Suomenlinna Tours","isPartOf":{"@id":"https:\/\/suomenlinnatours.com\/sv\/#website"},"primaryImageOfPage":{"@id":"https:\/\/suomenlinnatours.com\/sv\/suomenlinna-ryhmille\/motespaket\/#primaryimage"},"image":{"@id":"https:\/\/suomenlinnatours.com\/sv\/suomenlinna-ryhmille\/motespaket\/#primaryimage"},"thumbnailUrl":"https:\/\/suomenlinnatours.com\/wp-content\/uploads\/2024\/02\/Kuva-19-Dans_pa_Sveaborg_1764_preview.jpg","datePublished":"2024-01-31T06:02:39+00:00","dateModified":"2026-02-24T13:02:10+00:00","description":"M\u00f6tespaket p\u00e5 Sveaborg. Vi erbjuder omfattande m\u00f6tespaket inklusive lokaler, resor, servering och rekreation.","breadcrumb":{"@id":"https:\/\/suomenlinnatours.com\/sv\/suomenlinna-ryhmille\/motespaket\/#breadcrumb"},"inLanguage":"sv-SE","potentialAction":[{"@type":"ReadAction","target":["https:\/\/suomenlinnatours.com\/sv\/suomenlinna-ryhmille\/motespaket\/"]}]},{"@type":"ImageObject","inLanguage":"sv-SE","@id":"https:\/\/suomenlinnatours.com\/sv\/suomenlinna-ryhmille\/motespaket\/#primaryimage","url":"https:\/\/suomenlinnatours.com\/wp-content\/uploads\/2024\/02\/Kuva-19-Dans_pa_Sveaborg_1764_preview.jpg","contentUrl":"https:\/\/suomenlinnatours.com\/wp-content\/uploads\/2024\/02\/Kuva-19-Dans_pa_Sveaborg_1764_preview.jpg","width":1600,"height":963,"caption":"Elias Martinin \"Suomenlinnan tanssi\" -piirros. Alkuperi\u00e4inen teos on Ruotsin kansallismuseossa."},{"@type":"BreadcrumbList","@id":"https:\/\/suomenlinnatours.com\/sv\/suomenlinna-ryhmille\/motespaket\/#breadcrumb","itemListElement":[{"@type":"ListItem","position":1,"name":"Etusivu","item":"https:\/\/suomenlinnatours.com\/sv\/"},{"@type":"ListItem","position":2,"name":"Sveaborg f\u00f6r grupper","item":"https:\/\/suomenlinnatours.com\/sv\/suomenlinna-ryhmille\/"},{"@type":"ListItem","position":3,"name":"M\u00f6tespaket"}]},{"@type":"WebSite","@id":"https:\/\/suomenlinnatours.com\/sv\/#website","url":"https:\/\/suomenlinnatours.com\/sv\/","name":"Suomenlinna Tours","description":"","potentialAction":[{"@type":"SearchAction","target":{"@type":"EntryPoint","urlTemplate":"https:\/\/suomenlinnatours.com\/sv\/?s={search_term_string}"},"query-input":"required name=search_term_string"}],"inLanguage":"sv-SE"}]}},"_links":{"self":[{"href":"https:\/\/suomenlinnatours.com\/sv\/wp-json\/wp\/v2\/pages\/2209"}],"collection":[{"href":"https:\/\/suomenlinnatours.com\/sv\/wp-json\/wp\/v2\/pages"}],"about":[{"href":"https:\/\/suomenlinnatours.com\/sv\/wp-json\/wp\/v2\/types\/page"}],"author":[{"embeddable":true,"href":"https:\/\/suomenlinnatours.com\/sv\/wp-json\/wp\/v2\/users\/1"}],"replies":[{"embeddable":true,"href":"https:\/\/suomenlinnatours.com\/sv\/wp-json\/wp\/v2\/comments?post=2209"}],"version-history":[{"count":11,"href":"https:\/\/suomenlinnatours.com\/sv\/wp-json\/wp\/v2\/pages\/2209\/revisions"}],"predecessor-version":[{"id":4156,"href":"https:\/\/suomenlinnatours.com\/sv\/wp-json\/wp\/v2\/pages\/2209\/revisions\/4156"}],"up":[{"embeddable":true,"href":"https:\/\/suomenlinnatours.com\/sv\/wp-json\/wp\/v2\/pages\/2213"}],"wp:featuredmedia":[{"embeddable":true,"href":"https:\/\/suomenlinnatours.com\/sv\/wp-json\/wp\/v2\/media\/1386"}],"wp:attachment":[{"href":"https:\/\/suomenlinnatours.com\/sv\/wp-json\/wp\/v2\/media?parent=2209"}],"curies":[{"name":"wp","href":"https:\/\/api.w.org\/{rel}","templated":true}]}}