{"id":2207,"date":"2024-01-31T09:11:51","date_gmt":"2024-01-31T07:11:51","guid":{"rendered":"https:\/\/suomenlinnatours.com\/avoimet-tyopaikat\/"},"modified":"2026-02-23T14:58:54","modified_gmt":"2026-02-23T12:58:54","slug":"lediga-arbetsplatser","status":"publish","type":"page","link":"https:\/\/suomenlinnatours.com\/sv\/lediga-arbetsplatser\/","title":{"rendered":"Lediga arbetsplatser"},"content":{"rendered":"\n<p>Samfundet Ehrensv\u00e4rd \u00e4r en m\u00e5ngsidig arbetsgivare p\u00e5 Suomenlinna, en UNESCO-v\u00e4rldsarvsplats.<\/p>\n","protected":false},"excerpt":{"rendered":"<p>Samfundet Ehrensv\u00e4rd \u00e4r en m\u00e5ngsidig arbetsgivare p\u00e5 Suomenlinna, en UNESCO-v\u00e4rldsarvsplats.<\/p>\n","protected":false},"author":1,"featured_media":1075,"parent":0,"menu_order":81,"comment_status":"closed","ping_status":"closed","template":"","meta":{"_acf_changed":false,"footnotes":""},"acf":[],"yoast_head":"<!-- This site is optimized with the Yoast SEO plugin v22.6 - https:\/\/yoast.com\/wordpress\/plugins\/seo\/ -->\n<title>Lediga arbetsplatser - Suomenlinna Tours<\/title>\n<meta name=\"description\" content=\"Lediga arbetsplatser p\u00e5 Sveaborg. Samfundet Ehrensv\u00e4rd \u00e4r en m\u00e5ngsidig arbetsgivare p\u00e5 Suomenlinna, en UNESCO-v\u00e4rldsarvsplats.\" \/>\n<meta name=\"robots\" content=\"index, follow, max-snippet:-1, max-image-preview:large, max-video-preview:-1\" \/>\n<link rel=\"canonical\" href=\"https:\/\/suomenlinnatours.com\/sv\/lediga-arbetsplatser\/\" \/>\n<meta property=\"og:locale\" content=\"sv_SE\" \/>\n<meta property=\"og:type\" content=\"article\" \/>\n<meta property=\"og:title\" content=\"Lediga arbetsplatser p\u00e5 Sveaborg.\" \/>\n<meta property=\"og:description\" content=\"Lediga arbetsplatser p\u00e5 Sveaborg. Samfundet Ehrensv\u00e4rd \u00e4r en m\u00e5ngsidig arbetsgivare p\u00e5 Suomenlinna, en UNESCO-v\u00e4rldsarvsplats.\" \/>\n<meta property=\"og:url\" content=\"https:\/\/suomenlinnatours.com\/sv\/lediga-arbetsplatser\/\" \/>\n<meta property=\"og:site_name\" content=\"Suomenlinna Tours\" \/>\n<meta property=\"article:publisher\" content=\"https:\/\/www.facebook.com\/ehrensvardseura\" \/>\n<meta property=\"article:modified_time\" content=\"2026-02-23T12:58:54+00:00\" \/>\n<meta property=\"og:image\" content=\"https:\/\/suomenlinnatours.com\/wp-content\/uploads\/2024\/02\/Suomenlinna-kustaanmiekka-bastioni.jpg\" \/>\n\t<meta property=\"og:image:width\" content=\"1920\" \/>\n\t<meta property=\"og:image:height\" content=\"1080\" \/>\n\t<meta property=\"og:image:type\" content=\"image\/jpeg\" \/>\n<meta name=\"twitter:card\" content=\"summary_large_image\" \/>\n<meta name=\"twitter:label1\" content=\"Ber\u00e4knad l\u00e4stid\" \/>\n\t<meta name=\"twitter:data1\" content=\"1 minut\" \/>\n<script type=\"application\/ld+json\" class=\"yoast-schema-graph\">{\"@context\":\"https:\/\/schema.org\",\"@graph\":[{\"@type\":\"WebPage\",\"@id\":\"https:\/\/suomenlinnatours.com\/sv\/lediga-arbetsplatser\/\",\"url\":\"https:\/\/suomenlinnatours.com\/sv\/lediga-arbetsplatser\/\",\"name\":\"Lediga arbetsplatser - Suomenlinna Tours\",\"isPartOf\":{\"@id\":\"https:\/\/suomenlinnatours.com\/sv\/#website\"},\"primaryImageOfPage\":{\"@id\":\"https:\/\/suomenlinnatours.com\/sv\/lediga-arbetsplatser\/#primaryimage\"},\"image\":{\"@id\":\"https:\/\/suomenlinnatours.com\/sv\/lediga-arbetsplatser\/#primaryimage\"},\"thumbnailUrl\":\"https:\/\/suomenlinnatours.com\/wp-content\/uploads\/2024\/02\/Suomenlinna-kustaanmiekka-bastioni.jpg\",\"datePublished\":\"2024-01-31T07:11:51+00:00\",\"dateModified\":\"2026-02-23T12:58:54+00:00\",\"description\":\"Lediga arbetsplatser p\u00e5 Sveaborg. Samfundet Ehrensv\u00e4rd \u00e4r en m\u00e5ngsidig arbetsgivare p\u00e5 Suomenlinna, en UNESCO-v\u00e4rldsarvsplats.\",\"breadcrumb\":{\"@id\":\"https:\/\/suomenlinnatours.com\/sv\/lediga-arbetsplatser\/#breadcrumb\"},\"inLanguage\":\"sv-SE\",\"potentialAction\":[{\"@type\":\"ReadAction\",\"target\":[\"https:\/\/suomenlinnatours.com\/sv\/lediga-arbetsplatser\/\"]}]},{\"@type\":\"ImageObject\",\"inLanguage\":\"sv-SE\",\"@id\":\"https:\/\/suomenlinnatours.com\/sv\/lediga-arbetsplatser\/#primaryimage\",\"url\":\"https:\/\/suomenlinnatours.com\/wp-content\/uploads\/2024\/02\/Suomenlinna-kustaanmiekka-bastioni.jpg\",\"contentUrl\":\"https:\/\/suomenlinnatours.com\/wp-content\/uploads\/2024\/02\/Suomenlinna-kustaanmiekka-bastioni.jpg\",\"width\":1920,\"height\":1080,\"caption\":\"Suomenlinnan Kustaanmiekalta merellinen kuva avoimet ty\u00f6paikat sivulla.\"},{\"@type\":\"BreadcrumbList\",\"@id\":\"https:\/\/suomenlinnatours.com\/sv\/lediga-arbetsplatser\/#breadcrumb\",\"itemListElement\":[{\"@type\":\"ListItem\",\"position\":1,\"name\":\"Etusivu\",\"item\":\"https:\/\/suomenlinnatours.com\/sv\/\"},{\"@type\":\"ListItem\",\"position\":2,\"name\":\"Lediga arbetsplatser\"}]},{\"@type\":\"WebSite\",\"@id\":\"https:\/\/suomenlinnatours.com\/sv\/#website\",\"url\":\"https:\/\/suomenlinnatours.com\/sv\/\",\"name\":\"Suomenlinna Tours\",\"description\":\"\",\"potentialAction\":[{\"@type\":\"SearchAction\",\"target\":{\"@type\":\"EntryPoint\",\"urlTemplate\":\"https:\/\/suomenlinnatours.com\/sv\/?s={search_term_string}\"},\"query-input\":\"required name=search_term_string\"}],\"inLanguage\":\"sv-SE\"}]}<\/script>\n<!-- \/ Yoast SEO plugin. -->","yoast_head_json":{"title":"Lediga arbetsplatser - Suomenlinna Tours","description":"Lediga arbetsplatser p\u00e5 Sveaborg. Samfundet Ehrensv\u00e4rd \u00e4r en m\u00e5ngsidig arbetsgivare p\u00e5 Suomenlinna, en UNESCO-v\u00e4rldsarvsplats.","robots":{"index":"index","follow":"follow","max-snippet":"max-snippet:-1","max-image-preview":"max-image-preview:large","max-video-preview":"max-video-preview:-1"},"canonical":"https:\/\/suomenlinnatours.com\/sv\/lediga-arbetsplatser\/","og_locale":"sv_SE","og_type":"article","og_title":"Lediga arbetsplatser p\u00e5 Sveaborg.","og_description":"Lediga arbetsplatser p\u00e5 Sveaborg. Samfundet Ehrensv\u00e4rd \u00e4r en m\u00e5ngsidig arbetsgivare p\u00e5 Suomenlinna, en UNESCO-v\u00e4rldsarvsplats.","og_url":"https:\/\/suomenlinnatours.com\/sv\/lediga-arbetsplatser\/","og_site_name":"Suomenlinna Tours","article_publisher":"https:\/\/www.facebook.com\/ehrensvardseura","article_modified_time":"2026-02-23T12:58:54+00:00","og_image":[{"width":1920,"height":1080,"url":"https:\/\/suomenlinnatours.com\/wp-content\/uploads\/2024\/02\/Suomenlinna-kustaanmiekka-bastioni.jpg","type":"image\/jpeg"}],"twitter_card":"summary_large_image","twitter_misc":{"Ber\u00e4knad l\u00e4stid":"1 minut"},"schema":{"@context":"https:\/\/schema.org","@graph":[{"@type":"WebPage","@id":"https:\/\/suomenlinnatours.com\/sv\/lediga-arbetsplatser\/","url":"https:\/\/suomenlinnatours.com\/sv\/lediga-arbetsplatser\/","name":"Lediga arbetsplatser - Suomenlinna Tours","isPartOf":{"@id":"https:\/\/suomenlinnatours.com\/sv\/#website"},"primaryImageOfPage":{"@id":"https:\/\/suomenlinnatours.com\/sv\/lediga-arbetsplatser\/#primaryimage"},"image":{"@id":"https:\/\/suomenlinnatours.com\/sv\/lediga-arbetsplatser\/#primaryimage"},"thumbnailUrl":"https:\/\/suomenlinnatours.com\/wp-content\/uploads\/2024\/02\/Suomenlinna-kustaanmiekka-bastioni.jpg","datePublished":"2024-01-31T07:11:51+00:00","dateModified":"2026-02-23T12:58:54+00:00","description":"Lediga arbetsplatser p\u00e5 Sveaborg. Samfundet Ehrensv\u00e4rd \u00e4r en m\u00e5ngsidig arbetsgivare p\u00e5 Suomenlinna, en UNESCO-v\u00e4rldsarvsplats.","breadcrumb":{"@id":"https:\/\/suomenlinnatours.com\/sv\/lediga-arbetsplatser\/#breadcrumb"},"inLanguage":"sv-SE","potentialAction":[{"@type":"ReadAction","target":["https:\/\/suomenlinnatours.com\/sv\/lediga-arbetsplatser\/"]}]},{"@type":"ImageObject","inLanguage":"sv-SE","@id":"https:\/\/suomenlinnatours.com\/sv\/lediga-arbetsplatser\/#primaryimage","url":"https:\/\/suomenlinnatours.com\/wp-content\/uploads\/2024\/02\/Suomenlinna-kustaanmiekka-bastioni.jpg","contentUrl":"https:\/\/suomenlinnatours.com\/wp-content\/uploads\/2024\/02\/Suomenlinna-kustaanmiekka-bastioni.jpg","width":1920,"height":1080,"caption":"Suomenlinnan Kustaanmiekalta merellinen kuva avoimet ty\u00f6paikat sivulla."},{"@type":"BreadcrumbList","@id":"https:\/\/suomenlinnatours.com\/sv\/lediga-arbetsplatser\/#breadcrumb","itemListElement":[{"@type":"ListItem","position":1,"name":"Etusivu","item":"https:\/\/suomenlinnatours.com\/sv\/"},{"@type":"ListItem","position":2,"name":"Lediga arbetsplatser"}]},{"@type":"WebSite","@id":"https:\/\/suomenlinnatours.com\/sv\/#website","url":"https:\/\/suomenlinnatours.com\/sv\/","name":"Suomenlinna Tours","description":"","potentialAction":[{"@type":"SearchAction","target":{"@type":"EntryPoint","urlTemplate":"https:\/\/suomenlinnatours.com\/sv\/?s={search_term_string}"},"query-input":"required name=search_term_string"}],"inLanguage":"sv-SE"}]}},"_links":{"self":[{"href":"https:\/\/suomenlinnatours.com\/sv\/wp-json\/wp\/v2\/pages\/2207"}],"collection":[{"href":"https:\/\/suomenlinnatours.com\/sv\/wp-json\/wp\/v2\/pages"}],"about":[{"href":"https:\/\/suomenlinnatours.com\/sv\/wp-json\/wp\/v2\/types\/page"}],"author":[{"embeddable":true,"href":"https:\/\/suomenlinnatours.com\/sv\/wp-json\/wp\/v2\/users\/1"}],"replies":[{"embeddable":true,"href":"https:\/\/suomenlinnatours.com\/sv\/wp-json\/wp\/v2\/comments?post=2207"}],"version-history":[{"count":2,"href":"https:\/\/suomenlinnatours.com\/sv\/wp-json\/wp\/v2\/pages\/2207\/revisions"}],"predecessor-version":[{"id":2816,"href":"https:\/\/suomenlinnatours.com\/sv\/wp-json\/wp\/v2\/pages\/2207\/revisions\/2816"}],"wp:featuredmedia":[{"embeddable":true,"href":"https:\/\/suomenlinnatours.com\/sv\/wp-json\/wp\/v2\/media\/1075"}],"wp:attachment":[{"href":"https:\/\/suomenlinnatours.com\/sv\/wp-json\/wp\/v2\/media?parent=2207"}],"curies":[{"name":"wp","href":"https:\/\/api.w.org\/{rel}","templated":true}]}}