{"id":2205,"date":"2024-02-02T15:34:11","date_gmt":"2024-02-02T13:34:11","guid":{"rendered":"https:\/\/suomenlinnatours.com\/meista\/liity-jaseneksi\/"},"modified":"2026-02-23T15:09:47","modified_gmt":"2026-02-23T13:09:47","slug":"medlemsverksamhet","status":"publish","type":"page","link":"https:\/\/suomenlinnatours.com\/sv\/samfundet-ehrensvard\/medlemsverksamhet\/","title":{"rendered":"Medlemsverksamhet"},"content":{"rendered":"","protected":false},"excerpt":{"rendered":"","protected":false},"author":1,"featured_media":1102,"parent":2203,"menu_order":92,"comment_status":"closed","ping_status":"closed","template":"","meta":{"_acf_changed":false,"footnotes":""},"class_list":["post-2205","page","type-page","status-publish","has-post-thumbnail","hentry"],"acf":[],"yoast_head":"<!-- This site is optimized with the Yoast SEO plugin v27.5 - https:\/\/yoast.com\/product\/yoast-seo-wordpress\/ -->\n<title>Medlemsverksamhet - Suomenlinna Tours<\/title>\n<meta name=\"description\" content=\"Som medlem i Samfundet Ehrensv\u00e4rd f\u00e5r du ta del av ny forskning, intressanta utflyktsm\u00e5l och f\u00f6reningens omfattande verksamhet.\" \/>\n<meta name=\"robots\" content=\"index, follow, max-snippet:-1, max-image-preview:large, max-video-preview:-1\" \/>\n<link rel=\"canonical\" href=\"https:\/\/suomenlinnatours.com\/sv\/samfundet-ehrensvard\/medlemsverksamhet\/\" \/>\n<meta property=\"og:locale\" content=\"sv_SE\" \/>\n<meta property=\"og:type\" content=\"article\" \/>\n<meta property=\"og:title\" content=\"Samfundet Ehrensv\u00e4rds medlemsverksamhet\" \/>\n<meta property=\"og:description\" content=\"Som medlem i Samfundet Ehrensv\u00e4rd f\u00e5r du ta del av ny forskning, intressanta utflyktsm\u00e5l och f\u00f6reningens omfattande verksamhet.\" \/>\n<meta property=\"og:url\" content=\"https:\/\/suomenlinnatours.com\/sv\/samfundet-ehrensvard\/medlemsverksamhet\/\" \/>\n<meta property=\"og:site_name\" content=\"Suomenlinna Tours\" \/>\n<meta property=\"article:publisher\" content=\"https:\/\/www.facebook.com\/ehrensvardseura\" \/>\n<meta property=\"article:modified_time\" content=\"2026-02-23T13:09:47+00:00\" \/>\n<meta property=\"og:image\" content=\"https:\/\/suomenlinnatours.com\/wp-content\/uploads\/2024\/02\/20180602-Augustin-Ehrensvard-Hautamuistomerkki-Kuva-Pauli-Peltomaki-scaled-\u2013-kopio.jpg\" \/>\n\t<meta property=\"og:image:width\" content=\"2079\" \/>\n\t<meta property=\"og:image:height\" content=\"1707\" \/>\n\t<meta property=\"og:image:type\" content=\"image\/jpeg\" \/>\n<meta name=\"twitter:card\" content=\"summary_large_image\" \/>\n<meta name=\"twitter:label1\" content=\"Ber\u00e4knad l\u00e4stid\" \/>\n\t<meta name=\"twitter:data1\" content=\"2 minuter\" \/>\n<script type=\"application\/ld+json\" class=\"yoast-schema-graph\">{\"@context\":\"https:\\\/\\\/schema.org\",\"@graph\":[{\"@type\":\"WebPage\",\"@id\":\"https:\\\/\\\/suomenlinnatours.com\\\/sv\\\/samfundet-ehrensvard\\\/medlemsverksamhet\\\/\",\"url\":\"https:\\\/\\\/suomenlinnatours.com\\\/sv\\\/samfundet-ehrensvard\\\/medlemsverksamhet\\\/\",\"name\":\"Medlemsverksamhet - Suomenlinna Tours\",\"isPartOf\":{\"@id\":\"https:\\\/\\\/suomenlinnatours.com\\\/sv\\\/#website\"},\"primaryImageOfPage\":{\"@id\":\"https:\\\/\\\/suomenlinnatours.com\\\/sv\\\/samfundet-ehrensvard\\\/medlemsverksamhet\\\/#primaryimage\"},\"image\":{\"@id\":\"https:\\\/\\\/suomenlinnatours.com\\\/sv\\\/samfundet-ehrensvard\\\/medlemsverksamhet\\\/#primaryimage\"},\"thumbnailUrl\":\"https:\\\/\\\/suomenlinnatours.com\\\/wp-content\\\/uploads\\\/2024\\\/02\\\/20180602-Augustin-Ehrensvard-Hautamuistomerkki-Kuva-Pauli-Peltomaki-scaled-\u2013-kopio.jpg\",\"datePublished\":\"2024-02-02T13:34:11+00:00\",\"dateModified\":\"2026-02-23T13:09:47+00:00\",\"description\":\"Som medlem i Samfundet Ehrensv\u00e4rd f\u00e5r du ta del av ny forskning, intressanta utflyktsm\u00e5l och f\u00f6reningens omfattande verksamhet.\",\"breadcrumb\":{\"@id\":\"https:\\\/\\\/suomenlinnatours.com\\\/sv\\\/samfundet-ehrensvard\\\/medlemsverksamhet\\\/#breadcrumb\"},\"inLanguage\":\"sv-SE\",\"potentialAction\":[{\"@type\":\"ReadAction\",\"target\":[\"https:\\\/\\\/suomenlinnatours.com\\\/sv\\\/samfundet-ehrensvard\\\/medlemsverksamhet\\\/\"]}]},{\"@type\":\"ImageObject\",\"inLanguage\":\"sv-SE\",\"@id\":\"https:\\\/\\\/suomenlinnatours.com\\\/sv\\\/samfundet-ehrensvard\\\/medlemsverksamhet\\\/#primaryimage\",\"url\":\"https:\\\/\\\/suomenlinnatours.com\\\/wp-content\\\/uploads\\\/2024\\\/02\\\/20180602-Augustin-Ehrensvard-Hautamuistomerkki-Kuva-Pauli-Peltomaki-scaled-\u2013-kopio.jpg\",\"contentUrl\":\"https:\\\/\\\/suomenlinnatours.com\\\/wp-content\\\/uploads\\\/2024\\\/02\\\/20180602-Augustin-Ehrensvard-Hautamuistomerkki-Kuva-Pauli-Peltomaki-scaled-\u2013-kopio.jpg\",\"width\":2079,\"height\":1707,\"caption\":\"Augustin Ehrensv\u00e4rdin haudan p\u00e4\u00e4ll\u00e4 olevat kyp\u00e4r\u00e4 ja kilpi t\u00e4ysikuun loisteessa.\"},{\"@type\":\"BreadcrumbList\",\"@id\":\"https:\\\/\\\/suomenlinnatours.com\\\/sv\\\/samfundet-ehrensvard\\\/medlemsverksamhet\\\/#breadcrumb\",\"itemListElement\":[{\"@type\":\"ListItem\",\"position\":1,\"name\":\"Etusivu\",\"item\":\"https:\\\/\\\/suomenlinnatours.com\\\/sv\\\/\"},{\"@type\":\"ListItem\",\"position\":2,\"name\":\"Samfundet Ehrensv\u00e4rd\",\"item\":\"https:\\\/\\\/suomenlinnatours.com\\\/sv\\\/samfundet-ehrensvard\\\/\"},{\"@type\":\"ListItem\",\"position\":3,\"name\":\"Medlemsverksamhet\"}]},{\"@type\":\"WebSite\",\"@id\":\"https:\\\/\\\/suomenlinnatours.com\\\/sv\\\/#website\",\"url\":\"https:\\\/\\\/suomenlinnatours.com\\\/sv\\\/\",\"name\":\"Suomenlinna Tours\",\"description\":\"\",\"potentialAction\":[{\"@type\":\"SearchAction\",\"target\":{\"@type\":\"EntryPoint\",\"urlTemplate\":\"https:\\\/\\\/suomenlinnatours.com\\\/sv\\\/?s={search_term_string}\"},\"query-input\":{\"@type\":\"PropertyValueSpecification\",\"valueRequired\":true,\"valueName\":\"search_term_string\"}}],\"inLanguage\":\"sv-SE\"}]}<\/script>\n<!-- \/ Yoast SEO plugin. -->","yoast_head_json":{"title":"Medlemsverksamhet - Suomenlinna Tours","description":"Som medlem i Samfundet Ehrensv\u00e4rd f\u00e5r du ta del av ny forskning, intressanta utflyktsm\u00e5l och f\u00f6reningens omfattande verksamhet.","robots":{"index":"index","follow":"follow","max-snippet":"max-snippet:-1","max-image-preview":"max-image-preview:large","max-video-preview":"max-video-preview:-1"},"canonical":"https:\/\/suomenlinnatours.com\/sv\/samfundet-ehrensvard\/medlemsverksamhet\/","og_locale":"sv_SE","og_type":"article","og_title":"Samfundet Ehrensv\u00e4rds medlemsverksamhet","og_description":"Som medlem i Samfundet Ehrensv\u00e4rd f\u00e5r du ta del av ny forskning, intressanta utflyktsm\u00e5l och f\u00f6reningens omfattande verksamhet.","og_url":"https:\/\/suomenlinnatours.com\/sv\/samfundet-ehrensvard\/medlemsverksamhet\/","og_site_name":"Suomenlinna Tours","article_publisher":"https:\/\/www.facebook.com\/ehrensvardseura","article_modified_time":"2026-02-23T13:09:47+00:00","og_image":[{"width":2079,"height":1707,"url":"https:\/\/suomenlinnatours.com\/wp-content\/uploads\/2024\/02\/20180602-Augustin-Ehrensvard-Hautamuistomerkki-Kuva-Pauli-Peltomaki-scaled-\u2013-kopio.jpg","type":"image\/jpeg"}],"twitter_card":"summary_large_image","twitter_misc":{"Ber\u00e4knad l\u00e4stid":"2 minuter"},"schema":{"@context":"https:\/\/schema.org","@graph":[{"@type":"WebPage","@id":"https:\/\/suomenlinnatours.com\/sv\/samfundet-ehrensvard\/medlemsverksamhet\/","url":"https:\/\/suomenlinnatours.com\/sv\/samfundet-ehrensvard\/medlemsverksamhet\/","name":"Medlemsverksamhet - Suomenlinna Tours","isPartOf":{"@id":"https:\/\/suomenlinnatours.com\/sv\/#website"},"primaryImageOfPage":{"@id":"https:\/\/suomenlinnatours.com\/sv\/samfundet-ehrensvard\/medlemsverksamhet\/#primaryimage"},"image":{"@id":"https:\/\/suomenlinnatours.com\/sv\/samfundet-ehrensvard\/medlemsverksamhet\/#primaryimage"},"thumbnailUrl":"https:\/\/suomenlinnatours.com\/wp-content\/uploads\/2024\/02\/20180602-Augustin-Ehrensvard-Hautamuistomerkki-Kuva-Pauli-Peltomaki-scaled-\u2013-kopio.jpg","datePublished":"2024-02-02T13:34:11+00:00","dateModified":"2026-02-23T13:09:47+00:00","description":"Som medlem i Samfundet Ehrensv\u00e4rd f\u00e5r du ta del av ny forskning, intressanta utflyktsm\u00e5l och f\u00f6reningens omfattande verksamhet.","breadcrumb":{"@id":"https:\/\/suomenlinnatours.com\/sv\/samfundet-ehrensvard\/medlemsverksamhet\/#breadcrumb"},"inLanguage":"sv-SE","potentialAction":[{"@type":"ReadAction","target":["https:\/\/suomenlinnatours.com\/sv\/samfundet-ehrensvard\/medlemsverksamhet\/"]}]},{"@type":"ImageObject","inLanguage":"sv-SE","@id":"https:\/\/suomenlinnatours.com\/sv\/samfundet-ehrensvard\/medlemsverksamhet\/#primaryimage","url":"https:\/\/suomenlinnatours.com\/wp-content\/uploads\/2024\/02\/20180602-Augustin-Ehrensvard-Hautamuistomerkki-Kuva-Pauli-Peltomaki-scaled-\u2013-kopio.jpg","contentUrl":"https:\/\/suomenlinnatours.com\/wp-content\/uploads\/2024\/02\/20180602-Augustin-Ehrensvard-Hautamuistomerkki-Kuva-Pauli-Peltomaki-scaled-\u2013-kopio.jpg","width":2079,"height":1707,"caption":"Augustin Ehrensv\u00e4rdin haudan p\u00e4\u00e4ll\u00e4 olevat kyp\u00e4r\u00e4 ja kilpi t\u00e4ysikuun loisteessa."},{"@type":"BreadcrumbList","@id":"https:\/\/suomenlinnatours.com\/sv\/samfundet-ehrensvard\/medlemsverksamhet\/#breadcrumb","itemListElement":[{"@type":"ListItem","position":1,"name":"Etusivu","item":"https:\/\/suomenlinnatours.com\/sv\/"},{"@type":"ListItem","position":2,"name":"Samfundet Ehrensv\u00e4rd","item":"https:\/\/suomenlinnatours.com\/sv\/samfundet-ehrensvard\/"},{"@type":"ListItem","position":3,"name":"Medlemsverksamhet"}]},{"@type":"WebSite","@id":"https:\/\/suomenlinnatours.com\/sv\/#website","url":"https:\/\/suomenlinnatours.com\/sv\/","name":"Suomenlinna Tours","description":"","potentialAction":[{"@type":"SearchAction","target":{"@type":"EntryPoint","urlTemplate":"https:\/\/suomenlinnatours.com\/sv\/?s={search_term_string}"},"query-input":{"@type":"PropertyValueSpecification","valueRequired":true,"valueName":"search_term_string"}}],"inLanguage":"sv-SE"}]}},"_links":{"self":[{"href":"https:\/\/suomenlinnatours.com\/sv\/wp-json\/wp\/v2\/pages\/2205","targetHints":{"allow":["GET"]}}],"collection":[{"href":"https:\/\/suomenlinnatours.com\/sv\/wp-json\/wp\/v2\/pages"}],"about":[{"href":"https:\/\/suomenlinnatours.com\/sv\/wp-json\/wp\/v2\/types\/page"}],"author":[{"embeddable":true,"href":"https:\/\/suomenlinnatours.com\/sv\/wp-json\/wp\/v2\/users\/1"}],"replies":[{"embeddable":true,"href":"https:\/\/suomenlinnatours.com\/sv\/wp-json\/wp\/v2\/comments?post=2205"}],"version-history":[{"count":4,"href":"https:\/\/suomenlinnatours.com\/sv\/wp-json\/wp\/v2\/pages\/2205\/revisions"}],"predecessor-version":[{"id":3280,"href":"https:\/\/suomenlinnatours.com\/sv\/wp-json\/wp\/v2\/pages\/2205\/revisions\/3280"}],"up":[{"embeddable":true,"href":"https:\/\/suomenlinnatours.com\/sv\/wp-json\/wp\/v2\/pages\/2203"}],"wp:featuredmedia":[{"embeddable":true,"href":"https:\/\/suomenlinnatours.com\/sv\/wp-json\/wp\/v2\/media\/1102"}],"wp:attachment":[{"href":"https:\/\/suomenlinnatours.com\/sv\/wp-json\/wp\/v2\/media?parent=2205"}],"curies":[{"name":"wp","href":"https:\/\/api.w.org\/{rel}","templated":true}]}}