{"id":2203,"date":"2024-02-05T09:10:18","date_gmt":"2024-02-05T07:10:18","guid":{"rendered":"https:\/\/suomenlinnatours.com\/meista\/"},"modified":"2026-02-23T15:04:55","modified_gmt":"2026-02-23T13:04:55","slug":"samfundet-ehrensvard","status":"publish","type":"page","link":"https:\/\/suomenlinnatours.com\/sv\/samfundet-ehrensvard\/","title":{"rendered":"Samfundet Ehrensv\u00e4rd"},"content":{"rendered":"\n<p>Ehrensv\u00e4rd-seura r.y. \u2013 Samfundet Ehrensv\u00e4rd r.f. \u00e4r en ideell f\u00f6rening som grundades \u00e5r 1921. F\u00f6reningens syfte \u00e4r att g\u00f6ra Sveaborgs, ett UNESCO-v\u00e4rldsarvsobjekt, historia k\u00e4nd.<\/p>\n","protected":false},"excerpt":{"rendered":"<p>Ehrensv\u00e4rd-seura r.y. \u2013 Samfundet Ehrensv\u00e4rd r.f. \u00e4r en ideell f\u00f6rening som grundades \u00e5r 1921. F\u00f6reningens syfte \u00e4r att g\u00f6ra Sveaborgs, ett UNESCO-v\u00e4rldsarvsobjekt, historia k\u00e4nd.<\/p>\n","protected":false},"author":1,"featured_media":0,"parent":0,"menu_order":85,"comment_status":"closed","ping_status":"closed","template":"","meta":{"_acf_changed":false,"footnotes":""},"class_list":["post-2203","page","type-page","status-publish","hentry"],"acf":[],"yoast_head":"<!-- This site is optimized with the Yoast SEO plugin v27.5 - https:\/\/yoast.com\/product\/yoast-seo-wordpress\/ -->\n<title>Samfundet Ehrensv\u00e4rd - Suomenlinna Tours<\/title>\n<meta name=\"description\" content=\"Samfundet Ehrensv\u00e4rd r.f. grundades \u00e5r 1921. F\u00f6reningens syfte \u00e4r att g\u00f6ra Sveaborgs, ett UNESCO-v\u00e4rldsarvsobjekt, historia k\u00e4nd.\" \/>\n<meta name=\"robots\" content=\"index, follow, max-snippet:-1, max-image-preview:large, max-video-preview:-1\" \/>\n<link rel=\"canonical\" href=\"https:\/\/suomenlinnatours.com\/sv\/samfundet-ehrensvard\/\" \/>\n<meta property=\"og:locale\" content=\"sv_SE\" \/>\n<meta property=\"og:type\" content=\"article\" \/>\n<meta property=\"og:title\" content=\"Samfundet Ehrensv\u00e4rds syfte \u00e4r att g\u00f6ra Sveaborgs historia k\u00e4nd.\" \/>\n<meta property=\"og:description\" content=\"Samfundet Ehrensv\u00e4rd r.f. grundades \u00e5r 1921. F\u00f6reningens syfte \u00e4r att g\u00f6ra Sveaborgs, ett UNESCO-v\u00e4rldsarvsobjekt, historia k\u00e4nd.\" \/>\n<meta property=\"og:url\" content=\"https:\/\/suomenlinnatours.com\/sv\/samfundet-ehrensvard\/\" \/>\n<meta property=\"og:site_name\" content=\"Suomenlinna Tours\" \/>\n<meta property=\"article:publisher\" content=\"https:\/\/www.facebook.com\/ehrensvardseura\" \/>\n<meta property=\"article:modified_time\" content=\"2026-02-23T13:04:55+00:00\" \/>\n<meta property=\"og:image\" content=\"https:\/\/suomenlinnatours.com\/wp-content\/uploads\/2024\/01\/411.jpg\" \/>\n\t<meta property=\"og:image:width\" content=\"2048\" \/>\n\t<meta property=\"og:image:height\" content=\"1365\" \/>\n\t<meta property=\"og:image:type\" content=\"image\/jpeg\" \/>\n<meta name=\"twitter:card\" content=\"summary_large_image\" \/>\n<meta name=\"twitter:label1\" content=\"Ber\u00e4knad l\u00e4stid\" \/>\n\t<meta name=\"twitter:data1\" content=\"3 minuter\" \/>\n<script type=\"application\/ld+json\" class=\"yoast-schema-graph\">{\"@context\":\"https:\\\/\\\/schema.org\",\"@graph\":[{\"@type\":\"WebPage\",\"@id\":\"https:\\\/\\\/suomenlinnatours.com\\\/sv\\\/samfundet-ehrensvard\\\/\",\"url\":\"https:\\\/\\\/suomenlinnatours.com\\\/sv\\\/samfundet-ehrensvard\\\/\",\"name\":\"Samfundet Ehrensv\u00e4rd - Suomenlinna Tours\",\"isPartOf\":{\"@id\":\"https:\\\/\\\/suomenlinnatours.com\\\/sv\\\/#website\"},\"datePublished\":\"2024-02-05T07:10:18+00:00\",\"dateModified\":\"2026-02-23T13:04:55+00:00\",\"description\":\"Samfundet Ehrensv\u00e4rd r.f. grundades \u00e5r 1921. F\u00f6reningens syfte \u00e4r att g\u00f6ra Sveaborgs, ett UNESCO-v\u00e4rldsarvsobjekt, historia k\u00e4nd.\",\"breadcrumb\":{\"@id\":\"https:\\\/\\\/suomenlinnatours.com\\\/sv\\\/samfundet-ehrensvard\\\/#breadcrumb\"},\"inLanguage\":\"sv-SE\",\"potentialAction\":[{\"@type\":\"ReadAction\",\"target\":[\"https:\\\/\\\/suomenlinnatours.com\\\/sv\\\/samfundet-ehrensvard\\\/\"]}]},{\"@type\":\"BreadcrumbList\",\"@id\":\"https:\\\/\\\/suomenlinnatours.com\\\/sv\\\/samfundet-ehrensvard\\\/#breadcrumb\",\"itemListElement\":[{\"@type\":\"ListItem\",\"position\":1,\"name\":\"Etusivu\",\"item\":\"https:\\\/\\\/suomenlinnatours.com\\\/sv\\\/\"},{\"@type\":\"ListItem\",\"position\":2,\"name\":\"Samfundet Ehrensv\u00e4rd\"}]},{\"@type\":\"WebSite\",\"@id\":\"https:\\\/\\\/suomenlinnatours.com\\\/sv\\\/#website\",\"url\":\"https:\\\/\\\/suomenlinnatours.com\\\/sv\\\/\",\"name\":\"Suomenlinna Tours\",\"description\":\"\",\"potentialAction\":[{\"@type\":\"SearchAction\",\"target\":{\"@type\":\"EntryPoint\",\"urlTemplate\":\"https:\\\/\\\/suomenlinnatours.com\\\/sv\\\/?s={search_term_string}\"},\"query-input\":{\"@type\":\"PropertyValueSpecification\",\"valueRequired\":true,\"valueName\":\"search_term_string\"}}],\"inLanguage\":\"sv-SE\"}]}<\/script>\n<!-- \/ Yoast SEO plugin. -->","yoast_head_json":{"title":"Samfundet Ehrensv\u00e4rd - Suomenlinna Tours","description":"Samfundet Ehrensv\u00e4rd r.f. grundades \u00e5r 1921. F\u00f6reningens syfte \u00e4r att g\u00f6ra Sveaborgs, ett UNESCO-v\u00e4rldsarvsobjekt, historia k\u00e4nd.","robots":{"index":"index","follow":"follow","max-snippet":"max-snippet:-1","max-image-preview":"max-image-preview:large","max-video-preview":"max-video-preview:-1"},"canonical":"https:\/\/suomenlinnatours.com\/sv\/samfundet-ehrensvard\/","og_locale":"sv_SE","og_type":"article","og_title":"Samfundet Ehrensv\u00e4rds syfte \u00e4r att g\u00f6ra Sveaborgs historia k\u00e4nd.","og_description":"Samfundet Ehrensv\u00e4rd r.f. grundades \u00e5r 1921. F\u00f6reningens syfte \u00e4r att g\u00f6ra Sveaborgs, ett UNESCO-v\u00e4rldsarvsobjekt, historia k\u00e4nd.","og_url":"https:\/\/suomenlinnatours.com\/sv\/samfundet-ehrensvard\/","og_site_name":"Suomenlinna Tours","article_publisher":"https:\/\/www.facebook.com\/ehrensvardseura","article_modified_time":"2026-02-23T13:04:55+00:00","og_image":[{"width":2048,"height":1365,"url":"https:\/\/suomenlinnatours.com\/wp-content\/uploads\/2024\/01\/411.jpg","type":"image\/jpeg"}],"twitter_card":"summary_large_image","twitter_misc":{"Ber\u00e4knad l\u00e4stid":"3 minuter"},"schema":{"@context":"https:\/\/schema.org","@graph":[{"@type":"WebPage","@id":"https:\/\/suomenlinnatours.com\/sv\/samfundet-ehrensvard\/","url":"https:\/\/suomenlinnatours.com\/sv\/samfundet-ehrensvard\/","name":"Samfundet Ehrensv\u00e4rd - Suomenlinna Tours","isPartOf":{"@id":"https:\/\/suomenlinnatours.com\/sv\/#website"},"datePublished":"2024-02-05T07:10:18+00:00","dateModified":"2026-02-23T13:04:55+00:00","description":"Samfundet Ehrensv\u00e4rd r.f. grundades \u00e5r 1921. F\u00f6reningens syfte \u00e4r att g\u00f6ra Sveaborgs, ett UNESCO-v\u00e4rldsarvsobjekt, historia k\u00e4nd.","breadcrumb":{"@id":"https:\/\/suomenlinnatours.com\/sv\/samfundet-ehrensvard\/#breadcrumb"},"inLanguage":"sv-SE","potentialAction":[{"@type":"ReadAction","target":["https:\/\/suomenlinnatours.com\/sv\/samfundet-ehrensvard\/"]}]},{"@type":"BreadcrumbList","@id":"https:\/\/suomenlinnatours.com\/sv\/samfundet-ehrensvard\/#breadcrumb","itemListElement":[{"@type":"ListItem","position":1,"name":"Etusivu","item":"https:\/\/suomenlinnatours.com\/sv\/"},{"@type":"ListItem","position":2,"name":"Samfundet Ehrensv\u00e4rd"}]},{"@type":"WebSite","@id":"https:\/\/suomenlinnatours.com\/sv\/#website","url":"https:\/\/suomenlinnatours.com\/sv\/","name":"Suomenlinna Tours","description":"","potentialAction":[{"@type":"SearchAction","target":{"@type":"EntryPoint","urlTemplate":"https:\/\/suomenlinnatours.com\/sv\/?s={search_term_string}"},"query-input":{"@type":"PropertyValueSpecification","valueRequired":true,"valueName":"search_term_string"}}],"inLanguage":"sv-SE"}]}},"_links":{"self":[{"href":"https:\/\/suomenlinnatours.com\/sv\/wp-json\/wp\/v2\/pages\/2203","targetHints":{"allow":["GET"]}}],"collection":[{"href":"https:\/\/suomenlinnatours.com\/sv\/wp-json\/wp\/v2\/pages"}],"about":[{"href":"https:\/\/suomenlinnatours.com\/sv\/wp-json\/wp\/v2\/types\/page"}],"author":[{"embeddable":true,"href":"https:\/\/suomenlinnatours.com\/sv\/wp-json\/wp\/v2\/users\/1"}],"replies":[{"embeddable":true,"href":"https:\/\/suomenlinnatours.com\/sv\/wp-json\/wp\/v2\/comments?post=2203"}],"version-history":[{"count":13,"href":"https:\/\/suomenlinnatours.com\/sv\/wp-json\/wp\/v2\/pages\/2203\/revisions"}],"predecessor-version":[{"id":3985,"href":"https:\/\/suomenlinnatours.com\/sv\/wp-json\/wp\/v2\/pages\/2203\/revisions\/3985"}],"wp:attachment":[{"href":"https:\/\/suomenlinnatours.com\/sv\/wp-json\/wp\/v2\/media?parent=2203"}],"curies":[{"name":"wp","href":"https:\/\/api.w.org\/{rel}","templated":true}]}}