{"id":2199,"date":"2024-02-05T13:24:23","date_gmt":"2024-02-05T11:24:23","guid":{"rendered":"https:\/\/suomenlinnatours.com\/tekemista-suomenlinnassa\/suomenlinnan-seikkailukierros\/"},"modified":"2026-02-13T18:47:58","modified_gmt":"2026-02-13T16:47:58","slug":"sveaborgs-aventyrstur","status":"publish","type":"page","link":"https:\/\/suomenlinnatours.com\/sv\/se-och-gora-pa-sveaborg\/sveaborgs-aventyrstur\/","title":{"rendered":"Sveaborgs \u00e4ventyrstur"},"content":{"rendered":"\n<p>Sveaborgs \u00e4ventyrstur tar deltagarna med p\u00e5 en tidsresa till 1700-talet i s\u00e4llskap med kung Gustav III. Allm\u00e4nna turer p\u00e5 svenska ordnas fr\u00e5n 6. juni till 7. augusti 2026, och best\u00e4llda rundturer fr\u00e5n 11. maj till 30. september 2026. Dolda kammarens hemlighet ordnas p\u00e5 Sveaborg, Helsingfors, mitt i den maritima sk\u00e4rg\u00e5rden. V\u00e4lkommen med p\u00e5 \u00e4ventyret!<\/p>\n","protected":false},"excerpt":{"rendered":"<p>Dyk i Sveaborgs historia under Sj\u00f6monstrets g\u00e5ta- \u00e4ventyrsturen!<\/p>\n","protected":false},"author":1,"featured_media":3451,"parent":2167,"menu_order":35,"comment_status":"closed","ping_status":"closed","template":"page-lastenkierros.php","meta":{"_acf_changed":false,"footnotes":""},"acf":[],"yoast_head":"<!-- This site is optimized with the Yoast SEO plugin v22.6 - https:\/\/yoast.com\/wordpress\/plugins\/seo\/ -->\n<title>Sveaborgs \u00e4ventyrstur - Suomenlinna Tours<\/title>\n<meta name=\"description\" content=\"Sveaborgs \u00e4vetnyrsturen tar deltagarna med p\u00e5 en rolig tidsresa till 1700-talets Sveaborg.\" \/>\n<meta name=\"robots\" content=\"index, follow, max-snippet:-1, max-image-preview:large, max-video-preview:-1\" \/>\n<link rel=\"canonical\" href=\"https:\/\/suomenlinnatours.com\/sv\/se-och-gora-pa-sveaborg\/sveaborgs-aventyrstur\/\" \/>\n<meta property=\"og:locale\" content=\"sv_SE\" \/>\n<meta property=\"og:type\" content=\"article\" \/>\n<meta property=\"og:title\" content=\"Sveaborgs \u00e4ventyrstur - Suomenlinna Tours\" \/>\n<meta property=\"og:description\" content=\"Sveaborgs \u00e4vetnyrsturen tar deltagarna med p\u00e5 en rolig tidsresa till 1700-talets Sveaborg.\" \/>\n<meta property=\"og:url\" content=\"https:\/\/suomenlinnatours.com\/sv\/se-och-gora-pa-sveaborg\/sveaborgs-aventyrstur\/\" \/>\n<meta property=\"og:site_name\" content=\"Suomenlinna Tours\" \/>\n<meta property=\"article:publisher\" content=\"https:\/\/www.facebook.com\/ehrensvardseura\" \/>\n<meta property=\"article:modified_time\" content=\"2026-02-13T16:47:58+00:00\" \/>\n<meta property=\"og:image\" content=\"https:\/\/suomenlinnatours.com\/wp-content\/uploads\/2025\/02\/vaaka-tekstilla.jpg\" \/>\n\t<meta property=\"og:image:width\" content=\"2080\" \/>\n\t<meta property=\"og:image:height\" content=\"943\" \/>\n\t<meta property=\"og:image:type\" content=\"image\/jpeg\" \/>\n<meta name=\"twitter:card\" content=\"summary_large_image\" \/>\n<meta name=\"twitter:label1\" content=\"Ber\u00e4knad l\u00e4stid\" \/>\n\t<meta name=\"twitter:data1\" content=\"5 minuter\" \/>\n<script type=\"application\/ld+json\" class=\"yoast-schema-graph\">{\"@context\":\"https:\/\/schema.org\",\"@graph\":[{\"@type\":\"WebPage\",\"@id\":\"https:\/\/suomenlinnatours.com\/sv\/se-och-gora-pa-sveaborg\/sveaborgs-aventyrstur\/\",\"url\":\"https:\/\/suomenlinnatours.com\/sv\/se-och-gora-pa-sveaborg\/sveaborgs-aventyrstur\/\",\"name\":\"Sveaborgs \u00e4ventyrstur - Suomenlinna Tours\",\"isPartOf\":{\"@id\":\"https:\/\/suomenlinnatours.com\/sv\/#website\"},\"primaryImageOfPage\":{\"@id\":\"https:\/\/suomenlinnatours.com\/sv\/se-och-gora-pa-sveaborg\/sveaborgs-aventyrstur\/#primaryimage\"},\"image\":{\"@id\":\"https:\/\/suomenlinnatours.com\/sv\/se-och-gora-pa-sveaborg\/sveaborgs-aventyrstur\/#primaryimage\"},\"thumbnailUrl\":\"https:\/\/suomenlinnatours.com\/wp-content\/uploads\/2025\/02\/vaaka-tekstilla.jpg\",\"datePublished\":\"2024-02-05T11:24:23+00:00\",\"dateModified\":\"2026-02-13T16:47:58+00:00\",\"description\":\"Sveaborgs \u00e4vetnyrsturen tar deltagarna med p\u00e5 en rolig tidsresa till 1700-talets Sveaborg.\",\"breadcrumb\":{\"@id\":\"https:\/\/suomenlinnatours.com\/sv\/se-och-gora-pa-sveaborg\/sveaborgs-aventyrstur\/#breadcrumb\"},\"inLanguage\":\"sv-SE\",\"potentialAction\":[{\"@type\":\"ReadAction\",\"target\":[\"https:\/\/suomenlinnatours.com\/sv\/se-och-gora-pa-sveaborg\/sveaborgs-aventyrstur\/\"]}]},{\"@type\":\"ImageObject\",\"inLanguage\":\"sv-SE\",\"@id\":\"https:\/\/suomenlinnatours.com\/sv\/se-och-gora-pa-sveaborg\/sveaborgs-aventyrstur\/#primaryimage\",\"url\":\"https:\/\/suomenlinnatours.com\/wp-content\/uploads\/2025\/02\/vaaka-tekstilla.jpg\",\"contentUrl\":\"https:\/\/suomenlinnatours.com\/wp-content\/uploads\/2025\/02\/vaaka-tekstilla.jpg\",\"width\":2080,\"height\":943},{\"@type\":\"BreadcrumbList\",\"@id\":\"https:\/\/suomenlinnatours.com\/sv\/se-och-gora-pa-sveaborg\/sveaborgs-aventyrstur\/#breadcrumb\",\"itemListElement\":[{\"@type\":\"ListItem\",\"position\":1,\"name\":\"Etusivu\",\"item\":\"https:\/\/suomenlinnatours.com\/sv\/\"},{\"@type\":\"ListItem\",\"position\":2,\"name\":\"Se och g\u00f6ra p\u00e5 Sveaborg\",\"item\":\"https:\/\/suomenlinnatours.com\/sv\/se-och-gora-pa-sveaborg\/\"},{\"@type\":\"ListItem\",\"position\":3,\"name\":\"Sveaborgs \u00e4ventyrstur\"}]},{\"@type\":\"WebSite\",\"@id\":\"https:\/\/suomenlinnatours.com\/sv\/#website\",\"url\":\"https:\/\/suomenlinnatours.com\/sv\/\",\"name\":\"Suomenlinna Tours\",\"description\":\"\",\"potentialAction\":[{\"@type\":\"SearchAction\",\"target\":{\"@type\":\"EntryPoint\",\"urlTemplate\":\"https:\/\/suomenlinnatours.com\/sv\/?s={search_term_string}\"},\"query-input\":\"required name=search_term_string\"}],\"inLanguage\":\"sv-SE\"}]}<\/script>\n<!-- \/ Yoast SEO plugin. -->","yoast_head_json":{"title":"Sveaborgs \u00e4ventyrstur - Suomenlinna Tours","description":"Sveaborgs \u00e4vetnyrsturen tar deltagarna med p\u00e5 en rolig tidsresa till 1700-talets Sveaborg.","robots":{"index":"index","follow":"follow","max-snippet":"max-snippet:-1","max-image-preview":"max-image-preview:large","max-video-preview":"max-video-preview:-1"},"canonical":"https:\/\/suomenlinnatours.com\/sv\/se-och-gora-pa-sveaborg\/sveaborgs-aventyrstur\/","og_locale":"sv_SE","og_type":"article","og_title":"Sveaborgs \u00e4ventyrstur - Suomenlinna Tours","og_description":"Sveaborgs \u00e4vetnyrsturen tar deltagarna med p\u00e5 en rolig tidsresa till 1700-talets Sveaborg.","og_url":"https:\/\/suomenlinnatours.com\/sv\/se-och-gora-pa-sveaborg\/sveaborgs-aventyrstur\/","og_site_name":"Suomenlinna Tours","article_publisher":"https:\/\/www.facebook.com\/ehrensvardseura","article_modified_time":"2026-02-13T16:47:58+00:00","og_image":[{"width":2080,"height":943,"url":"https:\/\/suomenlinnatours.com\/wp-content\/uploads\/2025\/02\/vaaka-tekstilla.jpg","type":"image\/jpeg"}],"twitter_card":"summary_large_image","twitter_misc":{"Ber\u00e4knad l\u00e4stid":"5 minuter"},"schema":{"@context":"https:\/\/schema.org","@graph":[{"@type":"WebPage","@id":"https:\/\/suomenlinnatours.com\/sv\/se-och-gora-pa-sveaborg\/sveaborgs-aventyrstur\/","url":"https:\/\/suomenlinnatours.com\/sv\/se-och-gora-pa-sveaborg\/sveaborgs-aventyrstur\/","name":"Sveaborgs \u00e4ventyrstur - Suomenlinna Tours","isPartOf":{"@id":"https:\/\/suomenlinnatours.com\/sv\/#website"},"primaryImageOfPage":{"@id":"https:\/\/suomenlinnatours.com\/sv\/se-och-gora-pa-sveaborg\/sveaborgs-aventyrstur\/#primaryimage"},"image":{"@id":"https:\/\/suomenlinnatours.com\/sv\/se-och-gora-pa-sveaborg\/sveaborgs-aventyrstur\/#primaryimage"},"thumbnailUrl":"https:\/\/suomenlinnatours.com\/wp-content\/uploads\/2025\/02\/vaaka-tekstilla.jpg","datePublished":"2024-02-05T11:24:23+00:00","dateModified":"2026-02-13T16:47:58+00:00","description":"Sveaborgs \u00e4vetnyrsturen tar deltagarna med p\u00e5 en rolig tidsresa till 1700-talets Sveaborg.","breadcrumb":{"@id":"https:\/\/suomenlinnatours.com\/sv\/se-och-gora-pa-sveaborg\/sveaborgs-aventyrstur\/#breadcrumb"},"inLanguage":"sv-SE","potentialAction":[{"@type":"ReadAction","target":["https:\/\/suomenlinnatours.com\/sv\/se-och-gora-pa-sveaborg\/sveaborgs-aventyrstur\/"]}]},{"@type":"ImageObject","inLanguage":"sv-SE","@id":"https:\/\/suomenlinnatours.com\/sv\/se-och-gora-pa-sveaborg\/sveaborgs-aventyrstur\/#primaryimage","url":"https:\/\/suomenlinnatours.com\/wp-content\/uploads\/2025\/02\/vaaka-tekstilla.jpg","contentUrl":"https:\/\/suomenlinnatours.com\/wp-content\/uploads\/2025\/02\/vaaka-tekstilla.jpg","width":2080,"height":943},{"@type":"BreadcrumbList","@id":"https:\/\/suomenlinnatours.com\/sv\/se-och-gora-pa-sveaborg\/sveaborgs-aventyrstur\/#breadcrumb","itemListElement":[{"@type":"ListItem","position":1,"name":"Etusivu","item":"https:\/\/suomenlinnatours.com\/sv\/"},{"@type":"ListItem","position":2,"name":"Se och g\u00f6ra p\u00e5 Sveaborg","item":"https:\/\/suomenlinnatours.com\/sv\/se-och-gora-pa-sveaborg\/"},{"@type":"ListItem","position":3,"name":"Sveaborgs \u00e4ventyrstur"}]},{"@type":"WebSite","@id":"https:\/\/suomenlinnatours.com\/sv\/#website","url":"https:\/\/suomenlinnatours.com\/sv\/","name":"Suomenlinna Tours","description":"","potentialAction":[{"@type":"SearchAction","target":{"@type":"EntryPoint","urlTemplate":"https:\/\/suomenlinnatours.com\/sv\/?s={search_term_string}"},"query-input":"required name=search_term_string"}],"inLanguage":"sv-SE"}]}},"_links":{"self":[{"href":"https:\/\/suomenlinnatours.com\/sv\/wp-json\/wp\/v2\/pages\/2199"}],"collection":[{"href":"https:\/\/suomenlinnatours.com\/sv\/wp-json\/wp\/v2\/pages"}],"about":[{"href":"https:\/\/suomenlinnatours.com\/sv\/wp-json\/wp\/v2\/types\/page"}],"author":[{"embeddable":true,"href":"https:\/\/suomenlinnatours.com\/sv\/wp-json\/wp\/v2\/users\/1"}],"replies":[{"embeddable":true,"href":"https:\/\/suomenlinnatours.com\/sv\/wp-json\/wp\/v2\/comments?post=2199"}],"version-history":[{"count":26,"href":"https:\/\/suomenlinnatours.com\/sv\/wp-json\/wp\/v2\/pages\/2199\/revisions"}],"predecessor-version":[{"id":4082,"href":"https:\/\/suomenlinnatours.com\/sv\/wp-json\/wp\/v2\/pages\/2199\/revisions\/4082"}],"up":[{"embeddable":true,"href":"https:\/\/suomenlinnatours.com\/sv\/wp-json\/wp\/v2\/pages\/2167"}],"wp:featuredmedia":[{"embeddable":true,"href":"https:\/\/suomenlinnatours.com\/sv\/wp-json\/wp\/v2\/media\/3451"}],"wp:attachment":[{"href":"https:\/\/suomenlinnatours.com\/sv\/wp-json\/wp\/v2\/media?parent=2199"}],"curies":[{"name":"wp","href":"https:\/\/api.w.org\/{rel}","templated":true}]}}