{"id":2193,"date":"2024-02-07T15:28:04","date_gmt":"2024-02-07T13:28:04","guid":{"rendered":"https:\/\/suomenlinnatours.com\/tekemista-suomenlinnassa\/ehrensvard-museo\/"},"modified":"2026-03-13T14:38:21","modified_gmt":"2026-03-13T12:38:21","slug":"ehrensvardmuseet","status":"publish","type":"page","link":"https:\/\/suomenlinnatours.com\/sv\/se-och-gora-pa-sveaborg\/ehrensvardmuseet\/","title":{"rendered":"Ehrensv\u00e4rdmuseet"},"content":{"rendered":"\n<p>Ehrensv\u00e4rdmuseets interi\u00f6r visar ett adligt hem i 1700-talsstil. Utst\u00e4llningen inkluderar portr\u00e4tt, m\u00f6bler och modeller av skepp.<\/p>\n","protected":false},"excerpt":{"rendered":"<p>Museets vackra rokokointeri\u00f6r ber\u00e4ttar hur adeln bodde p\u00e5 1700-talet.<\/p>\n","protected":false},"author":1,"featured_media":1150,"parent":2167,"menu_order":27,"comment_status":"closed","ping_status":"closed","template":"","meta":{"_acf_changed":false,"footnotes":""},"acf":[],"yoast_head":"<!-- This site is optimized with the Yoast SEO plugin v22.6 - https:\/\/yoast.com\/wordpress\/plugins\/seo\/ -->\n<title>Ehrensv\u00e4rdmuseet - Suomenlinna Tours<\/title>\n<meta name=\"description\" content=\"Ehrensv\u00e4rdmuseets interi\u00f6r visar ett adligt hem i 1700-talsstil. Utst\u00e4llningen inkluderar portr\u00e4tt, m\u00f6bler och modeller av skepp.\" \/>\n<meta name=\"robots\" content=\"index, follow, max-snippet:-1, max-image-preview:large, max-video-preview:-1\" \/>\n<link rel=\"canonical\" href=\"https:\/\/suomenlinnatours.com\/sv\/se-och-gora-pa-sveaborg\/ehrensvardmuseet\/\" \/>\n<meta property=\"og:locale\" content=\"sv_SE\" \/>\n<meta property=\"og:type\" content=\"article\" \/>\n<meta property=\"og:title\" content=\"Ehrensv\u00e4rdmuseet p\u00e5 Sveaborg, Helsingfors\" \/>\n<meta property=\"og:description\" content=\"Ehrensv\u00e4rdmuseets interi\u00f6r visar ett adligt hem i 1700-talsstil. Utst\u00e4llningen inkluderar portr\u00e4tt, m\u00f6bler och modeller av skepp.\" \/>\n<meta property=\"og:url\" content=\"https:\/\/suomenlinnatours.com\/sv\/se-och-gora-pa-sveaborg\/ehrensvardmuseet\/\" \/>\n<meta property=\"og:site_name\" content=\"Suomenlinna Tours\" \/>\n<meta property=\"article:publisher\" content=\"https:\/\/www.facebook.com\/ehrensvardseura\" \/>\n<meta property=\"article:modified_time\" content=\"2026-03-13T12:38:21+00:00\" \/>\n<meta property=\"og:image\" content=\"https:\/\/suomenlinnatours.com\/wp-content\/uploads\/2024\/01\/315.jpg\" \/>\n\t<meta property=\"og:image:width\" content=\"1920\" \/>\n\t<meta property=\"og:image:height\" content=\"1080\" \/>\n\t<meta property=\"og:image:type\" content=\"image\/jpeg\" \/>\n<meta name=\"twitter:card\" content=\"summary_large_image\" \/>\n<meta name=\"twitter:label1\" content=\"Ber\u00e4knad l\u00e4stid\" \/>\n\t<meta name=\"twitter:data1\" content=\"3 minuter\" \/>\n<script type=\"application\/ld+json\" class=\"yoast-schema-graph\">{\"@context\":\"https:\/\/schema.org\",\"@graph\":[{\"@type\":\"WebPage\",\"@id\":\"https:\/\/suomenlinnatours.com\/sv\/se-och-gora-pa-sveaborg\/ehrensvardmuseet\/\",\"url\":\"https:\/\/suomenlinnatours.com\/sv\/se-och-gora-pa-sveaborg\/ehrensvardmuseet\/\",\"name\":\"Ehrensv\u00e4rdmuseet - Suomenlinna Tours\",\"isPartOf\":{\"@id\":\"https:\/\/suomenlinnatours.com\/sv\/#website\"},\"primaryImageOfPage\":{\"@id\":\"https:\/\/suomenlinnatours.com\/sv\/se-och-gora-pa-sveaborg\/ehrensvardmuseet\/#primaryimage\"},\"image\":{\"@id\":\"https:\/\/suomenlinnatours.com\/sv\/se-och-gora-pa-sveaborg\/ehrensvardmuseet\/#primaryimage\"},\"thumbnailUrl\":\"https:\/\/suomenlinnatours.com\/wp-content\/uploads\/2024\/02\/MG_2385_preview.jpg\",\"datePublished\":\"2024-02-07T13:28:04+00:00\",\"dateModified\":\"2026-03-13T12:38:21+00:00\",\"description\":\"Ehrensv\u00e4rdmuseets interi\u00f6r visar ett adligt hem i 1700-talsstil. Utst\u00e4llningen inkluderar portr\u00e4tt, m\u00f6bler och modeller av skepp.\",\"breadcrumb\":{\"@id\":\"https:\/\/suomenlinnatours.com\/sv\/se-och-gora-pa-sveaborg\/ehrensvardmuseet\/#breadcrumb\"},\"inLanguage\":\"sv-SE\",\"potentialAction\":[{\"@type\":\"ReadAction\",\"target\":[\"https:\/\/suomenlinnatours.com\/sv\/se-och-gora-pa-sveaborg\/ehrensvardmuseet\/\"]}]},{\"@type\":\"ImageObject\",\"inLanguage\":\"sv-SE\",\"@id\":\"https:\/\/suomenlinnatours.com\/sv\/se-och-gora-pa-sveaborg\/ehrensvardmuseet\/#primaryimage\",\"url\":\"https:\/\/suomenlinnatours.com\/wp-content\/uploads\/2024\/02\/MG_2385_preview.jpg\",\"contentUrl\":\"https:\/\/suomenlinnatours.com\/wp-content\/uploads\/2024\/02\/MG_2385_preview.jpg\",\"width\":1600,\"height\":1067,\"caption\":\"1700-luvun rokokoo tyyliin sisustettu huone, jossa katettu kahvip\u00f6yt\u00e4. Kahvip\u00f6yd\u00e4n takana kaakeliuuni sek\u00e4 ikkuna.\"},{\"@type\":\"BreadcrumbList\",\"@id\":\"https:\/\/suomenlinnatours.com\/sv\/se-och-gora-pa-sveaborg\/ehrensvardmuseet\/#breadcrumb\",\"itemListElement\":[{\"@type\":\"ListItem\",\"position\":1,\"name\":\"Etusivu\",\"item\":\"https:\/\/suomenlinnatours.com\/sv\/\"},{\"@type\":\"ListItem\",\"position\":2,\"name\":\"Se och g\u00f6ra p\u00e5 Sveaborg\",\"item\":\"https:\/\/suomenlinnatours.com\/sv\/se-och-gora-pa-sveaborg\/\"},{\"@type\":\"ListItem\",\"position\":3,\"name\":\"Ehrensv\u00e4rdmuseet\"}]},{\"@type\":\"WebSite\",\"@id\":\"https:\/\/suomenlinnatours.com\/sv\/#website\",\"url\":\"https:\/\/suomenlinnatours.com\/sv\/\",\"name\":\"Suomenlinna Tours\",\"description\":\"\",\"potentialAction\":[{\"@type\":\"SearchAction\",\"target\":{\"@type\":\"EntryPoint\",\"urlTemplate\":\"https:\/\/suomenlinnatours.com\/sv\/?s={search_term_string}\"},\"query-input\":\"required name=search_term_string\"}],\"inLanguage\":\"sv-SE\"}]}<\/script>\n<!-- \/ Yoast SEO plugin. -->","yoast_head_json":{"title":"Ehrensv\u00e4rdmuseet - Suomenlinna Tours","description":"Ehrensv\u00e4rdmuseets interi\u00f6r visar ett adligt hem i 1700-talsstil. Utst\u00e4llningen inkluderar portr\u00e4tt, m\u00f6bler och modeller av skepp.","robots":{"index":"index","follow":"follow","max-snippet":"max-snippet:-1","max-image-preview":"max-image-preview:large","max-video-preview":"max-video-preview:-1"},"canonical":"https:\/\/suomenlinnatours.com\/sv\/se-och-gora-pa-sveaborg\/ehrensvardmuseet\/","og_locale":"sv_SE","og_type":"article","og_title":"Ehrensv\u00e4rdmuseet p\u00e5 Sveaborg, Helsingfors","og_description":"Ehrensv\u00e4rdmuseets interi\u00f6r visar ett adligt hem i 1700-talsstil. Utst\u00e4llningen inkluderar portr\u00e4tt, m\u00f6bler och modeller av skepp.","og_url":"https:\/\/suomenlinnatours.com\/sv\/se-och-gora-pa-sveaborg\/ehrensvardmuseet\/","og_site_name":"Suomenlinna Tours","article_publisher":"https:\/\/www.facebook.com\/ehrensvardseura","article_modified_time":"2026-03-13T12:38:21+00:00","og_image":[{"width":1920,"height":1080,"url":"https:\/\/suomenlinnatours.com\/wp-content\/uploads\/2024\/01\/315.jpg","type":"image\/jpeg"}],"twitter_card":"summary_large_image","twitter_misc":{"Ber\u00e4knad l\u00e4stid":"3 minuter"},"schema":{"@context":"https:\/\/schema.org","@graph":[{"@type":"WebPage","@id":"https:\/\/suomenlinnatours.com\/sv\/se-och-gora-pa-sveaborg\/ehrensvardmuseet\/","url":"https:\/\/suomenlinnatours.com\/sv\/se-och-gora-pa-sveaborg\/ehrensvardmuseet\/","name":"Ehrensv\u00e4rdmuseet - Suomenlinna Tours","isPartOf":{"@id":"https:\/\/suomenlinnatours.com\/sv\/#website"},"primaryImageOfPage":{"@id":"https:\/\/suomenlinnatours.com\/sv\/se-och-gora-pa-sveaborg\/ehrensvardmuseet\/#primaryimage"},"image":{"@id":"https:\/\/suomenlinnatours.com\/sv\/se-och-gora-pa-sveaborg\/ehrensvardmuseet\/#primaryimage"},"thumbnailUrl":"https:\/\/suomenlinnatours.com\/wp-content\/uploads\/2024\/02\/MG_2385_preview.jpg","datePublished":"2024-02-07T13:28:04+00:00","dateModified":"2026-03-13T12:38:21+00:00","description":"Ehrensv\u00e4rdmuseets interi\u00f6r visar ett adligt hem i 1700-talsstil. Utst\u00e4llningen inkluderar portr\u00e4tt, m\u00f6bler och modeller av skepp.","breadcrumb":{"@id":"https:\/\/suomenlinnatours.com\/sv\/se-och-gora-pa-sveaborg\/ehrensvardmuseet\/#breadcrumb"},"inLanguage":"sv-SE","potentialAction":[{"@type":"ReadAction","target":["https:\/\/suomenlinnatours.com\/sv\/se-och-gora-pa-sveaborg\/ehrensvardmuseet\/"]}]},{"@type":"ImageObject","inLanguage":"sv-SE","@id":"https:\/\/suomenlinnatours.com\/sv\/se-och-gora-pa-sveaborg\/ehrensvardmuseet\/#primaryimage","url":"https:\/\/suomenlinnatours.com\/wp-content\/uploads\/2024\/02\/MG_2385_preview.jpg","contentUrl":"https:\/\/suomenlinnatours.com\/wp-content\/uploads\/2024\/02\/MG_2385_preview.jpg","width":1600,"height":1067,"caption":"1700-luvun rokokoo tyyliin sisustettu huone, jossa katettu kahvip\u00f6yt\u00e4. Kahvip\u00f6yd\u00e4n takana kaakeliuuni sek\u00e4 ikkuna."},{"@type":"BreadcrumbList","@id":"https:\/\/suomenlinnatours.com\/sv\/se-och-gora-pa-sveaborg\/ehrensvardmuseet\/#breadcrumb","itemListElement":[{"@type":"ListItem","position":1,"name":"Etusivu","item":"https:\/\/suomenlinnatours.com\/sv\/"},{"@type":"ListItem","position":2,"name":"Se och g\u00f6ra p\u00e5 Sveaborg","item":"https:\/\/suomenlinnatours.com\/sv\/se-och-gora-pa-sveaborg\/"},{"@type":"ListItem","position":3,"name":"Ehrensv\u00e4rdmuseet"}]},{"@type":"WebSite","@id":"https:\/\/suomenlinnatours.com\/sv\/#website","url":"https:\/\/suomenlinnatours.com\/sv\/","name":"Suomenlinna Tours","description":"","potentialAction":[{"@type":"SearchAction","target":{"@type":"EntryPoint","urlTemplate":"https:\/\/suomenlinnatours.com\/sv\/?s={search_term_string}"},"query-input":"required name=search_term_string"}],"inLanguage":"sv-SE"}]}},"_links":{"self":[{"href":"https:\/\/suomenlinnatours.com\/sv\/wp-json\/wp\/v2\/pages\/2193"}],"collection":[{"href":"https:\/\/suomenlinnatours.com\/sv\/wp-json\/wp\/v2\/pages"}],"about":[{"href":"https:\/\/suomenlinnatours.com\/sv\/wp-json\/wp\/v2\/types\/page"}],"author":[{"embeddable":true,"href":"https:\/\/suomenlinnatours.com\/sv\/wp-json\/wp\/v2\/users\/1"}],"replies":[{"embeddable":true,"href":"https:\/\/suomenlinnatours.com\/sv\/wp-json\/wp\/v2\/comments?post=2193"}],"version-history":[{"count":31,"href":"https:\/\/suomenlinnatours.com\/sv\/wp-json\/wp\/v2\/pages\/2193\/revisions"}],"predecessor-version":[{"id":4224,"href":"https:\/\/suomenlinnatours.com\/sv\/wp-json\/wp\/v2\/pages\/2193\/revisions\/4224"}],"up":[{"embeddable":true,"href":"https:\/\/suomenlinnatours.com\/sv\/wp-json\/wp\/v2\/pages\/2167"}],"wp:featuredmedia":[{"embeddable":true,"href":"https:\/\/suomenlinnatours.com\/sv\/wp-json\/wp\/v2\/media\/1150"}],"wp:attachment":[{"href":"https:\/\/suomenlinnatours.com\/sv\/wp-json\/wp\/v2\/media?parent=2193"}],"curies":[{"name":"wp","href":"https:\/\/api.w.org\/{rel}","templated":true}]}}