{"id":2191,"date":"2024-02-07T15:49:49","date_gmt":"2024-02-07T13:49:49","guid":{"rendered":"https:\/\/suomenlinnatours.com\/ideoita-ryhmille\/"},"modified":"2026-02-23T14:48:38","modified_gmt":"2026-02-23T12:48:38","slug":"ideer-for-grupper","status":"publish","type":"page","link":"https:\/\/suomenlinnatours.com\/sv\/suomenlinna-ryhmille\/ideer-for-grupper\/","title":{"rendered":"Id\u00e9er f\u00f6r grupper"},"content":{"rendered":"\n<p>Planerar ni en utflyktsdag p\u00e5 Sveaborg? Det b\u00e4sta s\u00e4ttet att utforska Sveaborg \u00e4r med v\u00e4lorganiserade arrangemang. Vi skr\u00e4ddarsyr en dag p\u00e5 f\u00e4stningen enligt \u00f6nskem\u00e5l f\u00f6r er grupp.<\/p>\n","protected":false},"excerpt":{"rendered":"<p>Planerar ni en utflyktsdag p\u00e5 Sveaborg? Det b\u00e4sta s\u00e4ttet att utforska Sveaborg \u00e4r med v\u00e4lorganiserade arrangemang. Vi skr\u00e4ddarsyr en dag p\u00e5 f\u00e4stningen enligt \u00f6nskem\u00e5l f\u00f6r er grupp.<\/p>\n","protected":false},"author":1,"featured_media":1479,"parent":2213,"menu_order":80,"comment_status":"closed","ping_status":"closed","template":"","meta":{"_acf_changed":false,"footnotes":""},"acf":[],"yoast_head":"<!-- This site is optimized with the Yoast SEO plugin v22.6 - https:\/\/yoast.com\/wordpress\/plugins\/seo\/ -->\n<title>Id\u00e9er f\u00f6r grupper - Suomenlinna Tours<\/title>\n<meta name=\"description\" content=\"Utflyktsdagen p\u00e5 Sveaborg f\u00f6r grupper.\" \/>\n<meta name=\"robots\" content=\"index, follow, max-snippet:-1, max-image-preview:large, max-video-preview:-1\" \/>\n<link rel=\"canonical\" href=\"https:\/\/suomenlinnatours.com\/sv\/suomenlinna-ryhmille\/ideer-for-grupper\/\" \/>\n<meta property=\"og:locale\" content=\"sv_SE\" \/>\n<meta property=\"og:type\" content=\"article\" \/>\n<meta property=\"og:title\" content=\"Utflyktsdagen p\u00e5 Sveaborg f\u00f6r grupper.\" \/>\n<meta property=\"og:description\" content=\"Utflyktsdagen p\u00e5 Sveaborg f\u00f6r grupper.\" \/>\n<meta property=\"og:url\" content=\"https:\/\/suomenlinnatours.com\/sv\/suomenlinna-ryhmille\/ideer-for-grupper\/\" \/>\n<meta property=\"og:site_name\" content=\"Suomenlinna Tours\" \/>\n<meta property=\"article:publisher\" content=\"https:\/\/www.facebook.com\/ehrensvardseura\" \/>\n<meta property=\"article:modified_time\" content=\"2026-02-23T12:48:38+00:00\" \/>\n<meta property=\"og:image\" content=\"https:\/\/suomenlinnatours.com\/wp-content\/uploads\/2024\/02\/MG_0738-scaled.jpg\" \/>\n\t<meta property=\"og:image:width\" content=\"2560\" \/>\n\t<meta property=\"og:image:height\" content=\"1707\" \/>\n\t<meta property=\"og:image:type\" content=\"image\/jpeg\" \/>\n<meta name=\"twitter:card\" content=\"summary_large_image\" \/>\n<meta name=\"twitter:label1\" content=\"Ber\u00e4knad l\u00e4stid\" \/>\n\t<meta name=\"twitter:data1\" content=\"3 minuter\" \/>\n<script type=\"application\/ld+json\" class=\"yoast-schema-graph\">{\"@context\":\"https:\/\/schema.org\",\"@graph\":[{\"@type\":\"WebPage\",\"@id\":\"https:\/\/suomenlinnatours.com\/sv\/suomenlinna-ryhmille\/ideer-for-grupper\/\",\"url\":\"https:\/\/suomenlinnatours.com\/sv\/suomenlinna-ryhmille\/ideer-for-grupper\/\",\"name\":\"Id\u00e9er f\u00f6r grupper - Suomenlinna Tours\",\"isPartOf\":{\"@id\":\"https:\/\/suomenlinnatours.com\/sv\/#website\"},\"primaryImageOfPage\":{\"@id\":\"https:\/\/suomenlinnatours.com\/sv\/suomenlinna-ryhmille\/ideer-for-grupper\/#primaryimage\"},\"image\":{\"@id\":\"https:\/\/suomenlinnatours.com\/sv\/suomenlinna-ryhmille\/ideer-for-grupper\/#primaryimage\"},\"thumbnailUrl\":\"https:\/\/suomenlinnatours.com\/wp-content\/uploads\/2024\/02\/Bastioni-Suomenlinna__.jpg\",\"datePublished\":\"2024-02-07T13:49:49+00:00\",\"dateModified\":\"2026-02-23T12:48:38+00:00\",\"description\":\"Utflyktsdagen p\u00e5 Sveaborg f\u00f6r grupper.\",\"breadcrumb\":{\"@id\":\"https:\/\/suomenlinnatours.com\/sv\/suomenlinna-ryhmille\/ideer-for-grupper\/#breadcrumb\"},\"inLanguage\":\"sv-SE\",\"potentialAction\":[{\"@type\":\"ReadAction\",\"target\":[\"https:\/\/suomenlinnatours.com\/sv\/suomenlinna-ryhmille\/ideer-for-grupper\/\"]}]},{\"@type\":\"ImageObject\",\"inLanguage\":\"sv-SE\",\"@id\":\"https:\/\/suomenlinnatours.com\/sv\/suomenlinna-ryhmille\/ideer-for-grupper\/#primaryimage\",\"url\":\"https:\/\/suomenlinnatours.com\/wp-content\/uploads\/2024\/02\/Bastioni-Suomenlinna__.jpg\",\"contentUrl\":\"https:\/\/suomenlinnatours.com\/wp-content\/uploads\/2024\/02\/Bastioni-Suomenlinna__.jpg\",\"width\":1080,\"height\":1080},{\"@type\":\"BreadcrumbList\",\"@id\":\"https:\/\/suomenlinnatours.com\/sv\/suomenlinna-ryhmille\/ideer-for-grupper\/#breadcrumb\",\"itemListElement\":[{\"@type\":\"ListItem\",\"position\":1,\"name\":\"Etusivu\",\"item\":\"https:\/\/suomenlinnatours.com\/sv\/\"},{\"@type\":\"ListItem\",\"position\":2,\"name\":\"Sveaborg f\u00f6r grupper\",\"item\":\"https:\/\/suomenlinnatours.com\/sv\/suomenlinna-ryhmille\/\"},{\"@type\":\"ListItem\",\"position\":3,\"name\":\"Id\u00e9er f\u00f6r grupper\"}]},{\"@type\":\"WebSite\",\"@id\":\"https:\/\/suomenlinnatours.com\/sv\/#website\",\"url\":\"https:\/\/suomenlinnatours.com\/sv\/\",\"name\":\"Suomenlinna Tours\",\"description\":\"\",\"potentialAction\":[{\"@type\":\"SearchAction\",\"target\":{\"@type\":\"EntryPoint\",\"urlTemplate\":\"https:\/\/suomenlinnatours.com\/sv\/?s={search_term_string}\"},\"query-input\":\"required name=search_term_string\"}],\"inLanguage\":\"sv-SE\"}]}<\/script>\n<!-- \/ Yoast SEO plugin. -->","yoast_head_json":{"title":"Id\u00e9er f\u00f6r grupper - Suomenlinna Tours","description":"Utflyktsdagen p\u00e5 Sveaborg f\u00f6r grupper.","robots":{"index":"index","follow":"follow","max-snippet":"max-snippet:-1","max-image-preview":"max-image-preview:large","max-video-preview":"max-video-preview:-1"},"canonical":"https:\/\/suomenlinnatours.com\/sv\/suomenlinna-ryhmille\/ideer-for-grupper\/","og_locale":"sv_SE","og_type":"article","og_title":"Utflyktsdagen p\u00e5 Sveaborg f\u00f6r grupper.","og_description":"Utflyktsdagen p\u00e5 Sveaborg f\u00f6r grupper.","og_url":"https:\/\/suomenlinnatours.com\/sv\/suomenlinna-ryhmille\/ideer-for-grupper\/","og_site_name":"Suomenlinna Tours","article_publisher":"https:\/\/www.facebook.com\/ehrensvardseura","article_modified_time":"2026-02-23T12:48:38+00:00","og_image":[{"width":2560,"height":1707,"url":"https:\/\/suomenlinnatours.com\/wp-content\/uploads\/2024\/02\/MG_0738-scaled.jpg","type":"image\/jpeg"}],"twitter_card":"summary_large_image","twitter_misc":{"Ber\u00e4knad l\u00e4stid":"3 minuter"},"schema":{"@context":"https:\/\/schema.org","@graph":[{"@type":"WebPage","@id":"https:\/\/suomenlinnatours.com\/sv\/suomenlinna-ryhmille\/ideer-for-grupper\/","url":"https:\/\/suomenlinnatours.com\/sv\/suomenlinna-ryhmille\/ideer-for-grupper\/","name":"Id\u00e9er f\u00f6r grupper - Suomenlinna Tours","isPartOf":{"@id":"https:\/\/suomenlinnatours.com\/sv\/#website"},"primaryImageOfPage":{"@id":"https:\/\/suomenlinnatours.com\/sv\/suomenlinna-ryhmille\/ideer-for-grupper\/#primaryimage"},"image":{"@id":"https:\/\/suomenlinnatours.com\/sv\/suomenlinna-ryhmille\/ideer-for-grupper\/#primaryimage"},"thumbnailUrl":"https:\/\/suomenlinnatours.com\/wp-content\/uploads\/2024\/02\/Bastioni-Suomenlinna__.jpg","datePublished":"2024-02-07T13:49:49+00:00","dateModified":"2026-02-23T12:48:38+00:00","description":"Utflyktsdagen p\u00e5 Sveaborg f\u00f6r grupper.","breadcrumb":{"@id":"https:\/\/suomenlinnatours.com\/sv\/suomenlinna-ryhmille\/ideer-for-grupper\/#breadcrumb"},"inLanguage":"sv-SE","potentialAction":[{"@type":"ReadAction","target":["https:\/\/suomenlinnatours.com\/sv\/suomenlinna-ryhmille\/ideer-for-grupper\/"]}]},{"@type":"ImageObject","inLanguage":"sv-SE","@id":"https:\/\/suomenlinnatours.com\/sv\/suomenlinna-ryhmille\/ideer-for-grupper\/#primaryimage","url":"https:\/\/suomenlinnatours.com\/wp-content\/uploads\/2024\/02\/Bastioni-Suomenlinna__.jpg","contentUrl":"https:\/\/suomenlinnatours.com\/wp-content\/uploads\/2024\/02\/Bastioni-Suomenlinna__.jpg","width":1080,"height":1080},{"@type":"BreadcrumbList","@id":"https:\/\/suomenlinnatours.com\/sv\/suomenlinna-ryhmille\/ideer-for-grupper\/#breadcrumb","itemListElement":[{"@type":"ListItem","position":1,"name":"Etusivu","item":"https:\/\/suomenlinnatours.com\/sv\/"},{"@type":"ListItem","position":2,"name":"Sveaborg f\u00f6r grupper","item":"https:\/\/suomenlinnatours.com\/sv\/suomenlinna-ryhmille\/"},{"@type":"ListItem","position":3,"name":"Id\u00e9er f\u00f6r grupper"}]},{"@type":"WebSite","@id":"https:\/\/suomenlinnatours.com\/sv\/#website","url":"https:\/\/suomenlinnatours.com\/sv\/","name":"Suomenlinna Tours","description":"","potentialAction":[{"@type":"SearchAction","target":{"@type":"EntryPoint","urlTemplate":"https:\/\/suomenlinnatours.com\/sv\/?s={search_term_string}"},"query-input":"required name=search_term_string"}],"inLanguage":"sv-SE"}]}},"_links":{"self":[{"href":"https:\/\/suomenlinnatours.com\/sv\/wp-json\/wp\/v2\/pages\/2191"}],"collection":[{"href":"https:\/\/suomenlinnatours.com\/sv\/wp-json\/wp\/v2\/pages"}],"about":[{"href":"https:\/\/suomenlinnatours.com\/sv\/wp-json\/wp\/v2\/types\/page"}],"author":[{"embeddable":true,"href":"https:\/\/suomenlinnatours.com\/sv\/wp-json\/wp\/v2\/users\/1"}],"replies":[{"embeddable":true,"href":"https:\/\/suomenlinnatours.com\/sv\/wp-json\/wp\/v2\/comments?post=2191"}],"version-history":[{"count":2,"href":"https:\/\/suomenlinnatours.com\/sv\/wp-json\/wp\/v2\/pages\/2191\/revisions"}],"predecessor-version":[{"id":2798,"href":"https:\/\/suomenlinnatours.com\/sv\/wp-json\/wp\/v2\/pages\/2191\/revisions\/2798"}],"up":[{"embeddable":true,"href":"https:\/\/suomenlinnatours.com\/sv\/wp-json\/wp\/v2\/pages\/2213"}],"wp:featuredmedia":[{"embeddable":true,"href":"https:\/\/suomenlinnatours.com\/sv\/wp-json\/wp\/v2\/media\/1479"}],"wp:attachment":[{"href":"https:\/\/suomenlinnatours.com\/sv\/wp-json\/wp\/v2\/media?parent=2191"}],"curies":[{"name":"wp","href":"https:\/\/api.w.org\/{rel}","templated":true}]}}