{"id":2189,"date":"2024-02-08T08:55:17","date_gmt":"2024-02-08T06:55:17","guid":{"rendered":"https:\/\/suomenlinnatours.com\/jaatelokioski\/"},"modified":"2026-02-18T14:39:56","modified_gmt":"2026-02-18T12:39:56","slug":"glasskiosken","status":"publish","type":"page","link":"https:\/\/suomenlinnatours.com\/sv\/lackerheter\/glasskiosken\/","title":{"rendered":"Glasskiosken"},"content":{"rendered":"\n<p>Fr\u00e5n Artillerivikens kiosk f\u00e5r du de b\u00e4sta glassarna varje dag under sommars\u00e4songen.<\/p>\n","protected":false},"excerpt":{"rendered":"<p>Fr\u00e5n Artillerivikens kiosk f\u00e5r du de b\u00e4sta glassarna varje dag under sommars\u00e4songen.<\/p>\n","protected":false},"author":1,"featured_media":1449,"parent":2221,"menu_order":62,"comment_status":"closed","ping_status":"closed","template":"","meta":{"_acf_changed":false,"footnotes":""},"acf":[],"yoast_head":"<!-- This site is optimized with the Yoast SEO plugin v22.6 - https:\/\/yoast.com\/wordpress\/plugins\/seo\/ -->\n<title>Glasskiosken - Suomenlinna Tours<\/title>\n<meta name=\"description\" content=\"Artillerivikens kiosk p\u00e5 Sveaborg serverar de b\u00e4sta glassarna varje dag under sommars\u00e4songen. Hos oss hittar du ocks\u00e5 f\u00f6rfriskningar.\" \/>\n<meta name=\"robots\" content=\"index, follow, max-snippet:-1, max-image-preview:large, max-video-preview:-1\" \/>\n<link rel=\"canonical\" href=\"https:\/\/suomenlinnatours.com\/sv\/lackerheter\/glasskiosken\/\" \/>\n<meta property=\"og:locale\" content=\"sv_SE\" \/>\n<meta property=\"og:type\" content=\"article\" \/>\n<meta property=\"og:title\" content=\"Artillerivikens kiosk p\u00e5 Sveaborg\" \/>\n<meta property=\"og:description\" content=\"Artillerivikens kiosk p\u00e5 Sveaborg serverar de b\u00e4sta glassarna varje dag under sommars\u00e4songen. Hos oss hittar du ocks\u00e5 f\u00f6rfriskningar.\" \/>\n<meta property=\"og:url\" content=\"https:\/\/suomenlinnatours.com\/sv\/lackerheter\/glasskiosken\/\" \/>\n<meta property=\"og:site_name\" content=\"Suomenlinna Tours\" \/>\n<meta property=\"article:publisher\" content=\"https:\/\/www.facebook.com\/ehrensvardseura\" \/>\n<meta property=\"article:modified_time\" content=\"2026-02-18T12:39:56+00:00\" \/>\n<meta property=\"og:image\" content=\"https:\/\/suomenlinnatours.com\/wp-content\/uploads\/2024\/02\/kioski.jpg\" \/>\n\t<meta property=\"og:image:width\" content=\"1421\" \/>\n\t<meta property=\"og:image:height\" content=\"1421\" \/>\n\t<meta property=\"og:image:type\" content=\"image\/jpeg\" \/>\n<meta name=\"twitter:card\" content=\"summary_large_image\" \/>\n<meta name=\"twitter:label1\" content=\"Ber\u00e4knad l\u00e4stid\" \/>\n\t<meta name=\"twitter:data1\" content=\"2 minuter\" \/>\n<script type=\"application\/ld+json\" class=\"yoast-schema-graph\">{\"@context\":\"https:\/\/schema.org\",\"@graph\":[{\"@type\":\"WebPage\",\"@id\":\"https:\/\/suomenlinnatours.com\/sv\/lackerheter\/glasskiosken\/\",\"url\":\"https:\/\/suomenlinnatours.com\/sv\/lackerheter\/glasskiosken\/\",\"name\":\"Glasskiosken - Suomenlinna Tours\",\"isPartOf\":{\"@id\":\"https:\/\/suomenlinnatours.com\/sv\/#website\"},\"primaryImageOfPage\":{\"@id\":\"https:\/\/suomenlinnatours.com\/sv\/lackerheter\/glasskiosken\/#primaryimage\"},\"image\":{\"@id\":\"https:\/\/suomenlinnatours.com\/sv\/lackerheter\/glasskiosken\/#primaryimage\"},\"thumbnailUrl\":\"https:\/\/suomenlinnatours.com\/wp-content\/uploads\/2024\/02\/kioski.jpg\",\"datePublished\":\"2024-02-08T06:55:17+00:00\",\"dateModified\":\"2026-02-18T12:39:56+00:00\",\"description\":\"Artillerivikens kiosk p\u00e5 Sveaborg serverar de b\u00e4sta glassarna varje dag under sommars\u00e4songen. Hos oss hittar du ocks\u00e5 f\u00f6rfriskningar.\",\"breadcrumb\":{\"@id\":\"https:\/\/suomenlinnatours.com\/sv\/lackerheter\/glasskiosken\/#breadcrumb\"},\"inLanguage\":\"sv-SE\",\"potentialAction\":[{\"@type\":\"ReadAction\",\"target\":[\"https:\/\/suomenlinnatours.com\/sv\/lackerheter\/glasskiosken\/\"]}]},{\"@type\":\"ImageObject\",\"inLanguage\":\"sv-SE\",\"@id\":\"https:\/\/suomenlinnatours.com\/sv\/lackerheter\/glasskiosken\/#primaryimage\",\"url\":\"https:\/\/suomenlinnatours.com\/wp-content\/uploads\/2024\/02\/kioski.jpg\",\"contentUrl\":\"https:\/\/suomenlinnatours.com\/wp-content\/uploads\/2024\/02\/kioski.jpg\",\"width\":1421,\"height\":1421,\"caption\":\"Tykist\u00f6lahden kioski aurinkoisena kes\u00e4p\u00e4iv\u00e4n\u00e4 kuvattuna.\"},{\"@type\":\"BreadcrumbList\",\"@id\":\"https:\/\/suomenlinnatours.com\/sv\/lackerheter\/glasskiosken\/#breadcrumb\",\"itemListElement\":[{\"@type\":\"ListItem\",\"position\":1,\"name\":\"Etusivu\",\"item\":\"https:\/\/suomenlinnatours.com\/sv\/\"},{\"@type\":\"ListItem\",\"position\":2,\"name\":\"L\u00e4ckerheter\",\"item\":\"https:\/\/suomenlinnatours.com\/sv\/lackerheter\/\"},{\"@type\":\"ListItem\",\"position\":3,\"name\":\"Glasskiosken\"}]},{\"@type\":\"WebSite\",\"@id\":\"https:\/\/suomenlinnatours.com\/sv\/#website\",\"url\":\"https:\/\/suomenlinnatours.com\/sv\/\",\"name\":\"Suomenlinna Tours\",\"description\":\"\",\"potentialAction\":[{\"@type\":\"SearchAction\",\"target\":{\"@type\":\"EntryPoint\",\"urlTemplate\":\"https:\/\/suomenlinnatours.com\/sv\/?s={search_term_string}\"},\"query-input\":\"required name=search_term_string\"}],\"inLanguage\":\"sv-SE\"}]}<\/script>\n<!-- \/ Yoast SEO plugin. -->","yoast_head_json":{"title":"Glasskiosken - Suomenlinna Tours","description":"Artillerivikens kiosk p\u00e5 Sveaborg serverar de b\u00e4sta glassarna varje dag under sommars\u00e4songen. Hos oss hittar du ocks\u00e5 f\u00f6rfriskningar.","robots":{"index":"index","follow":"follow","max-snippet":"max-snippet:-1","max-image-preview":"max-image-preview:large","max-video-preview":"max-video-preview:-1"},"canonical":"https:\/\/suomenlinnatours.com\/sv\/lackerheter\/glasskiosken\/","og_locale":"sv_SE","og_type":"article","og_title":"Artillerivikens kiosk p\u00e5 Sveaborg","og_description":"Artillerivikens kiosk p\u00e5 Sveaborg serverar de b\u00e4sta glassarna varje dag under sommars\u00e4songen. Hos oss hittar du ocks\u00e5 f\u00f6rfriskningar.","og_url":"https:\/\/suomenlinnatours.com\/sv\/lackerheter\/glasskiosken\/","og_site_name":"Suomenlinna Tours","article_publisher":"https:\/\/www.facebook.com\/ehrensvardseura","article_modified_time":"2026-02-18T12:39:56+00:00","og_image":[{"width":1421,"height":1421,"url":"https:\/\/suomenlinnatours.com\/wp-content\/uploads\/2024\/02\/kioski.jpg","type":"image\/jpeg"}],"twitter_card":"summary_large_image","twitter_misc":{"Ber\u00e4knad l\u00e4stid":"2 minuter"},"schema":{"@context":"https:\/\/schema.org","@graph":[{"@type":"WebPage","@id":"https:\/\/suomenlinnatours.com\/sv\/lackerheter\/glasskiosken\/","url":"https:\/\/suomenlinnatours.com\/sv\/lackerheter\/glasskiosken\/","name":"Glasskiosken - Suomenlinna Tours","isPartOf":{"@id":"https:\/\/suomenlinnatours.com\/sv\/#website"},"primaryImageOfPage":{"@id":"https:\/\/suomenlinnatours.com\/sv\/lackerheter\/glasskiosken\/#primaryimage"},"image":{"@id":"https:\/\/suomenlinnatours.com\/sv\/lackerheter\/glasskiosken\/#primaryimage"},"thumbnailUrl":"https:\/\/suomenlinnatours.com\/wp-content\/uploads\/2024\/02\/kioski.jpg","datePublished":"2024-02-08T06:55:17+00:00","dateModified":"2026-02-18T12:39:56+00:00","description":"Artillerivikens kiosk p\u00e5 Sveaborg serverar de b\u00e4sta glassarna varje dag under sommars\u00e4songen. Hos oss hittar du ocks\u00e5 f\u00f6rfriskningar.","breadcrumb":{"@id":"https:\/\/suomenlinnatours.com\/sv\/lackerheter\/glasskiosken\/#breadcrumb"},"inLanguage":"sv-SE","potentialAction":[{"@type":"ReadAction","target":["https:\/\/suomenlinnatours.com\/sv\/lackerheter\/glasskiosken\/"]}]},{"@type":"ImageObject","inLanguage":"sv-SE","@id":"https:\/\/suomenlinnatours.com\/sv\/lackerheter\/glasskiosken\/#primaryimage","url":"https:\/\/suomenlinnatours.com\/wp-content\/uploads\/2024\/02\/kioski.jpg","contentUrl":"https:\/\/suomenlinnatours.com\/wp-content\/uploads\/2024\/02\/kioski.jpg","width":1421,"height":1421,"caption":"Tykist\u00f6lahden kioski aurinkoisena kes\u00e4p\u00e4iv\u00e4n\u00e4 kuvattuna."},{"@type":"BreadcrumbList","@id":"https:\/\/suomenlinnatours.com\/sv\/lackerheter\/glasskiosken\/#breadcrumb","itemListElement":[{"@type":"ListItem","position":1,"name":"Etusivu","item":"https:\/\/suomenlinnatours.com\/sv\/"},{"@type":"ListItem","position":2,"name":"L\u00e4ckerheter","item":"https:\/\/suomenlinnatours.com\/sv\/lackerheter\/"},{"@type":"ListItem","position":3,"name":"Glasskiosken"}]},{"@type":"WebSite","@id":"https:\/\/suomenlinnatours.com\/sv\/#website","url":"https:\/\/suomenlinnatours.com\/sv\/","name":"Suomenlinna Tours","description":"","potentialAction":[{"@type":"SearchAction","target":{"@type":"EntryPoint","urlTemplate":"https:\/\/suomenlinnatours.com\/sv\/?s={search_term_string}"},"query-input":"required name=search_term_string"}],"inLanguage":"sv-SE"}]}},"_links":{"self":[{"href":"https:\/\/suomenlinnatours.com\/sv\/wp-json\/wp\/v2\/pages\/2189"}],"collection":[{"href":"https:\/\/suomenlinnatours.com\/sv\/wp-json\/wp\/v2\/pages"}],"about":[{"href":"https:\/\/suomenlinnatours.com\/sv\/wp-json\/wp\/v2\/types\/page"}],"author":[{"embeddable":true,"href":"https:\/\/suomenlinnatours.com\/sv\/wp-json\/wp\/v2\/users\/1"}],"replies":[{"embeddable":true,"href":"https:\/\/suomenlinnatours.com\/sv\/wp-json\/wp\/v2\/comments?post=2189"}],"version-history":[{"count":3,"href":"https:\/\/suomenlinnatours.com\/sv\/wp-json\/wp\/v2\/pages\/2189\/revisions"}],"predecessor-version":[{"id":3541,"href":"https:\/\/suomenlinnatours.com\/sv\/wp-json\/wp\/v2\/pages\/2189\/revisions\/3541"}],"up":[{"embeddable":true,"href":"https:\/\/suomenlinnatours.com\/sv\/wp-json\/wp\/v2\/pages\/2221"}],"wp:featuredmedia":[{"embeddable":true,"href":"https:\/\/suomenlinnatours.com\/sv\/wp-json\/wp\/v2\/media\/1449"}],"wp:attachment":[{"href":"https:\/\/suomenlinnatours.com\/sv\/wp-json\/wp\/v2\/media?parent=2189"}],"curies":[{"name":"wp","href":"https:\/\/api.w.org\/{rel}","templated":true}]}}