{"id":2185,"date":"2024-02-08T09:31:18","date_gmt":"2024-02-08T07:31:18","guid":{"rendered":"https:\/\/suomenlinnatours.com\/tekemista-suomenlinnassa\/suomenlinna-museo\/"},"modified":"2026-03-17T15:25:06","modified_gmt":"2026-03-17T13:25:06","slug":"sveaborgsmuseet","status":"publish","type":"page","link":"https:\/\/suomenlinnatours.com\/sv\/se-och-gora-pa-sveaborg\/sveaborgsmuseet\/","title":{"rendered":"Sveaborgsmuseet"},"content":{"rendered":"\n<p>Sveaborg-museet presenterar olika skeden i f\u00e4stningens \u00f6ver 270 \u00e5r gamla historia, torrdocka, vardagsliv och festligheter f\u00f6r b\u00e5de inv\u00e5nare och soldater.<\/p>\n","protected":false},"excerpt":{"rendered":"<p>Museet presenterar f\u00e4stningens \u00f6ver 270 \u00e5riga historia under tre nationers makter.<\/p>\n","protected":false},"author":1,"featured_media":1410,"parent":2167,"menu_order":30,"comment_status":"closed","ping_status":"closed","template":"","meta":{"_acf_changed":false,"footnotes":""},"acf":[],"yoast_head":"<!-- This site is optimized with the Yoast SEO plugin v22.6 - https:\/\/yoast.com\/wordpress\/plugins\/seo\/ -->\n<title>Sveaborgsmuseet - Suomenlinna Tours<\/title>\n<meta name=\"description\" content=\"Sveaborg-museet presenterar olika skeden i f\u00e4stningens \u00f6ver 270 \u00e5r gamla historia, torrdocka, vardagsliv.\" \/>\n<meta name=\"robots\" content=\"index, follow, max-snippet:-1, max-image-preview:large, max-video-preview:-1\" \/>\n<link rel=\"canonical\" href=\"https:\/\/suomenlinnatours.com\/sv\/se-och-gora-pa-sveaborg\/sveaborgsmuseet\/\" \/>\n<meta property=\"og:locale\" content=\"sv_SE\" \/>\n<meta property=\"og:type\" content=\"article\" \/>\n<meta property=\"og:title\" content=\"Sveaborg-museet presenterar historia\" \/>\n<meta property=\"og:description\" content=\"Sveaborg-museet presenterar olika skeden i f\u00e4stningens \u00f6ver 270 \u00e5r gamla historia, torrdocka, vardagsliv och festligheter f\u00f6r b\u00e5de inv\u00e5nare och soldater.\" \/>\n<meta property=\"og:url\" content=\"https:\/\/suomenlinnatours.com\/sv\/se-och-gora-pa-sveaborg\/sveaborgsmuseet\/\" \/>\n<meta property=\"og:site_name\" content=\"Suomenlinna Tours\" \/>\n<meta property=\"article:publisher\" content=\"https:\/\/www.facebook.com\/ehrensvardseura\" \/>\n<meta property=\"article:modified_time\" content=\"2026-03-17T13:25:06+00:00\" \/>\n<meta property=\"og:image\" content=\"https:\/\/suomenlinnatours.com\/wp-content\/uploads\/2024\/01\/457.jpg\" \/>\n\t<meta property=\"og:image:width\" content=\"1600\" \/>\n\t<meta property=\"og:image:height\" content=\"1067\" \/>\n\t<meta property=\"og:image:type\" content=\"image\/jpeg\" \/>\n<meta name=\"twitter:card\" content=\"summary_large_image\" \/>\n<meta name=\"twitter:label1\" content=\"Ber\u00e4knad l\u00e4stid\" \/>\n\t<meta name=\"twitter:data1\" content=\"3 minuter\" \/>\n<script type=\"application\/ld+json\" class=\"yoast-schema-graph\">{\"@context\":\"https:\/\/schema.org\",\"@graph\":[{\"@type\":\"WebPage\",\"@id\":\"https:\/\/suomenlinnatours.com\/sv\/se-och-gora-pa-sveaborg\/sveaborgsmuseet\/\",\"url\":\"https:\/\/suomenlinnatours.com\/sv\/se-och-gora-pa-sveaborg\/sveaborgsmuseet\/\",\"name\":\"Sveaborgsmuseet - Suomenlinna Tours\",\"isPartOf\":{\"@id\":\"https:\/\/suomenlinnatours.com\/sv\/#website\"},\"primaryImageOfPage\":{\"@id\":\"https:\/\/suomenlinnatours.com\/sv\/se-och-gora-pa-sveaborg\/sveaborgsmuseet\/#primaryimage\"},\"image\":{\"@id\":\"https:\/\/suomenlinnatours.com\/sv\/se-och-gora-pa-sveaborg\/sveaborgsmuseet\/#primaryimage\"},\"thumbnailUrl\":\"https:\/\/suomenlinnatours.com\/wp-content\/uploads\/2024\/02\/IMG_4273__-scaled.jpg\",\"datePublished\":\"2024-02-08T07:31:18+00:00\",\"dateModified\":\"2026-03-17T13:25:06+00:00\",\"description\":\"Sveaborg-museet presenterar olika skeden i f\u00e4stningens \u00f6ver 270 \u00e5r gamla historia, torrdocka, vardagsliv.\",\"breadcrumb\":{\"@id\":\"https:\/\/suomenlinnatours.com\/sv\/se-och-gora-pa-sveaborg\/sveaborgsmuseet\/#breadcrumb\"},\"inLanguage\":\"sv-SE\",\"potentialAction\":[{\"@type\":\"ReadAction\",\"target\":[\"https:\/\/suomenlinnatours.com\/sv\/se-och-gora-pa-sveaborg\/sveaborgsmuseet\/\"]}]},{\"@type\":\"ImageObject\",\"inLanguage\":\"sv-SE\",\"@id\":\"https:\/\/suomenlinnatours.com\/sv\/se-och-gora-pa-sveaborg\/sveaborgsmuseet\/#primaryimage\",\"url\":\"https:\/\/suomenlinnatours.com\/wp-content\/uploads\/2024\/02\/IMG_4273__-scaled.jpg\",\"contentUrl\":\"https:\/\/suomenlinnatours.com\/wp-content\/uploads\/2024\/02\/IMG_4273__-scaled.jpg\",\"width\":2560,\"height\":2560,\"caption\":\"Museossa oleva Leo Tuomaalan ottama kuva lauttarannasta 1900-luvun alkupuolella.\"},{\"@type\":\"BreadcrumbList\",\"@id\":\"https:\/\/suomenlinnatours.com\/sv\/se-och-gora-pa-sveaborg\/sveaborgsmuseet\/#breadcrumb\",\"itemListElement\":[{\"@type\":\"ListItem\",\"position\":1,\"name\":\"Etusivu\",\"item\":\"https:\/\/suomenlinnatours.com\/sv\/\"},{\"@type\":\"ListItem\",\"position\":2,\"name\":\"Se och g\u00f6ra p\u00e5 Sveaborg\",\"item\":\"https:\/\/suomenlinnatours.com\/sv\/se-och-gora-pa-sveaborg\/\"},{\"@type\":\"ListItem\",\"position\":3,\"name\":\"Sveaborgsmuseet\"}]},{\"@type\":\"WebSite\",\"@id\":\"https:\/\/suomenlinnatours.com\/sv\/#website\",\"url\":\"https:\/\/suomenlinnatours.com\/sv\/\",\"name\":\"Suomenlinna Tours\",\"description\":\"\",\"potentialAction\":[{\"@type\":\"SearchAction\",\"target\":{\"@type\":\"EntryPoint\",\"urlTemplate\":\"https:\/\/suomenlinnatours.com\/sv\/?s={search_term_string}\"},\"query-input\":\"required name=search_term_string\"}],\"inLanguage\":\"sv-SE\"}]}<\/script>\n<!-- \/ Yoast SEO plugin. -->","yoast_head_json":{"title":"Sveaborgsmuseet - Suomenlinna Tours","description":"Sveaborg-museet presenterar olika skeden i f\u00e4stningens \u00f6ver 270 \u00e5r gamla historia, torrdocka, vardagsliv.","robots":{"index":"index","follow":"follow","max-snippet":"max-snippet:-1","max-image-preview":"max-image-preview:large","max-video-preview":"max-video-preview:-1"},"canonical":"https:\/\/suomenlinnatours.com\/sv\/se-och-gora-pa-sveaborg\/sveaborgsmuseet\/","og_locale":"sv_SE","og_type":"article","og_title":"Sveaborg-museet presenterar historia","og_description":"Sveaborg-museet presenterar olika skeden i f\u00e4stningens \u00f6ver 270 \u00e5r gamla historia, torrdocka, vardagsliv och festligheter f\u00f6r b\u00e5de inv\u00e5nare och soldater.","og_url":"https:\/\/suomenlinnatours.com\/sv\/se-och-gora-pa-sveaborg\/sveaborgsmuseet\/","og_site_name":"Suomenlinna Tours","article_publisher":"https:\/\/www.facebook.com\/ehrensvardseura","article_modified_time":"2026-03-17T13:25:06+00:00","og_image":[{"width":1600,"height":1067,"url":"https:\/\/suomenlinnatours.com\/wp-content\/uploads\/2024\/01\/457.jpg","type":"image\/jpeg"}],"twitter_card":"summary_large_image","twitter_misc":{"Ber\u00e4knad l\u00e4stid":"3 minuter"},"schema":{"@context":"https:\/\/schema.org","@graph":[{"@type":"WebPage","@id":"https:\/\/suomenlinnatours.com\/sv\/se-och-gora-pa-sveaborg\/sveaborgsmuseet\/","url":"https:\/\/suomenlinnatours.com\/sv\/se-och-gora-pa-sveaborg\/sveaborgsmuseet\/","name":"Sveaborgsmuseet - Suomenlinna Tours","isPartOf":{"@id":"https:\/\/suomenlinnatours.com\/sv\/#website"},"primaryImageOfPage":{"@id":"https:\/\/suomenlinnatours.com\/sv\/se-och-gora-pa-sveaborg\/sveaborgsmuseet\/#primaryimage"},"image":{"@id":"https:\/\/suomenlinnatours.com\/sv\/se-och-gora-pa-sveaborg\/sveaborgsmuseet\/#primaryimage"},"thumbnailUrl":"https:\/\/suomenlinnatours.com\/wp-content\/uploads\/2024\/02\/IMG_4273__-scaled.jpg","datePublished":"2024-02-08T07:31:18+00:00","dateModified":"2026-03-17T13:25:06+00:00","description":"Sveaborg-museet presenterar olika skeden i f\u00e4stningens \u00f6ver 270 \u00e5r gamla historia, torrdocka, vardagsliv.","breadcrumb":{"@id":"https:\/\/suomenlinnatours.com\/sv\/se-och-gora-pa-sveaborg\/sveaborgsmuseet\/#breadcrumb"},"inLanguage":"sv-SE","potentialAction":[{"@type":"ReadAction","target":["https:\/\/suomenlinnatours.com\/sv\/se-och-gora-pa-sveaborg\/sveaborgsmuseet\/"]}]},{"@type":"ImageObject","inLanguage":"sv-SE","@id":"https:\/\/suomenlinnatours.com\/sv\/se-och-gora-pa-sveaborg\/sveaborgsmuseet\/#primaryimage","url":"https:\/\/suomenlinnatours.com\/wp-content\/uploads\/2024\/02\/IMG_4273__-scaled.jpg","contentUrl":"https:\/\/suomenlinnatours.com\/wp-content\/uploads\/2024\/02\/IMG_4273__-scaled.jpg","width":2560,"height":2560,"caption":"Museossa oleva Leo Tuomaalan ottama kuva lauttarannasta 1900-luvun alkupuolella."},{"@type":"BreadcrumbList","@id":"https:\/\/suomenlinnatours.com\/sv\/se-och-gora-pa-sveaborg\/sveaborgsmuseet\/#breadcrumb","itemListElement":[{"@type":"ListItem","position":1,"name":"Etusivu","item":"https:\/\/suomenlinnatours.com\/sv\/"},{"@type":"ListItem","position":2,"name":"Se och g\u00f6ra p\u00e5 Sveaborg","item":"https:\/\/suomenlinnatours.com\/sv\/se-och-gora-pa-sveaborg\/"},{"@type":"ListItem","position":3,"name":"Sveaborgsmuseet"}]},{"@type":"WebSite","@id":"https:\/\/suomenlinnatours.com\/sv\/#website","url":"https:\/\/suomenlinnatours.com\/sv\/","name":"Suomenlinna Tours","description":"","potentialAction":[{"@type":"SearchAction","target":{"@type":"EntryPoint","urlTemplate":"https:\/\/suomenlinnatours.com\/sv\/?s={search_term_string}"},"query-input":"required name=search_term_string"}],"inLanguage":"sv-SE"}]}},"_links":{"self":[{"href":"https:\/\/suomenlinnatours.com\/sv\/wp-json\/wp\/v2\/pages\/2185"}],"collection":[{"href":"https:\/\/suomenlinnatours.com\/sv\/wp-json\/wp\/v2\/pages"}],"about":[{"href":"https:\/\/suomenlinnatours.com\/sv\/wp-json\/wp\/v2\/types\/page"}],"author":[{"embeddable":true,"href":"https:\/\/suomenlinnatours.com\/sv\/wp-json\/wp\/v2\/users\/1"}],"replies":[{"embeddable":true,"href":"https:\/\/suomenlinnatours.com\/sv\/wp-json\/wp\/v2\/comments?post=2185"}],"version-history":[{"count":23,"href":"https:\/\/suomenlinnatours.com\/sv\/wp-json\/wp\/v2\/pages\/2185\/revisions"}],"predecessor-version":[{"id":4242,"href":"https:\/\/suomenlinnatours.com\/sv\/wp-json\/wp\/v2\/pages\/2185\/revisions\/4242"}],"up":[{"embeddable":true,"href":"https:\/\/suomenlinnatours.com\/sv\/wp-json\/wp\/v2\/pages\/2167"}],"wp:featuredmedia":[{"embeddable":true,"href":"https:\/\/suomenlinnatours.com\/sv\/wp-json\/wp\/v2\/media\/1410"}],"wp:attachment":[{"href":"https:\/\/suomenlinnatours.com\/sv\/wp-json\/wp\/v2\/media?parent=2185"}],"curies":[{"name":"wp","href":"https:\/\/api.w.org\/{rel}","templated":true}]}}