{"id":2183,"date":"2024-02-08T09:32:16","date_gmt":"2024-02-08T07:32:16","guid":{"rendered":"https:\/\/suomenlinnatours.com\/tekemista-suomenlinnassa\/vallisaari-ja-lonna\/"},"modified":"2026-02-13T19:04:05","modified_gmt":"2026-02-13T17:04:05","slug":"skanslandet-och-lonnan","status":"publish","type":"page","link":"https:\/\/suomenlinnatours.com\/sv\/se-och-gora-pa-sveaborg\/skanslandet-och-lonnan\/","title":{"rendered":"Skanslandet och Lonnan"},"content":{"rendered":"\n<p>Utforska de n\u00e4rliggande \u00f6arna Skanslandet och Lonnan p\u00e5 v\u00e5ra guidade turer. \u00d6arnas natur och fascinerande historia skapar en unik bakgrund f\u00f6r sommarbes\u00f6ket.<\/p>\n","protected":false},"excerpt":{"rendered":"<p>Utforska de n\u00e4rliggande \u00f6arna Skanslandet och Lonnan p\u00e5 v\u00e5ra guidade turer.<\/p>\n","protected":false},"author":1,"featured_media":1919,"parent":2167,"menu_order":40,"comment_status":"closed","ping_status":"closed","template":"","meta":{"_acf_changed":false,"footnotes":""},"acf":[],"yoast_head":"<!-- This site is optimized with the Yoast SEO plugin v22.6 - https:\/\/yoast.com\/wordpress\/plugins\/seo\/ -->\n<title>Skanslandet och Lonnan - Suomenlinna Tours<\/title>\n<meta name=\"description\" content=\"Utforska de n\u00e4rliggande \u00f6arna Skanslandet och Lonnan p\u00e5 v\u00e5ra guidade turer.\" \/>\n<meta name=\"robots\" content=\"index, follow, max-snippet:-1, max-image-preview:large, max-video-preview:-1\" \/>\n<link rel=\"canonical\" href=\"https:\/\/suomenlinnatours.com\/sv\/se-och-gora-pa-sveaborg\/skanslandet-och-lonnan\/\" \/>\n<meta property=\"og:locale\" content=\"sv_SE\" \/>\n<meta property=\"og:type\" content=\"article\" \/>\n<meta property=\"og:title\" content=\"Skanslandet och Lonnan\" \/>\n<meta property=\"og:description\" content=\"Utforska de n\u00e4rliggande \u00f6arna Skanslandet och Lonnan p\u00e5 v\u00e5ra guidade turer.\" \/>\n<meta property=\"og:url\" content=\"https:\/\/suomenlinnatours.com\/sv\/se-och-gora-pa-sveaborg\/skanslandet-och-lonnan\/\" \/>\n<meta property=\"og:site_name\" content=\"Suomenlinna Tours\" \/>\n<meta property=\"article:publisher\" content=\"https:\/\/www.facebook.com\/ehrensvardseura\" \/>\n<meta property=\"article:modified_time\" content=\"2026-02-13T17:04:05+00:00\" \/>\n<meta property=\"og:image\" content=\"https:\/\/suomenlinnatours.com\/wp-content\/uploads\/2024\/03\/Vallisaari-Helsinki-01.jpg\" \/>\n\t<meta property=\"og:image:width\" content=\"1920\" \/>\n\t<meta property=\"og:image:height\" content=\"1080\" \/>\n\t<meta property=\"og:image:type\" content=\"image\/jpeg\" \/>\n<meta name=\"twitter:card\" content=\"summary_large_image\" \/>\n<meta name=\"twitter:label1\" content=\"Ber\u00e4knad l\u00e4stid\" \/>\n\t<meta name=\"twitter:data1\" content=\"2 minuter\" \/>\n<script type=\"application\/ld+json\" class=\"yoast-schema-graph\">{\"@context\":\"https:\/\/schema.org\",\"@graph\":[{\"@type\":\"WebPage\",\"@id\":\"https:\/\/suomenlinnatours.com\/sv\/se-och-gora-pa-sveaborg\/skanslandet-och-lonnan\/\",\"url\":\"https:\/\/suomenlinnatours.com\/sv\/se-och-gora-pa-sveaborg\/skanslandet-och-lonnan\/\",\"name\":\"Skanslandet och Lonnan - Suomenlinna Tours\",\"isPartOf\":{\"@id\":\"https:\/\/suomenlinnatours.com\/sv\/#website\"},\"primaryImageOfPage\":{\"@id\":\"https:\/\/suomenlinnatours.com\/sv\/se-och-gora-pa-sveaborg\/skanslandet-och-lonnan\/#primaryimage\"},\"image\":{\"@id\":\"https:\/\/suomenlinnatours.com\/sv\/se-och-gora-pa-sveaborg\/skanslandet-och-lonnan\/#primaryimage\"},\"thumbnailUrl\":\"https:\/\/suomenlinnatours.com\/wp-content\/uploads\/2024\/03\/Vallisaari-Helsinki-Suomenlinna-.jpg\",\"datePublished\":\"2024-02-08T07:32:16+00:00\",\"dateModified\":\"2026-02-13T17:04:05+00:00\",\"description\":\"Utforska de n\u00e4rliggande \u00f6arna Skanslandet och Lonnan p\u00e5 v\u00e5ra guidade turer.\",\"breadcrumb\":{\"@id\":\"https:\/\/suomenlinnatours.com\/sv\/se-och-gora-pa-sveaborg\/skanslandet-och-lonnan\/#breadcrumb\"},\"inLanguage\":\"sv-SE\",\"potentialAction\":[{\"@type\":\"ReadAction\",\"target\":[\"https:\/\/suomenlinnatours.com\/sv\/se-och-gora-pa-sveaborg\/skanslandet-och-lonnan\/\"]}]},{\"@type\":\"ImageObject\",\"inLanguage\":\"sv-SE\",\"@id\":\"https:\/\/suomenlinnatours.com\/sv\/se-och-gora-pa-sveaborg\/skanslandet-och-lonnan\/#primaryimage\",\"url\":\"https:\/\/suomenlinnatours.com\/wp-content\/uploads\/2024\/03\/Vallisaari-Helsinki-Suomenlinna-.jpg\",\"contentUrl\":\"https:\/\/suomenlinnatours.com\/wp-content\/uploads\/2024\/03\/Vallisaari-Helsinki-Suomenlinna-.jpg\",\"width\":1069,\"height\":1069,\"caption\":\"Vehre\u00e4 heinikko Vallisaaren punatiilisen linnoituksen edustalla.\"},{\"@type\":\"BreadcrumbList\",\"@id\":\"https:\/\/suomenlinnatours.com\/sv\/se-och-gora-pa-sveaborg\/skanslandet-och-lonnan\/#breadcrumb\",\"itemListElement\":[{\"@type\":\"ListItem\",\"position\":1,\"name\":\"Etusivu\",\"item\":\"https:\/\/suomenlinnatours.com\/sv\/\"},{\"@type\":\"ListItem\",\"position\":2,\"name\":\"Se och g\u00f6ra p\u00e5 Sveaborg\",\"item\":\"https:\/\/suomenlinnatours.com\/sv\/se-och-gora-pa-sveaborg\/\"},{\"@type\":\"ListItem\",\"position\":3,\"name\":\"Skanslandet och Lonnan\"}]},{\"@type\":\"WebSite\",\"@id\":\"https:\/\/suomenlinnatours.com\/sv\/#website\",\"url\":\"https:\/\/suomenlinnatours.com\/sv\/\",\"name\":\"Suomenlinna Tours\",\"description\":\"\",\"potentialAction\":[{\"@type\":\"SearchAction\",\"target\":{\"@type\":\"EntryPoint\",\"urlTemplate\":\"https:\/\/suomenlinnatours.com\/sv\/?s={search_term_string}\"},\"query-input\":\"required name=search_term_string\"}],\"inLanguage\":\"sv-SE\"}]}<\/script>\n<!-- \/ Yoast SEO plugin. -->","yoast_head_json":{"title":"Skanslandet och Lonnan - Suomenlinna Tours","description":"Utforska de n\u00e4rliggande \u00f6arna Skanslandet och Lonnan p\u00e5 v\u00e5ra guidade turer.","robots":{"index":"index","follow":"follow","max-snippet":"max-snippet:-1","max-image-preview":"max-image-preview:large","max-video-preview":"max-video-preview:-1"},"canonical":"https:\/\/suomenlinnatours.com\/sv\/se-och-gora-pa-sveaborg\/skanslandet-och-lonnan\/","og_locale":"sv_SE","og_type":"article","og_title":"Skanslandet och Lonnan","og_description":"Utforska de n\u00e4rliggande \u00f6arna Skanslandet och Lonnan p\u00e5 v\u00e5ra guidade turer.","og_url":"https:\/\/suomenlinnatours.com\/sv\/se-och-gora-pa-sveaborg\/skanslandet-och-lonnan\/","og_site_name":"Suomenlinna Tours","article_publisher":"https:\/\/www.facebook.com\/ehrensvardseura","article_modified_time":"2026-02-13T17:04:05+00:00","og_image":[{"width":1920,"height":1080,"url":"https:\/\/suomenlinnatours.com\/wp-content\/uploads\/2024\/03\/Vallisaari-Helsinki-01.jpg","type":"image\/jpeg"}],"twitter_card":"summary_large_image","twitter_misc":{"Ber\u00e4knad l\u00e4stid":"2 minuter"},"schema":{"@context":"https:\/\/schema.org","@graph":[{"@type":"WebPage","@id":"https:\/\/suomenlinnatours.com\/sv\/se-och-gora-pa-sveaborg\/skanslandet-och-lonnan\/","url":"https:\/\/suomenlinnatours.com\/sv\/se-och-gora-pa-sveaborg\/skanslandet-och-lonnan\/","name":"Skanslandet och Lonnan - Suomenlinna Tours","isPartOf":{"@id":"https:\/\/suomenlinnatours.com\/sv\/#website"},"primaryImageOfPage":{"@id":"https:\/\/suomenlinnatours.com\/sv\/se-och-gora-pa-sveaborg\/skanslandet-och-lonnan\/#primaryimage"},"image":{"@id":"https:\/\/suomenlinnatours.com\/sv\/se-och-gora-pa-sveaborg\/skanslandet-och-lonnan\/#primaryimage"},"thumbnailUrl":"https:\/\/suomenlinnatours.com\/wp-content\/uploads\/2024\/03\/Vallisaari-Helsinki-Suomenlinna-.jpg","datePublished":"2024-02-08T07:32:16+00:00","dateModified":"2026-02-13T17:04:05+00:00","description":"Utforska de n\u00e4rliggande \u00f6arna Skanslandet och Lonnan p\u00e5 v\u00e5ra guidade turer.","breadcrumb":{"@id":"https:\/\/suomenlinnatours.com\/sv\/se-och-gora-pa-sveaborg\/skanslandet-och-lonnan\/#breadcrumb"},"inLanguage":"sv-SE","potentialAction":[{"@type":"ReadAction","target":["https:\/\/suomenlinnatours.com\/sv\/se-och-gora-pa-sveaborg\/skanslandet-och-lonnan\/"]}]},{"@type":"ImageObject","inLanguage":"sv-SE","@id":"https:\/\/suomenlinnatours.com\/sv\/se-och-gora-pa-sveaborg\/skanslandet-och-lonnan\/#primaryimage","url":"https:\/\/suomenlinnatours.com\/wp-content\/uploads\/2024\/03\/Vallisaari-Helsinki-Suomenlinna-.jpg","contentUrl":"https:\/\/suomenlinnatours.com\/wp-content\/uploads\/2024\/03\/Vallisaari-Helsinki-Suomenlinna-.jpg","width":1069,"height":1069,"caption":"Vehre\u00e4 heinikko Vallisaaren punatiilisen linnoituksen edustalla."},{"@type":"BreadcrumbList","@id":"https:\/\/suomenlinnatours.com\/sv\/se-och-gora-pa-sveaborg\/skanslandet-och-lonnan\/#breadcrumb","itemListElement":[{"@type":"ListItem","position":1,"name":"Etusivu","item":"https:\/\/suomenlinnatours.com\/sv\/"},{"@type":"ListItem","position":2,"name":"Se och g\u00f6ra p\u00e5 Sveaborg","item":"https:\/\/suomenlinnatours.com\/sv\/se-och-gora-pa-sveaborg\/"},{"@type":"ListItem","position":3,"name":"Skanslandet och Lonnan"}]},{"@type":"WebSite","@id":"https:\/\/suomenlinnatours.com\/sv\/#website","url":"https:\/\/suomenlinnatours.com\/sv\/","name":"Suomenlinna Tours","description":"","potentialAction":[{"@type":"SearchAction","target":{"@type":"EntryPoint","urlTemplate":"https:\/\/suomenlinnatours.com\/sv\/?s={search_term_string}"},"query-input":"required name=search_term_string"}],"inLanguage":"sv-SE"}]}},"_links":{"self":[{"href":"https:\/\/suomenlinnatours.com\/sv\/wp-json\/wp\/v2\/pages\/2183"}],"collection":[{"href":"https:\/\/suomenlinnatours.com\/sv\/wp-json\/wp\/v2\/pages"}],"about":[{"href":"https:\/\/suomenlinnatours.com\/sv\/wp-json\/wp\/v2\/types\/page"}],"author":[{"embeddable":true,"href":"https:\/\/suomenlinnatours.com\/sv\/wp-json\/wp\/v2\/users\/1"}],"replies":[{"embeddable":true,"href":"https:\/\/suomenlinnatours.com\/sv\/wp-json\/wp\/v2\/comments?post=2183"}],"version-history":[{"count":6,"href":"https:\/\/suomenlinnatours.com\/sv\/wp-json\/wp\/v2\/pages\/2183\/revisions"}],"predecessor-version":[{"id":2843,"href":"https:\/\/suomenlinnatours.com\/sv\/wp-json\/wp\/v2\/pages\/2183\/revisions\/2843"}],"up":[{"embeddable":true,"href":"https:\/\/suomenlinnatours.com\/sv\/wp-json\/wp\/v2\/pages\/2167"}],"wp:featuredmedia":[{"embeddable":true,"href":"https:\/\/suomenlinnatours.com\/sv\/wp-json\/wp\/v2\/media\/1919"}],"wp:attachment":[{"href":"https:\/\/suomenlinnatours.com\/sv\/wp-json\/wp\/v2\/media?parent=2183"}],"curies":[{"name":"wp","href":"https:\/\/api.w.org\/{rel}","templated":true}]}}