{"id":2179,"date":"2024-03-18T09:49:45","date_gmt":"2024-03-18T07:49:45","guid":{"rendered":"https:\/\/suomenlinnatours.com\/seikkailukierroksen-historia\/"},"modified":"2026-02-23T14:15:53","modified_gmt":"2026-02-23T12:15:53","slug":"aventyrsturen-genom-tiderna","status":"publish","type":"page","link":"https:\/\/suomenlinnatours.com\/sv\/aventyrsturen-genom-tiderna\/","title":{"rendered":"\u00c4ventyrsturen p\u00e5 Sveaborg genom tiderna"},"content":{"rendered":"\n<p>Det har \u00e4ventyrats p\u00e5 Sveaborg sedan 1998!<\/p>\n","protected":false},"excerpt":{"rendered":"<p>Det har \u00e4ventyrats p\u00e5 Sveaborg sedan 1998!<\/p>\n","protected":false},"author":5,"featured_media":1571,"parent":0,"menu_order":11,"comment_status":"closed","ping_status":"closed","template":"","meta":{"_acf_changed":false,"footnotes":""},"acf":[],"yoast_head":"<!-- This site is optimized with the Yoast SEO plugin v22.6 - https:\/\/yoast.com\/wordpress\/plugins\/seo\/ -->\n<title>\u00c4ventyrsturen p\u00e5 Sveaborg genom tiderna - Suomenlinna Tours<\/title>\n<meta name=\"description\" content=\"\u00c4ventyrsturen p\u00e5 Sveaborg genom tiderna. \u00c4ventyrstur \u00e4r en interaktiv f\u00f6rest\u00e4llning som p\u00e5 ett levande s\u00e4tt ber\u00e4ttar om Sveaborg.\" \/>\n<meta name=\"robots\" content=\"index, follow, max-snippet:-1, max-image-preview:large, max-video-preview:-1\" \/>\n<link rel=\"canonical\" href=\"https:\/\/suomenlinnatours.com\/sv\/aventyrsturen-genom-tiderna\/\" \/>\n<meta property=\"og:locale\" content=\"sv_SE\" \/>\n<meta property=\"og:type\" content=\"article\" \/>\n<meta property=\"og:title\" content=\"\u00c4ventyrsturen p\u00e5 Sveaborg genom tiderna\" \/>\n<meta property=\"og:description\" content=\"Sveaborgs \u00e4ventyrstur \u00e4r en interaktiv f\u00f6rest\u00e4llning som p\u00e5 ett levande och roligt s\u00e4tt ber\u00e4ttar om f\u00e4stningens historia och UNESCO:s v\u00e4rldsarv.\" \/>\n<meta property=\"og:url\" content=\"https:\/\/suomenlinnatours.com\/sv\/aventyrsturen-genom-tiderna\/\" \/>\n<meta property=\"og:site_name\" content=\"Suomenlinna Tours\" \/>\n<meta property=\"article:publisher\" content=\"https:\/\/www.facebook.com\/ehrensvardseura\" \/>\n<meta property=\"article:modified_time\" content=\"2026-02-23T12:15:53+00:00\" \/>\n<meta property=\"og:image\" content=\"https:\/\/suomenlinnatours.com\/wp-content\/uploads\/2024\/01\/508.jpg\" \/>\n\t<meta property=\"og:image:width\" content=\"1920\" \/>\n\t<meta property=\"og:image:height\" content=\"1080\" \/>\n\t<meta property=\"og:image:type\" content=\"image\/jpeg\" \/>\n<meta name=\"twitter:card\" content=\"summary_large_image\" \/>\n<meta name=\"twitter:label1\" content=\"Ber\u00e4knad l\u00e4stid\" \/>\n\t<meta name=\"twitter:data1\" content=\"15 minuter\" \/>\n<script type=\"application\/ld+json\" class=\"yoast-schema-graph\">{\"@context\":\"https:\/\/schema.org\",\"@graph\":[{\"@type\":\"WebPage\",\"@id\":\"https:\/\/suomenlinnatours.com\/sv\/aventyrsturen-genom-tiderna\/\",\"url\":\"https:\/\/suomenlinnatours.com\/sv\/aventyrsturen-genom-tiderna\/\",\"name\":\"\u00c4ventyrsturen p\u00e5 Sveaborg genom tiderna - Suomenlinna Tours\",\"isPartOf\":{\"@id\":\"https:\/\/suomenlinnatours.com\/sv\/#website\"},\"primaryImageOfPage\":{\"@id\":\"https:\/\/suomenlinnatours.com\/sv\/aventyrsturen-genom-tiderna\/#primaryimage\"},\"image\":{\"@id\":\"https:\/\/suomenlinnatours.com\/sv\/aventyrsturen-genom-tiderna\/#primaryimage\"},\"thumbnailUrl\":\"https:\/\/suomenlinnatours.com\/wp-content\/uploads\/2024\/02\/image5.jpg\",\"datePublished\":\"2024-03-18T07:49:45+00:00\",\"dateModified\":\"2026-02-23T12:15:53+00:00\",\"description\":\"\u00c4ventyrsturen p\u00e5 Sveaborg genom tiderna. \u00c4ventyrstur \u00e4r en interaktiv f\u00f6rest\u00e4llning som p\u00e5 ett levande s\u00e4tt ber\u00e4ttar om Sveaborg.\",\"breadcrumb\":{\"@id\":\"https:\/\/suomenlinnatours.com\/sv\/aventyrsturen-genom-tiderna\/#breadcrumb\"},\"inLanguage\":\"sv-SE\",\"potentialAction\":[{\"@type\":\"ReadAction\",\"target\":[\"https:\/\/suomenlinnatours.com\/sv\/aventyrsturen-genom-tiderna\/\"]}]},{\"@type\":\"ImageObject\",\"inLanguage\":\"sv-SE\",\"@id\":\"https:\/\/suomenlinnatours.com\/sv\/aventyrsturen-genom-tiderna\/#primaryimage\",\"url\":\"https:\/\/suomenlinnatours.com\/wp-content\/uploads\/2024\/02\/image5.jpg\",\"contentUrl\":\"https:\/\/suomenlinnatours.com\/wp-content\/uploads\/2024\/02\/image5.jpg\",\"width\":1920,\"height\":1280,\"caption\":\"Seikkailukierros\"},{\"@type\":\"BreadcrumbList\",\"@id\":\"https:\/\/suomenlinnatours.com\/sv\/aventyrsturen-genom-tiderna\/#breadcrumb\",\"itemListElement\":[{\"@type\":\"ListItem\",\"position\":1,\"name\":\"Etusivu\",\"item\":\"https:\/\/suomenlinnatours.com\/sv\/\"},{\"@type\":\"ListItem\",\"position\":2,\"name\":\"\u00c4ventyrsturen p\u00e5 Sveaborg genom tiderna\"}]},{\"@type\":\"WebSite\",\"@id\":\"https:\/\/suomenlinnatours.com\/sv\/#website\",\"url\":\"https:\/\/suomenlinnatours.com\/sv\/\",\"name\":\"Suomenlinna Tours\",\"description\":\"\",\"potentialAction\":[{\"@type\":\"SearchAction\",\"target\":{\"@type\":\"EntryPoint\",\"urlTemplate\":\"https:\/\/suomenlinnatours.com\/sv\/?s={search_term_string}\"},\"query-input\":\"required name=search_term_string\"}],\"inLanguage\":\"sv-SE\"}]}<\/script>\n<!-- \/ Yoast SEO plugin. -->","yoast_head_json":{"title":"\u00c4ventyrsturen p\u00e5 Sveaborg genom tiderna - Suomenlinna Tours","description":"\u00c4ventyrsturen p\u00e5 Sveaborg genom tiderna. \u00c4ventyrstur \u00e4r en interaktiv f\u00f6rest\u00e4llning som p\u00e5 ett levande s\u00e4tt ber\u00e4ttar om Sveaborg.","robots":{"index":"index","follow":"follow","max-snippet":"max-snippet:-1","max-image-preview":"max-image-preview:large","max-video-preview":"max-video-preview:-1"},"canonical":"https:\/\/suomenlinnatours.com\/sv\/aventyrsturen-genom-tiderna\/","og_locale":"sv_SE","og_type":"article","og_title":"\u00c4ventyrsturen p\u00e5 Sveaborg genom tiderna","og_description":"Sveaborgs \u00e4ventyrstur \u00e4r en interaktiv f\u00f6rest\u00e4llning som p\u00e5 ett levande och roligt s\u00e4tt ber\u00e4ttar om f\u00e4stningens historia och UNESCO:s v\u00e4rldsarv.","og_url":"https:\/\/suomenlinnatours.com\/sv\/aventyrsturen-genom-tiderna\/","og_site_name":"Suomenlinna Tours","article_publisher":"https:\/\/www.facebook.com\/ehrensvardseura","article_modified_time":"2026-02-23T12:15:53+00:00","og_image":[{"width":1920,"height":1080,"url":"https:\/\/suomenlinnatours.com\/wp-content\/uploads\/2024\/01\/508.jpg","type":"image\/jpeg"}],"twitter_card":"summary_large_image","twitter_misc":{"Ber\u00e4knad l\u00e4stid":"15 minuter"},"schema":{"@context":"https:\/\/schema.org","@graph":[{"@type":"WebPage","@id":"https:\/\/suomenlinnatours.com\/sv\/aventyrsturen-genom-tiderna\/","url":"https:\/\/suomenlinnatours.com\/sv\/aventyrsturen-genom-tiderna\/","name":"\u00c4ventyrsturen p\u00e5 Sveaborg genom tiderna - Suomenlinna Tours","isPartOf":{"@id":"https:\/\/suomenlinnatours.com\/sv\/#website"},"primaryImageOfPage":{"@id":"https:\/\/suomenlinnatours.com\/sv\/aventyrsturen-genom-tiderna\/#primaryimage"},"image":{"@id":"https:\/\/suomenlinnatours.com\/sv\/aventyrsturen-genom-tiderna\/#primaryimage"},"thumbnailUrl":"https:\/\/suomenlinnatours.com\/wp-content\/uploads\/2024\/02\/image5.jpg","datePublished":"2024-03-18T07:49:45+00:00","dateModified":"2026-02-23T12:15:53+00:00","description":"\u00c4ventyrsturen p\u00e5 Sveaborg genom tiderna. \u00c4ventyrstur \u00e4r en interaktiv f\u00f6rest\u00e4llning som p\u00e5 ett levande s\u00e4tt ber\u00e4ttar om Sveaborg.","breadcrumb":{"@id":"https:\/\/suomenlinnatours.com\/sv\/aventyrsturen-genom-tiderna\/#breadcrumb"},"inLanguage":"sv-SE","potentialAction":[{"@type":"ReadAction","target":["https:\/\/suomenlinnatours.com\/sv\/aventyrsturen-genom-tiderna\/"]}]},{"@type":"ImageObject","inLanguage":"sv-SE","@id":"https:\/\/suomenlinnatours.com\/sv\/aventyrsturen-genom-tiderna\/#primaryimage","url":"https:\/\/suomenlinnatours.com\/wp-content\/uploads\/2024\/02\/image5.jpg","contentUrl":"https:\/\/suomenlinnatours.com\/wp-content\/uploads\/2024\/02\/image5.jpg","width":1920,"height":1280,"caption":"Seikkailukierros"},{"@type":"BreadcrumbList","@id":"https:\/\/suomenlinnatours.com\/sv\/aventyrsturen-genom-tiderna\/#breadcrumb","itemListElement":[{"@type":"ListItem","position":1,"name":"Etusivu","item":"https:\/\/suomenlinnatours.com\/sv\/"},{"@type":"ListItem","position":2,"name":"\u00c4ventyrsturen p\u00e5 Sveaborg genom tiderna"}]},{"@type":"WebSite","@id":"https:\/\/suomenlinnatours.com\/sv\/#website","url":"https:\/\/suomenlinnatours.com\/sv\/","name":"Suomenlinna Tours","description":"","potentialAction":[{"@type":"SearchAction","target":{"@type":"EntryPoint","urlTemplate":"https:\/\/suomenlinnatours.com\/sv\/?s={search_term_string}"},"query-input":"required name=search_term_string"}],"inLanguage":"sv-SE"}]}},"_links":{"self":[{"href":"https:\/\/suomenlinnatours.com\/sv\/wp-json\/wp\/v2\/pages\/2179"}],"collection":[{"href":"https:\/\/suomenlinnatours.com\/sv\/wp-json\/wp\/v2\/pages"}],"about":[{"href":"https:\/\/suomenlinnatours.com\/sv\/wp-json\/wp\/v2\/types\/page"}],"author":[{"embeddable":true,"href":"https:\/\/suomenlinnatours.com\/sv\/wp-json\/wp\/v2\/users\/5"}],"replies":[{"embeddable":true,"href":"https:\/\/suomenlinnatours.com\/sv\/wp-json\/wp\/v2\/comments?post=2179"}],"version-history":[{"count":6,"href":"https:\/\/suomenlinnatours.com\/sv\/wp-json\/wp\/v2\/pages\/2179\/revisions"}],"predecessor-version":[{"id":4103,"href":"https:\/\/suomenlinnatours.com\/sv\/wp-json\/wp\/v2\/pages\/2179\/revisions\/4103"}],"wp:featuredmedia":[{"embeddable":true,"href":"https:\/\/suomenlinnatours.com\/sv\/wp-json\/wp\/v2\/media\/1571"}],"wp:attachment":[{"href":"https:\/\/suomenlinnatours.com\/sv\/wp-json\/wp\/v2\/media?parent=2179"}],"curies":[{"name":"wp","href":"https:\/\/api.w.org\/{rel}","templated":true}]}}