{"id":2169,"date":"2024-01-10T13:19:10","date_gmt":"2024-01-10T11:19:10","guid":{"rendered":"https:\/\/suomenlinnatours.com\/tekemista-suomenlinnassa\/tietoa-linnoituksesta\/"},"modified":"2026-03-11T15:26:23","modified_gmt":"2026-03-11T13:26:23","slug":"fastningen-sveaborg","status":"publish","type":"page","link":"https:\/\/suomenlinnatours.com\/sv\/se-och-gora-pa-sveaborg\/fastningen-sveaborg\/","title":{"rendered":"F\u00e4stningen Sveaborg"},"content":{"rendered":"\n<p>Sveaborgs byggnadsarbete p\u00e5b\u00f6rjades \u00e5r 1748. F\u00e4stningen \u00e4r en bastionf\u00e4stning och fungerat under tre makters kontroll. Under alla dessa tider har f\u00e4stningen fortsatt att utvecklas och f\u00f6rst\u00e4rkas. Idag \u00e4r Sveaborg en stadsdel av Helsingfors d\u00e4r cirka 800 personer bor. \u00c5r 1991 blev Sveaborg upptagen p\u00e5 UNESCO:s v\u00e4rldsarvslista som ett unikt och autentiskt minnesm\u00e4rke \u00f6ver milit\u00e4rarkitektur.<\/p>\n","protected":false},"excerpt":{"rendered":"<p>L\u00e4r dig mer om bastionf\u00e4stningen och dess historia.<\/p>\n","protected":false},"author":1,"featured_media":2116,"parent":2167,"menu_order":36,"comment_status":"closed","ping_status":"closed","template":"page-attraction.php","meta":{"_acf_changed":false,"footnotes":""},"acf":[],"yoast_head":"<!-- This site is optimized with the Yoast SEO plugin v22.6 - https:\/\/yoast.com\/wordpress\/plugins\/seo\/ -->\n<title>F\u00e4stningen Sveaborg - Suomenlinna Tours<\/title>\n<meta name=\"description\" content=\"Unescos v\u00e4rldsarvsobjekt Sveaborg - ett unikt och autentiskt minnesm\u00e4rke \u00f6ver milit\u00e4rarkitektur sedan \u00e5r 1991.\" \/>\n<meta name=\"robots\" content=\"index, follow, max-snippet:-1, max-image-preview:large, max-video-preview:-1\" \/>\n<link rel=\"canonical\" href=\"https:\/\/suomenlinnatours.com\/sv\/se-och-gora-pa-sveaborg\/fastningen-sveaborg\/\" \/>\n<meta property=\"og:locale\" content=\"sv_SE\" \/>\n<meta property=\"og:type\" content=\"article\" \/>\n<meta property=\"og:title\" content=\"Unescos v\u00e4rldsarvsobjekt Sveaborg\" \/>\n<meta property=\"og:description\" content=\"Unescos v\u00e4rldsarvsobjekt Sveaborg - ett unikt och autentiskt minnesm\u00e4rke \u00f6ver milit\u00e4rarkitektur sedan \u00e5r 1991.\" \/>\n<meta property=\"og:url\" content=\"https:\/\/suomenlinnatours.com\/sv\/se-och-gora-pa-sveaborg\/fastningen-sveaborg\/\" \/>\n<meta property=\"og:site_name\" content=\"Suomenlinna Tours\" \/>\n<meta property=\"article:publisher\" content=\"https:\/\/www.facebook.com\/ehrensvardseura\" \/>\n<meta property=\"article:modified_time\" content=\"2026-03-11T13:26:23+00:00\" \/>\n<meta property=\"og:image\" content=\"https:\/\/suomenlinnatours.com\/wp-content\/uploads\/2024\/07\/459.jpg\" \/>\n\t<meta property=\"og:image:width\" content=\"1024\" \/>\n\t<meta property=\"og:image:height\" content=\"576\" \/>\n\t<meta property=\"og:image:type\" content=\"image\/jpeg\" \/>\n<meta name=\"twitter:card\" content=\"summary_large_image\" \/>\n<meta name=\"twitter:label1\" content=\"Ber\u00e4knad l\u00e4stid\" \/>\n\t<meta name=\"twitter:data1\" content=\"7 minuter\" \/>\n<script type=\"application\/ld+json\" class=\"yoast-schema-graph\">{\"@context\":\"https:\/\/schema.org\",\"@graph\":[{\"@type\":\"WebPage\",\"@id\":\"https:\/\/suomenlinnatours.com\/sv\/se-och-gora-pa-sveaborg\/fastningen-sveaborg\/\",\"url\":\"https:\/\/suomenlinnatours.com\/sv\/se-och-gora-pa-sveaborg\/fastningen-sveaborg\/\",\"name\":\"F\u00e4stningen Sveaborg - Suomenlinna Tours\",\"isPartOf\":{\"@id\":\"https:\/\/suomenlinnatours.com\/sv\/#website\"},\"primaryImageOfPage\":{\"@id\":\"https:\/\/suomenlinnatours.com\/sv\/se-och-gora-pa-sveaborg\/fastningen-sveaborg\/#primaryimage\"},\"image\":{\"@id\":\"https:\/\/suomenlinnatours.com\/sv\/se-och-gora-pa-sveaborg\/fastningen-sveaborg\/#primaryimage\"},\"thumbnailUrl\":\"https:\/\/suomenlinnatours.com\/wp-content\/uploads\/2024\/03\/Merisotakoulu_lauttarannasta-scaled.jpg\",\"datePublished\":\"2024-01-10T11:19:10+00:00\",\"dateModified\":\"2026-03-11T13:26:23+00:00\",\"description\":\"Unescos v\u00e4rldsarvsobjekt Sveaborg - ett unikt och autentiskt minnesm\u00e4rke \u00f6ver milit\u00e4rarkitektur sedan \u00e5r 1991.\",\"breadcrumb\":{\"@id\":\"https:\/\/suomenlinnatours.com\/sv\/se-och-gora-pa-sveaborg\/fastningen-sveaborg\/#breadcrumb\"},\"inLanguage\":\"sv-SE\",\"potentialAction\":[{\"@type\":\"ReadAction\",\"target\":[\"https:\/\/suomenlinnatours.com\/sv\/se-och-gora-pa-sveaborg\/fastningen-sveaborg\/\"]}]},{\"@type\":\"ImageObject\",\"inLanguage\":\"sv-SE\",\"@id\":\"https:\/\/suomenlinnatours.com\/sv\/se-och-gora-pa-sveaborg\/fastningen-sveaborg\/#primaryimage\",\"url\":\"https:\/\/suomenlinnatours.com\/wp-content\/uploads\/2024\/03\/Merisotakoulu_lauttarannasta-scaled.jpg\",\"contentUrl\":\"https:\/\/suomenlinnatours.com\/wp-content\/uploads\/2024\/03\/Merisotakoulu_lauttarannasta-scaled.jpg\",\"width\":2560,\"height\":1395},{\"@type\":\"BreadcrumbList\",\"@id\":\"https:\/\/suomenlinnatours.com\/sv\/se-och-gora-pa-sveaborg\/fastningen-sveaborg\/#breadcrumb\",\"itemListElement\":[{\"@type\":\"ListItem\",\"position\":1,\"name\":\"Etusivu\",\"item\":\"https:\/\/suomenlinnatours.com\/sv\/\"},{\"@type\":\"ListItem\",\"position\":2,\"name\":\"Se och g\u00f6ra p\u00e5 Sveaborg\",\"item\":\"https:\/\/suomenlinnatours.com\/sv\/se-och-gora-pa-sveaborg\/\"},{\"@type\":\"ListItem\",\"position\":3,\"name\":\"F\u00e4stningen Sveaborg\"}]},{\"@type\":\"WebSite\",\"@id\":\"https:\/\/suomenlinnatours.com\/sv\/#website\",\"url\":\"https:\/\/suomenlinnatours.com\/sv\/\",\"name\":\"Suomenlinna Tours\",\"description\":\"\",\"potentialAction\":[{\"@type\":\"SearchAction\",\"target\":{\"@type\":\"EntryPoint\",\"urlTemplate\":\"https:\/\/suomenlinnatours.com\/sv\/?s={search_term_string}\"},\"query-input\":\"required name=search_term_string\"}],\"inLanguage\":\"sv-SE\"}]}<\/script>\n<!-- \/ Yoast SEO plugin. -->","yoast_head_json":{"title":"F\u00e4stningen Sveaborg - Suomenlinna Tours","description":"Unescos v\u00e4rldsarvsobjekt Sveaborg - ett unikt och autentiskt minnesm\u00e4rke \u00f6ver milit\u00e4rarkitektur sedan \u00e5r 1991.","robots":{"index":"index","follow":"follow","max-snippet":"max-snippet:-1","max-image-preview":"max-image-preview:large","max-video-preview":"max-video-preview:-1"},"canonical":"https:\/\/suomenlinnatours.com\/sv\/se-och-gora-pa-sveaborg\/fastningen-sveaborg\/","og_locale":"sv_SE","og_type":"article","og_title":"Unescos v\u00e4rldsarvsobjekt Sveaborg","og_description":"Unescos v\u00e4rldsarvsobjekt Sveaborg - ett unikt och autentiskt minnesm\u00e4rke \u00f6ver milit\u00e4rarkitektur sedan \u00e5r 1991.","og_url":"https:\/\/suomenlinnatours.com\/sv\/se-och-gora-pa-sveaborg\/fastningen-sveaborg\/","og_site_name":"Suomenlinna Tours","article_publisher":"https:\/\/www.facebook.com\/ehrensvardseura","article_modified_time":"2026-03-11T13:26:23+00:00","og_image":[{"width":1024,"height":576,"url":"https:\/\/suomenlinnatours.com\/wp-content\/uploads\/2024\/07\/459.jpg","type":"image\/jpeg"}],"twitter_card":"summary_large_image","twitter_misc":{"Ber\u00e4knad l\u00e4stid":"7 minuter"},"schema":{"@context":"https:\/\/schema.org","@graph":[{"@type":"WebPage","@id":"https:\/\/suomenlinnatours.com\/sv\/se-och-gora-pa-sveaborg\/fastningen-sveaborg\/","url":"https:\/\/suomenlinnatours.com\/sv\/se-och-gora-pa-sveaborg\/fastningen-sveaborg\/","name":"F\u00e4stningen Sveaborg - Suomenlinna Tours","isPartOf":{"@id":"https:\/\/suomenlinnatours.com\/sv\/#website"},"primaryImageOfPage":{"@id":"https:\/\/suomenlinnatours.com\/sv\/se-och-gora-pa-sveaborg\/fastningen-sveaborg\/#primaryimage"},"image":{"@id":"https:\/\/suomenlinnatours.com\/sv\/se-och-gora-pa-sveaborg\/fastningen-sveaborg\/#primaryimage"},"thumbnailUrl":"https:\/\/suomenlinnatours.com\/wp-content\/uploads\/2024\/03\/Merisotakoulu_lauttarannasta-scaled.jpg","datePublished":"2024-01-10T11:19:10+00:00","dateModified":"2026-03-11T13:26:23+00:00","description":"Unescos v\u00e4rldsarvsobjekt Sveaborg - ett unikt och autentiskt minnesm\u00e4rke \u00f6ver milit\u00e4rarkitektur sedan \u00e5r 1991.","breadcrumb":{"@id":"https:\/\/suomenlinnatours.com\/sv\/se-och-gora-pa-sveaborg\/fastningen-sveaborg\/#breadcrumb"},"inLanguage":"sv-SE","potentialAction":[{"@type":"ReadAction","target":["https:\/\/suomenlinnatours.com\/sv\/se-och-gora-pa-sveaborg\/fastningen-sveaborg\/"]}]},{"@type":"ImageObject","inLanguage":"sv-SE","@id":"https:\/\/suomenlinnatours.com\/sv\/se-och-gora-pa-sveaborg\/fastningen-sveaborg\/#primaryimage","url":"https:\/\/suomenlinnatours.com\/wp-content\/uploads\/2024\/03\/Merisotakoulu_lauttarannasta-scaled.jpg","contentUrl":"https:\/\/suomenlinnatours.com\/wp-content\/uploads\/2024\/03\/Merisotakoulu_lauttarannasta-scaled.jpg","width":2560,"height":1395},{"@type":"BreadcrumbList","@id":"https:\/\/suomenlinnatours.com\/sv\/se-och-gora-pa-sveaborg\/fastningen-sveaborg\/#breadcrumb","itemListElement":[{"@type":"ListItem","position":1,"name":"Etusivu","item":"https:\/\/suomenlinnatours.com\/sv\/"},{"@type":"ListItem","position":2,"name":"Se och g\u00f6ra p\u00e5 Sveaborg","item":"https:\/\/suomenlinnatours.com\/sv\/se-och-gora-pa-sveaborg\/"},{"@type":"ListItem","position":3,"name":"F\u00e4stningen Sveaborg"}]},{"@type":"WebSite","@id":"https:\/\/suomenlinnatours.com\/sv\/#website","url":"https:\/\/suomenlinnatours.com\/sv\/","name":"Suomenlinna Tours","description":"","potentialAction":[{"@type":"SearchAction","target":{"@type":"EntryPoint","urlTemplate":"https:\/\/suomenlinnatours.com\/sv\/?s={search_term_string}"},"query-input":"required name=search_term_string"}],"inLanguage":"sv-SE"}]}},"_links":{"self":[{"href":"https:\/\/suomenlinnatours.com\/sv\/wp-json\/wp\/v2\/pages\/2169"}],"collection":[{"href":"https:\/\/suomenlinnatours.com\/sv\/wp-json\/wp\/v2\/pages"}],"about":[{"href":"https:\/\/suomenlinnatours.com\/sv\/wp-json\/wp\/v2\/types\/page"}],"author":[{"embeddable":true,"href":"https:\/\/suomenlinnatours.com\/sv\/wp-json\/wp\/v2\/users\/1"}],"replies":[{"embeddable":true,"href":"https:\/\/suomenlinnatours.com\/sv\/wp-json\/wp\/v2\/comments?post=2169"}],"version-history":[{"count":9,"href":"https:\/\/suomenlinnatours.com\/sv\/wp-json\/wp\/v2\/pages\/2169\/revisions"}],"predecessor-version":[{"id":4217,"href":"https:\/\/suomenlinnatours.com\/sv\/wp-json\/wp\/v2\/pages\/2169\/revisions\/4217"}],"up":[{"embeddable":true,"href":"https:\/\/suomenlinnatours.com\/sv\/wp-json\/wp\/v2\/pages\/2167"}],"wp:featuredmedia":[{"embeddable":true,"href":"https:\/\/suomenlinnatours.com\/sv\/wp-json\/wp\/v2\/media\/2116"}],"wp:attachment":[{"href":"https:\/\/suomenlinnatours.com\/sv\/wp-json\/wp\/v2\/media?parent=2169"}],"curies":[{"name":"wp","href":"https:\/\/api.w.org\/{rel}","templated":true}]}}