{"id":2167,"date":"2024-01-10T13:06:58","date_gmt":"2024-01-10T11:06:58","guid":{"rendered":"https:\/\/suomenlinnatours.com\/tekemista-suomenlinnassa\/"},"modified":"2024-04-08T15:58:04","modified_gmt":"2024-04-08T12:58:04","slug":"se-och-gora-pa-sveaborg","status":"publish","type":"page","link":"https:\/\/suomenlinnatours.com\/sv\/se-och-gora-pa-sveaborg\/","title":{"rendered":"Se och g\u00f6ra p\u00e5 Sveaborg"},"content":{"rendered":"","protected":false},"excerpt":{"rendered":"<p>Suomenlinnasta l\u00f6ytyy mielenkiintoista tekemist\u00e4 ja tutkittavaa ymp\u00e4ri vuoden.<\/p>\n","protected":false},"author":1,"featured_media":0,"parent":0,"menu_order":26,"comment_status":"closed","ping_status":"closed","template":"page-attractionlist.php","meta":{"_acf_changed":false,"footnotes":""},"acf":[],"yoast_head":"<!-- This site is optimized with the Yoast SEO plugin v22.6 - https:\/\/yoast.com\/wordpress\/plugins\/seo\/ -->\n<title>Se och g\u00f6ra p\u00e5 Sveaborg - Suomenlinna Tours<\/title>\n<meta name=\"robots\" content=\"index, follow, max-snippet:-1, max-image-preview:large, max-video-preview:-1\" \/>\n<link rel=\"canonical\" href=\"https:\/\/suomenlinnatours.com\/sv\/se-och-gora-pa-sveaborg\/\" \/>\n<meta property=\"og:locale\" content=\"sv_SE\" \/>\n<meta property=\"og:type\" content=\"article\" \/>\n<meta property=\"og:title\" content=\"Se och g\u00f6ra p\u00e5 Sveaborg - Suomenlinna Tours\" \/>\n<meta property=\"og:description\" content=\"Suomenlinnasta l\u00f6ytyy mielenkiintoista tekemist\u00e4 ja tutkittavaa ymp\u00e4ri vuoden.\" \/>\n<meta property=\"og:url\" content=\"https:\/\/suomenlinnatours.com\/sv\/se-och-gora-pa-sveaborg\/\" \/>\n<meta property=\"og:site_name\" content=\"Suomenlinna Tours\" \/>\n<meta property=\"article:publisher\" content=\"https:\/\/www.facebook.com\/ehrensvardseura\" \/>\n<meta property=\"article:modified_time\" content=\"2024-04-08T12:58:04+00:00\" \/>\n<meta name=\"twitter:card\" content=\"summary_large_image\" \/>\n<script type=\"application\/ld+json\" class=\"yoast-schema-graph\">{\"@context\":\"https:\/\/schema.org\",\"@graph\":[{\"@type\":\"WebPage\",\"@id\":\"https:\/\/suomenlinnatours.com\/sv\/se-och-gora-pa-sveaborg\/\",\"url\":\"https:\/\/suomenlinnatours.com\/sv\/se-och-gora-pa-sveaborg\/\",\"name\":\"Se och g\u00f6ra p\u00e5 Sveaborg - Suomenlinna Tours\",\"isPartOf\":{\"@id\":\"https:\/\/suomenlinnatours.com\/sv\/#website\"},\"datePublished\":\"2024-01-10T11:06:58+00:00\",\"dateModified\":\"2024-04-08T12:58:04+00:00\",\"breadcrumb\":{\"@id\":\"https:\/\/suomenlinnatours.com\/sv\/se-och-gora-pa-sveaborg\/#breadcrumb\"},\"inLanguage\":\"sv-SE\",\"potentialAction\":[{\"@type\":\"ReadAction\",\"target\":[\"https:\/\/suomenlinnatours.com\/sv\/se-och-gora-pa-sveaborg\/\"]}]},{\"@type\":\"BreadcrumbList\",\"@id\":\"https:\/\/suomenlinnatours.com\/sv\/se-och-gora-pa-sveaborg\/#breadcrumb\",\"itemListElement\":[{\"@type\":\"ListItem\",\"position\":1,\"name\":\"Etusivu\",\"item\":\"https:\/\/suomenlinnatours.com\/sv\/\"},{\"@type\":\"ListItem\",\"position\":2,\"name\":\"Se och g\u00f6ra p\u00e5 Sveaborg\"}]},{\"@type\":\"WebSite\",\"@id\":\"https:\/\/suomenlinnatours.com\/sv\/#website\",\"url\":\"https:\/\/suomenlinnatours.com\/sv\/\",\"name\":\"Suomenlinna Tours\",\"description\":\"\",\"potentialAction\":[{\"@type\":\"SearchAction\",\"target\":{\"@type\":\"EntryPoint\",\"urlTemplate\":\"https:\/\/suomenlinnatours.com\/sv\/?s={search_term_string}\"},\"query-input\":\"required name=search_term_string\"}],\"inLanguage\":\"sv-SE\"}]}<\/script>\n<!-- \/ Yoast SEO plugin. -->","yoast_head_json":{"title":"Se och g\u00f6ra p\u00e5 Sveaborg - Suomenlinna Tours","robots":{"index":"index","follow":"follow","max-snippet":"max-snippet:-1","max-image-preview":"max-image-preview:large","max-video-preview":"max-video-preview:-1"},"canonical":"https:\/\/suomenlinnatours.com\/sv\/se-och-gora-pa-sveaborg\/","og_locale":"sv_SE","og_type":"article","og_title":"Se och g\u00f6ra p\u00e5 Sveaborg - Suomenlinna Tours","og_description":"Suomenlinnasta l\u00f6ytyy mielenkiintoista tekemist\u00e4 ja tutkittavaa ymp\u00e4ri vuoden.","og_url":"https:\/\/suomenlinnatours.com\/sv\/se-och-gora-pa-sveaborg\/","og_site_name":"Suomenlinna Tours","article_publisher":"https:\/\/www.facebook.com\/ehrensvardseura","article_modified_time":"2024-04-08T12:58:04+00:00","twitter_card":"summary_large_image","schema":{"@context":"https:\/\/schema.org","@graph":[{"@type":"WebPage","@id":"https:\/\/suomenlinnatours.com\/sv\/se-och-gora-pa-sveaborg\/","url":"https:\/\/suomenlinnatours.com\/sv\/se-och-gora-pa-sveaborg\/","name":"Se och g\u00f6ra p\u00e5 Sveaborg - Suomenlinna Tours","isPartOf":{"@id":"https:\/\/suomenlinnatours.com\/sv\/#website"},"datePublished":"2024-01-10T11:06:58+00:00","dateModified":"2024-04-08T12:58:04+00:00","breadcrumb":{"@id":"https:\/\/suomenlinnatours.com\/sv\/se-och-gora-pa-sveaborg\/#breadcrumb"},"inLanguage":"sv-SE","potentialAction":[{"@type":"ReadAction","target":["https:\/\/suomenlinnatours.com\/sv\/se-och-gora-pa-sveaborg\/"]}]},{"@type":"BreadcrumbList","@id":"https:\/\/suomenlinnatours.com\/sv\/se-och-gora-pa-sveaborg\/#breadcrumb","itemListElement":[{"@type":"ListItem","position":1,"name":"Etusivu","item":"https:\/\/suomenlinnatours.com\/sv\/"},{"@type":"ListItem","position":2,"name":"Se och g\u00f6ra p\u00e5 Sveaborg"}]},{"@type":"WebSite","@id":"https:\/\/suomenlinnatours.com\/sv\/#website","url":"https:\/\/suomenlinnatours.com\/sv\/","name":"Suomenlinna Tours","description":"","potentialAction":[{"@type":"SearchAction","target":{"@type":"EntryPoint","urlTemplate":"https:\/\/suomenlinnatours.com\/sv\/?s={search_term_string}"},"query-input":"required name=search_term_string"}],"inLanguage":"sv-SE"}]}},"_links":{"self":[{"href":"https:\/\/suomenlinnatours.com\/sv\/wp-json\/wp\/v2\/pages\/2167"}],"collection":[{"href":"https:\/\/suomenlinnatours.com\/sv\/wp-json\/wp\/v2\/pages"}],"about":[{"href":"https:\/\/suomenlinnatours.com\/sv\/wp-json\/wp\/v2\/types\/page"}],"author":[{"embeddable":true,"href":"https:\/\/suomenlinnatours.com\/sv\/wp-json\/wp\/v2\/users\/1"}],"replies":[{"embeddable":true,"href":"https:\/\/suomenlinnatours.com\/sv\/wp-json\/wp\/v2\/comments?post=2167"}],"version-history":[{"count":1,"href":"https:\/\/suomenlinnatours.com\/sv\/wp-json\/wp\/v2\/pages\/2167\/revisions"}],"predecessor-version":[{"id":2822,"href":"https:\/\/suomenlinnatours.com\/sv\/wp-json\/wp\/v2\/pages\/2167\/revisions\/2822"}],"wp:attachment":[{"href":"https:\/\/suomenlinnatours.com\/sv\/wp-json\/wp\/v2\/media?parent=2167"}],"curies":[{"name":"wp","href":"https:\/\/api.w.org\/{rel}","templated":true}]}}