{"id":2192,"date":"2024-02-07T15:28:04","date_gmt":"2024-02-07T13:28:04","guid":{"rendered":"https:\/\/suomenlinnatours.com\/tekemista-suomenlinnassa\/ehrensvard-museo\/"},"modified":"2026-03-13T14:39:15","modified_gmt":"2026-03-13T12:39:15","slug":"ehrensvard-museum","status":"publish","type":"page","link":"https:\/\/suomenlinnatours.com\/en\/activities-at-suomenlinna\/ehrensvard-museum\/","title":{"rendered":"Ehrensv\u00e4rd Museum"},"content":{"rendered":"\n<p>The interior of the museum presents an elegant home of the nobility of the 18th century. The exhibition includes portraits, furniture, and miniature models of ships.<\/p>\n","protected":false},"excerpt":{"rendered":"<p>The interior of the museum presents an elegant home of the nobility of the 18th century. <\/p>\n","protected":false},"author":1,"featured_media":1149,"parent":2166,"menu_order":27,"comment_status":"closed","ping_status":"closed","template":"","meta":{"_acf_changed":false,"footnotes":""},"acf":[],"yoast_head":"<!-- This site is optimized with the Yoast SEO plugin v22.6 - https:\/\/yoast.com\/wordpress\/plugins\/seo\/ -->\n<title>Ehrensv\u00e4rd Museum - Suomenlinna Tours<\/title>\n<meta name=\"description\" content=\"The Ehrensv\u00e4rd Museum presents an elegant home of the nobility of the 18th century. The museum is located at Suomenlinna&#039;s Great Courtyard.\" \/>\n<meta name=\"robots\" content=\"index, follow, max-snippet:-1, max-image-preview:large, max-video-preview:-1\" \/>\n<link rel=\"canonical\" href=\"https:\/\/suomenlinnatours.com\/en\/activities-at-suomenlinna\/ehrensvard-museum\/\" \/>\n<meta property=\"og:locale\" content=\"en_US\" \/>\n<meta property=\"og:type\" content=\"article\" \/>\n<meta property=\"og:title\" content=\"Ehrensv\u00e4rd Museum\" \/>\n<meta property=\"og:description\" content=\"The Ehrensv\u00e4rd Museum presents an elegant home of the nobility of the 18th century. The museum is located at the Great Courtyard of Suomenlinna.\" \/>\n<meta property=\"og:url\" content=\"https:\/\/suomenlinnatours.com\/en\/activities-at-suomenlinna\/ehrensvard-museum\/\" \/>\n<meta property=\"og:site_name\" content=\"Suomenlinna Tours\" \/>\n<meta property=\"article:publisher\" content=\"https:\/\/www.facebook.com\/ehrensvardseura\" \/>\n<meta property=\"article:modified_time\" content=\"2026-03-13T12:39:15+00:00\" \/>\n<meta property=\"og:image\" content=\"https:\/\/suomenlinnatours.com\/wp-content\/uploads\/2024\/02\/MG_2385_preview.jpg\" \/>\n\t<meta property=\"og:image:width\" content=\"1600\" \/>\n\t<meta property=\"og:image:height\" content=\"1067\" \/>\n\t<meta property=\"og:image:type\" content=\"image\/jpeg\" \/>\n<meta name=\"twitter:card\" content=\"summary_large_image\" \/>\n<meta name=\"twitter:label1\" content=\"Est. reading time\" \/>\n\t<meta name=\"twitter:data1\" content=\"4 minutes\" \/>\n<script type=\"application\/ld+json\" class=\"yoast-schema-graph\">{\"@context\":\"https:\/\/schema.org\",\"@graph\":[{\"@type\":\"WebPage\",\"@id\":\"https:\/\/suomenlinnatours.com\/en\/activities-at-suomenlinna\/ehrensvard-museum\/\",\"url\":\"https:\/\/suomenlinnatours.com\/en\/activities-at-suomenlinna\/ehrensvard-museum\/\",\"name\":\"Ehrensv\u00e4rd Museum - Suomenlinna Tours\",\"isPartOf\":{\"@id\":\"https:\/\/suomenlinnatours.com\/en\/#website\"},\"primaryImageOfPage\":{\"@id\":\"https:\/\/suomenlinnatours.com\/en\/activities-at-suomenlinna\/ehrensvard-museum\/#primaryimage\"},\"image\":{\"@id\":\"https:\/\/suomenlinnatours.com\/en\/activities-at-suomenlinna\/ehrensvard-museum\/#primaryimage\"},\"thumbnailUrl\":\"https:\/\/suomenlinnatours.com\/wp-content\/uploads\/2024\/02\/MG_2385_preview.jpg\",\"datePublished\":\"2024-02-07T13:28:04+00:00\",\"dateModified\":\"2026-03-13T12:39:15+00:00\",\"description\":\"The Ehrensv\u00e4rd Museum presents an elegant home of the nobility of the 18th century. The museum is located at Suomenlinna's Great Courtyard.\",\"breadcrumb\":{\"@id\":\"https:\/\/suomenlinnatours.com\/en\/activities-at-suomenlinna\/ehrensvard-museum\/#breadcrumb\"},\"inLanguage\":\"en-US\",\"potentialAction\":[{\"@type\":\"ReadAction\",\"target\":[\"https:\/\/suomenlinnatours.com\/en\/activities-at-suomenlinna\/ehrensvard-museum\/\"]}]},{\"@type\":\"ImageObject\",\"inLanguage\":\"en-US\",\"@id\":\"https:\/\/suomenlinnatours.com\/en\/activities-at-suomenlinna\/ehrensvard-museum\/#primaryimage\",\"url\":\"https:\/\/suomenlinnatours.com\/wp-content\/uploads\/2024\/02\/MG_2385_preview.jpg\",\"contentUrl\":\"https:\/\/suomenlinnatours.com\/wp-content\/uploads\/2024\/02\/MG_2385_preview.jpg\",\"width\":1600,\"height\":1067,\"caption\":\"1700-luvun rokokoo tyyliin sisustettu huone, jossa katettu kahvip\u00f6yt\u00e4. Kahvip\u00f6yd\u00e4n takana kaakeliuuni sek\u00e4 ikkuna.\"},{\"@type\":\"BreadcrumbList\",\"@id\":\"https:\/\/suomenlinnatours.com\/en\/activities-at-suomenlinna\/ehrensvard-museum\/#breadcrumb\",\"itemListElement\":[{\"@type\":\"ListItem\",\"position\":1,\"name\":\"Etusivu\",\"item\":\"https:\/\/suomenlinnatours.com\/en\/\"},{\"@type\":\"ListItem\",\"position\":2,\"name\":\"Activities at Suomenlinna\",\"item\":\"https:\/\/suomenlinnatours.com\/en\/activities-at-suomenlinna\/\"},{\"@type\":\"ListItem\",\"position\":3,\"name\":\"Ehrensv\u00e4rd Museum\"}]},{\"@type\":\"WebSite\",\"@id\":\"https:\/\/suomenlinnatours.com\/en\/#website\",\"url\":\"https:\/\/suomenlinnatours.com\/en\/\",\"name\":\"Suomenlinna Tours\",\"description\":\"\",\"potentialAction\":[{\"@type\":\"SearchAction\",\"target\":{\"@type\":\"EntryPoint\",\"urlTemplate\":\"https:\/\/suomenlinnatours.com\/en\/?s={search_term_string}\"},\"query-input\":\"required name=search_term_string\"}],\"inLanguage\":\"en-US\"}]}<\/script>\n<!-- \/ Yoast SEO plugin. -->","yoast_head_json":{"title":"Ehrensv\u00e4rd Museum - Suomenlinna Tours","description":"The Ehrensv\u00e4rd Museum presents an elegant home of the nobility of the 18th century. The museum is located at Suomenlinna's Great Courtyard.","robots":{"index":"index","follow":"follow","max-snippet":"max-snippet:-1","max-image-preview":"max-image-preview:large","max-video-preview":"max-video-preview:-1"},"canonical":"https:\/\/suomenlinnatours.com\/en\/activities-at-suomenlinna\/ehrensvard-museum\/","og_locale":"en_US","og_type":"article","og_title":"Ehrensv\u00e4rd Museum","og_description":"The Ehrensv\u00e4rd Museum presents an elegant home of the nobility of the 18th century. The museum is located at the Great Courtyard of Suomenlinna.","og_url":"https:\/\/suomenlinnatours.com\/en\/activities-at-suomenlinna\/ehrensvard-museum\/","og_site_name":"Suomenlinna Tours","article_publisher":"https:\/\/www.facebook.com\/ehrensvardseura","article_modified_time":"2026-03-13T12:39:15+00:00","og_image":[{"width":1600,"height":1067,"url":"https:\/\/suomenlinnatours.com\/wp-content\/uploads\/2024\/02\/MG_2385_preview.jpg","type":"image\/jpeg"}],"twitter_card":"summary_large_image","twitter_misc":{"Est. reading time":"4 minutes"},"schema":{"@context":"https:\/\/schema.org","@graph":[{"@type":"WebPage","@id":"https:\/\/suomenlinnatours.com\/en\/activities-at-suomenlinna\/ehrensvard-museum\/","url":"https:\/\/suomenlinnatours.com\/en\/activities-at-suomenlinna\/ehrensvard-museum\/","name":"Ehrensv\u00e4rd Museum - Suomenlinna Tours","isPartOf":{"@id":"https:\/\/suomenlinnatours.com\/en\/#website"},"primaryImageOfPage":{"@id":"https:\/\/suomenlinnatours.com\/en\/activities-at-suomenlinna\/ehrensvard-museum\/#primaryimage"},"image":{"@id":"https:\/\/suomenlinnatours.com\/en\/activities-at-suomenlinna\/ehrensvard-museum\/#primaryimage"},"thumbnailUrl":"https:\/\/suomenlinnatours.com\/wp-content\/uploads\/2024\/02\/MG_2385_preview.jpg","datePublished":"2024-02-07T13:28:04+00:00","dateModified":"2026-03-13T12:39:15+00:00","description":"The Ehrensv\u00e4rd Museum presents an elegant home of the nobility of the 18th century. The museum is located at Suomenlinna's Great Courtyard.","breadcrumb":{"@id":"https:\/\/suomenlinnatours.com\/en\/activities-at-suomenlinna\/ehrensvard-museum\/#breadcrumb"},"inLanguage":"en-US","potentialAction":[{"@type":"ReadAction","target":["https:\/\/suomenlinnatours.com\/en\/activities-at-suomenlinna\/ehrensvard-museum\/"]}]},{"@type":"ImageObject","inLanguage":"en-US","@id":"https:\/\/suomenlinnatours.com\/en\/activities-at-suomenlinna\/ehrensvard-museum\/#primaryimage","url":"https:\/\/suomenlinnatours.com\/wp-content\/uploads\/2024\/02\/MG_2385_preview.jpg","contentUrl":"https:\/\/suomenlinnatours.com\/wp-content\/uploads\/2024\/02\/MG_2385_preview.jpg","width":1600,"height":1067,"caption":"1700-luvun rokokoo tyyliin sisustettu huone, jossa katettu kahvip\u00f6yt\u00e4. Kahvip\u00f6yd\u00e4n takana kaakeliuuni sek\u00e4 ikkuna."},{"@type":"BreadcrumbList","@id":"https:\/\/suomenlinnatours.com\/en\/activities-at-suomenlinna\/ehrensvard-museum\/#breadcrumb","itemListElement":[{"@type":"ListItem","position":1,"name":"Etusivu","item":"https:\/\/suomenlinnatours.com\/en\/"},{"@type":"ListItem","position":2,"name":"Activities at Suomenlinna","item":"https:\/\/suomenlinnatours.com\/en\/activities-at-suomenlinna\/"},{"@type":"ListItem","position":3,"name":"Ehrensv\u00e4rd Museum"}]},{"@type":"WebSite","@id":"https:\/\/suomenlinnatours.com\/en\/#website","url":"https:\/\/suomenlinnatours.com\/en\/","name":"Suomenlinna Tours","description":"","potentialAction":[{"@type":"SearchAction","target":{"@type":"EntryPoint","urlTemplate":"https:\/\/suomenlinnatours.com\/en\/?s={search_term_string}"},"query-input":"required name=search_term_string"}],"inLanguage":"en-US"}]}},"_links":{"self":[{"href":"https:\/\/suomenlinnatours.com\/en\/wp-json\/wp\/v2\/pages\/2192"}],"collection":[{"href":"https:\/\/suomenlinnatours.com\/en\/wp-json\/wp\/v2\/pages"}],"about":[{"href":"https:\/\/suomenlinnatours.com\/en\/wp-json\/wp\/v2\/types\/page"}],"author":[{"embeddable":true,"href":"https:\/\/suomenlinnatours.com\/en\/wp-json\/wp\/v2\/users\/1"}],"replies":[{"embeddable":true,"href":"https:\/\/suomenlinnatours.com\/en\/wp-json\/wp\/v2\/comments?post=2192"}],"version-history":[{"count":24,"href":"https:\/\/suomenlinnatours.com\/en\/wp-json\/wp\/v2\/pages\/2192\/revisions"}],"predecessor-version":[{"id":4225,"href":"https:\/\/suomenlinnatours.com\/en\/wp-json\/wp\/v2\/pages\/2192\/revisions\/4225"}],"up":[{"embeddable":true,"href":"https:\/\/suomenlinnatours.com\/en\/wp-json\/wp\/v2\/pages\/2166"}],"wp:featuredmedia":[{"embeddable":true,"href":"https:\/\/suomenlinnatours.com\/en\/wp-json\/wp\/v2\/media\/1149"}],"wp:attachment":[{"href":"https:\/\/suomenlinnatours.com\/en\/wp-json\/wp\/v2\/media?parent=2192"}],"curies":[{"name":"wp","href":"https:\/\/api.w.org\/{rel}","templated":true}]}}