{"id":2188,"date":"2024-02-08T08:55:17","date_gmt":"2024-02-08T06:55:17","guid":{"rendered":"https:\/\/suomenlinnatours.com\/jaatelokioski\/"},"modified":"2026-02-12T15:16:19","modified_gmt":"2026-02-12T13:16:19","slug":"ice-cream-kiosk","status":"publish","type":"page","link":"https:\/\/suomenlinnatours.com\/en\/sweets-and-treats\/ice-cream-kiosk\/","title":{"rendered":"Ice Cream Kiosk"},"content":{"rendered":"\n<p>At the Artillery Bay ice cream kiosk in Suomenlinna, you can get the best ice creams every day during the summer season.<\/p>\n","protected":false},"excerpt":{"rendered":"<p>At the Artillery Bay ice cream kiosk in Suomenlinna, you can get the best ice creams every day during the summer season.<\/p>\n","protected":false},"author":1,"featured_media":1448,"parent":2220,"menu_order":62,"comment_status":"closed","ping_status":"closed","template":"","meta":{"_acf_changed":false,"footnotes":""},"acf":[],"yoast_head":"<!-- This site is optimized with the Yoast SEO plugin v22.6 - https:\/\/yoast.com\/wordpress\/plugins\/seo\/ -->\n<title>Ice Cream Kiosk - Suomenlinna Tours<\/title>\n<meta name=\"description\" content=\"The Artillery Bay ice cream kiosk in Suomenlinna has been serving people since 1960. From here you can get the best ice creams in the summer\" \/>\n<meta name=\"robots\" content=\"index, follow, max-snippet:-1, max-image-preview:large, max-video-preview:-1\" \/>\n<link rel=\"canonical\" href=\"https:\/\/suomenlinnatours.com\/en\/sweets-and-treats\/ice-cream-kiosk\/\" \/>\n<meta property=\"og:locale\" content=\"en_US\" \/>\n<meta property=\"og:type\" content=\"article\" \/>\n<meta property=\"og:title\" content=\"Artillery Bay ice cream kiosk in Suomenlinna\" \/>\n<meta property=\"og:description\" content=\"The Artillery Bay ice cream kiosk in Suomenlinna has been serving people since 1960. From here you can get the best ice creams in the summer\" \/>\n<meta property=\"og:url\" content=\"https:\/\/suomenlinnatours.com\/en\/sweets-and-treats\/ice-cream-kiosk\/\" \/>\n<meta property=\"og:site_name\" content=\"Suomenlinna Tours\" \/>\n<meta property=\"article:publisher\" content=\"https:\/\/www.facebook.com\/ehrensvardseura\" \/>\n<meta property=\"article:modified_time\" content=\"2026-02-12T13:16:19+00:00\" \/>\n<meta property=\"og:image\" content=\"https:\/\/suomenlinnatours.com\/wp-content\/uploads\/2024\/02\/kioski.jpg\" \/>\n\t<meta property=\"og:image:width\" content=\"1421\" \/>\n\t<meta property=\"og:image:height\" content=\"1421\" \/>\n\t<meta property=\"og:image:type\" content=\"image\/jpeg\" \/>\n<meta name=\"twitter:card\" content=\"summary_large_image\" \/>\n<meta name=\"twitter:label1\" content=\"Est. reading time\" \/>\n\t<meta name=\"twitter:data1\" content=\"2 minutes\" \/>\n<script type=\"application\/ld+json\" class=\"yoast-schema-graph\">{\"@context\":\"https:\/\/schema.org\",\"@graph\":[{\"@type\":\"WebPage\",\"@id\":\"https:\/\/suomenlinnatours.com\/en\/sweets-and-treats\/ice-cream-kiosk\/\",\"url\":\"https:\/\/suomenlinnatours.com\/en\/sweets-and-treats\/ice-cream-kiosk\/\",\"name\":\"Ice Cream Kiosk - Suomenlinna Tours\",\"isPartOf\":{\"@id\":\"https:\/\/suomenlinnatours.com\/en\/#website\"},\"primaryImageOfPage\":{\"@id\":\"https:\/\/suomenlinnatours.com\/en\/sweets-and-treats\/ice-cream-kiosk\/#primaryimage\"},\"image\":{\"@id\":\"https:\/\/suomenlinnatours.com\/en\/sweets-and-treats\/ice-cream-kiosk\/#primaryimage\"},\"thumbnailUrl\":\"https:\/\/suomenlinnatours.com\/wp-content\/uploads\/2024\/02\/kioski.jpg\",\"datePublished\":\"2024-02-08T06:55:17+00:00\",\"dateModified\":\"2026-02-12T13:16:19+00:00\",\"description\":\"The Artillery Bay ice cream kiosk in Suomenlinna has been serving people since 1960. From here you can get the best ice creams in the summer\",\"breadcrumb\":{\"@id\":\"https:\/\/suomenlinnatours.com\/en\/sweets-and-treats\/ice-cream-kiosk\/#breadcrumb\"},\"inLanguage\":\"en-US\",\"potentialAction\":[{\"@type\":\"ReadAction\",\"target\":[\"https:\/\/suomenlinnatours.com\/en\/sweets-and-treats\/ice-cream-kiosk\/\"]}]},{\"@type\":\"ImageObject\",\"inLanguage\":\"en-US\",\"@id\":\"https:\/\/suomenlinnatours.com\/en\/sweets-and-treats\/ice-cream-kiosk\/#primaryimage\",\"url\":\"https:\/\/suomenlinnatours.com\/wp-content\/uploads\/2024\/02\/kioski.jpg\",\"contentUrl\":\"https:\/\/suomenlinnatours.com\/wp-content\/uploads\/2024\/02\/kioski.jpg\",\"width\":1421,\"height\":1421,\"caption\":\"Tykist\u00f6lahden kioski aurinkoisena kes\u00e4p\u00e4iv\u00e4n\u00e4 kuvattuna.\"},{\"@type\":\"BreadcrumbList\",\"@id\":\"https:\/\/suomenlinnatours.com\/en\/sweets-and-treats\/ice-cream-kiosk\/#breadcrumb\",\"itemListElement\":[{\"@type\":\"ListItem\",\"position\":1,\"name\":\"Etusivu\",\"item\":\"https:\/\/suomenlinnatours.com\/en\/\"},{\"@type\":\"ListItem\",\"position\":2,\"name\":\"Sweets and Treats\",\"item\":\"https:\/\/suomenlinnatours.com\/en\/sweets-and-treats\/\"},{\"@type\":\"ListItem\",\"position\":3,\"name\":\"Ice Cream Kiosk\"}]},{\"@type\":\"WebSite\",\"@id\":\"https:\/\/suomenlinnatours.com\/en\/#website\",\"url\":\"https:\/\/suomenlinnatours.com\/en\/\",\"name\":\"Suomenlinna Tours\",\"description\":\"\",\"potentialAction\":[{\"@type\":\"SearchAction\",\"target\":{\"@type\":\"EntryPoint\",\"urlTemplate\":\"https:\/\/suomenlinnatours.com\/en\/?s={search_term_string}\"},\"query-input\":\"required name=search_term_string\"}],\"inLanguage\":\"en-US\"}]}<\/script>\n<!-- \/ Yoast SEO plugin. -->","yoast_head_json":{"title":"Ice Cream Kiosk - Suomenlinna Tours","description":"The Artillery Bay ice cream kiosk in Suomenlinna has been serving people since 1960. From here you can get the best ice creams in the summer","robots":{"index":"index","follow":"follow","max-snippet":"max-snippet:-1","max-image-preview":"max-image-preview:large","max-video-preview":"max-video-preview:-1"},"canonical":"https:\/\/suomenlinnatours.com\/en\/sweets-and-treats\/ice-cream-kiosk\/","og_locale":"en_US","og_type":"article","og_title":"Artillery Bay ice cream kiosk in Suomenlinna","og_description":"The Artillery Bay ice cream kiosk in Suomenlinna has been serving people since 1960. From here you can get the best ice creams in the summer","og_url":"https:\/\/suomenlinnatours.com\/en\/sweets-and-treats\/ice-cream-kiosk\/","og_site_name":"Suomenlinna Tours","article_publisher":"https:\/\/www.facebook.com\/ehrensvardseura","article_modified_time":"2026-02-12T13:16:19+00:00","og_image":[{"width":1421,"height":1421,"url":"https:\/\/suomenlinnatours.com\/wp-content\/uploads\/2024\/02\/kioski.jpg","type":"image\/jpeg"}],"twitter_card":"summary_large_image","twitter_misc":{"Est. reading time":"2 minutes"},"schema":{"@context":"https:\/\/schema.org","@graph":[{"@type":"WebPage","@id":"https:\/\/suomenlinnatours.com\/en\/sweets-and-treats\/ice-cream-kiosk\/","url":"https:\/\/suomenlinnatours.com\/en\/sweets-and-treats\/ice-cream-kiosk\/","name":"Ice Cream Kiosk - Suomenlinna Tours","isPartOf":{"@id":"https:\/\/suomenlinnatours.com\/en\/#website"},"primaryImageOfPage":{"@id":"https:\/\/suomenlinnatours.com\/en\/sweets-and-treats\/ice-cream-kiosk\/#primaryimage"},"image":{"@id":"https:\/\/suomenlinnatours.com\/en\/sweets-and-treats\/ice-cream-kiosk\/#primaryimage"},"thumbnailUrl":"https:\/\/suomenlinnatours.com\/wp-content\/uploads\/2024\/02\/kioski.jpg","datePublished":"2024-02-08T06:55:17+00:00","dateModified":"2026-02-12T13:16:19+00:00","description":"The Artillery Bay ice cream kiosk in Suomenlinna has been serving people since 1960. From here you can get the best ice creams in the summer","breadcrumb":{"@id":"https:\/\/suomenlinnatours.com\/en\/sweets-and-treats\/ice-cream-kiosk\/#breadcrumb"},"inLanguage":"en-US","potentialAction":[{"@type":"ReadAction","target":["https:\/\/suomenlinnatours.com\/en\/sweets-and-treats\/ice-cream-kiosk\/"]}]},{"@type":"ImageObject","inLanguage":"en-US","@id":"https:\/\/suomenlinnatours.com\/en\/sweets-and-treats\/ice-cream-kiosk\/#primaryimage","url":"https:\/\/suomenlinnatours.com\/wp-content\/uploads\/2024\/02\/kioski.jpg","contentUrl":"https:\/\/suomenlinnatours.com\/wp-content\/uploads\/2024\/02\/kioski.jpg","width":1421,"height":1421,"caption":"Tykist\u00f6lahden kioski aurinkoisena kes\u00e4p\u00e4iv\u00e4n\u00e4 kuvattuna."},{"@type":"BreadcrumbList","@id":"https:\/\/suomenlinnatours.com\/en\/sweets-and-treats\/ice-cream-kiosk\/#breadcrumb","itemListElement":[{"@type":"ListItem","position":1,"name":"Etusivu","item":"https:\/\/suomenlinnatours.com\/en\/"},{"@type":"ListItem","position":2,"name":"Sweets and Treats","item":"https:\/\/suomenlinnatours.com\/en\/sweets-and-treats\/"},{"@type":"ListItem","position":3,"name":"Ice Cream Kiosk"}]},{"@type":"WebSite","@id":"https:\/\/suomenlinnatours.com\/en\/#website","url":"https:\/\/suomenlinnatours.com\/en\/","name":"Suomenlinna Tours","description":"","potentialAction":[{"@type":"SearchAction","target":{"@type":"EntryPoint","urlTemplate":"https:\/\/suomenlinnatours.com\/en\/?s={search_term_string}"},"query-input":"required name=search_term_string"}],"inLanguage":"en-US"}]}},"_links":{"self":[{"href":"https:\/\/suomenlinnatours.com\/en\/wp-json\/wp\/v2\/pages\/2188"}],"collection":[{"href":"https:\/\/suomenlinnatours.com\/en\/wp-json\/wp\/v2\/pages"}],"about":[{"href":"https:\/\/suomenlinnatours.com\/en\/wp-json\/wp\/v2\/types\/page"}],"author":[{"embeddable":true,"href":"https:\/\/suomenlinnatours.com\/en\/wp-json\/wp\/v2\/users\/1"}],"replies":[{"embeddable":true,"href":"https:\/\/suomenlinnatours.com\/en\/wp-json\/wp\/v2\/comments?post=2188"}],"version-history":[{"count":5,"href":"https:\/\/suomenlinnatours.com\/en\/wp-json\/wp\/v2\/pages\/2188\/revisions"}],"predecessor-version":[{"id":4026,"href":"https:\/\/suomenlinnatours.com\/en\/wp-json\/wp\/v2\/pages\/2188\/revisions\/4026"}],"up":[{"embeddable":true,"href":"https:\/\/suomenlinnatours.com\/en\/wp-json\/wp\/v2\/pages\/2220"}],"wp:featuredmedia":[{"embeddable":true,"href":"https:\/\/suomenlinnatours.com\/en\/wp-json\/wp\/v2\/media\/1448"}],"wp:attachment":[{"href":"https:\/\/suomenlinnatours.com\/en\/wp-json\/wp\/v2\/media?parent=2188"}],"curies":[{"name":"wp","href":"https:\/\/api.w.org\/{rel}","templated":true}]}}